{"id":1188,"date":"2019-06-18T09:37:54","date_gmt":"2019-07-04T09:35:29","guid":{"rendered":"http:\/\/www.cleanflowfilter.nl\/?post_type=product&#038;p=1188"},"modified":"2019-10-31T13:49:01","modified_gmt":"2019-10-31T12:49:01","slug":"duplex-filtereinheit-kerzenfilter-beutelfilter-unit","status":"publish","type":"product","link":"https:\/\/www.cleanflowfilter.nl\/de\/duplex-filter-unit-de\/duplex-filtereinheit-kerzenfilter-beutelfilter-unit\/","title":{"rendered":"Duplex filtereinheit: kerzenfilter\/beutelfilter unit"},"content":{"rendered":"<h3>Der Duplex Filtereinheit hat sich als eine einfache, zuverl\u00e4ssige und wirksame 4-in-1-Filtrationseinheit bewiesen.<\/h3>\n<p>Das vielseitige CleanFlow Duplex Filtereinheit kann individuell oder kombiniert in Fl\u00fcssigkeitsbehandlungspakete sowie \u00f6l Wasser, Bohrloch Reinigungswasser, Injektionswasser, Abwasser und viele andere Prozessfl\u00fcssigkeiten Filteranwendungen eingesetzt werden. Duplex Filtereinheit sind speziell entwickelt f\u00fcr Oilfield Fl\u00fcssigkeiten Jobs.<\/p>\n<p>Der Duplex Filtereinheiten hat eine robuste Off-Shore Best\u00e4ndigen Rahmen mit Hebeeinrichtungen, Arbeitsb\u00fchne, Einbau Leiter und Schutzgel\u00e4nder. Sicher und einfachen Zugang zu den Filterbeh\u00e4lter erm\u00f6glichen eine schnelle Beutel\/Kerzen Wechsel.<\/p>\n<p><strong>4 in Ein filtrations Unit:<\/strong><br \/>\nDas Combi Kerzen\/Beutel Filter ist das vielseitigste Filtereinheit auf dem heutigen Markt.<\/p>\n<p>1. Kerzen Filtrier Modus<br \/>\n2. Beutel Filtrier Modus<br \/>\n3. Gef\u00e4\u00dfen in  seriell oder parallel Modus geschaltet  f\u00fcr vor-Filtration\/Polier Filter Modus, Bereit\/Betrieb Modus oder  parallel high flow modus.<br \/>\n4. Kombinations-Modus mit beiden Beutel- und Kerzenfilter zur gleichen Zeit. (Serien Vorfilter\/Polier Filtermodus)<\/p>\n<p>Die Kombination Beutel\/Kerzen Unit ist so modifiziert, das es Filterbeutel Adapterplatten Behalten kann. Die Adapterplatten erm\u00f6glichen, die Gef\u00e4\u00dfe zwischen Beutelfilter und Kerzenfilter Gebrauch zu wechseln. Die Adapterplatten und Beutelfilterk\u00f6rbe k\u00f6nnen einfach in der Einheit mit dem Einbau Lagerregal und Schrank gelagert werden, dies verhindert  das diese Komponenten verloren gehen. In\/Ausgangsverteiler, Ventile und Manometer machen es zu einem \u201ePlug and Play\u201c betriebsbereiten Ger\u00e4t.<\/p>\n<p><strong>Anwendungen:<\/strong><\/p>\n<p>&#8211; Komplettierungsfl\u00fcssigkeiten<br \/>\n&#8211; Wasser Injektion<br \/>\n&#8211; Produktionswasser<br \/>\n&#8211; Meerwasser Aufnahme<br \/>\n&#8211; \u00d6l Wasser Reinigung  und Behandlung<br \/>\n&#8211; Diesel Kraftstoff<br \/>\n&#8211; Vor-Filtration RO<br \/>\n&#8211; Abwasser<\/p>\n<p><strong>Standard filter unit Ausf\u00fchrungen:<\/strong><\/p>\n<p>&#8211; Kerzen Filter unit<br \/>\n&#8211; Beutel Filter unit<br \/>\n&#8211; Kombiniert Kerzen\/Beutel unit<br \/>\n&#8211; Seriell oder parallel flow Gef\u00e4\u00dfen<\/p>\n<p><strong>Optioneller Auf\u00fchrungen:<\/strong><\/p>\n<p>&#8211; Einzel, Doppelt oder Mehr Gef\u00e4\u00dfen<br \/>\n&#8211; Unterschiedlichen Gef\u00e4\u00df Gr\u00f6\u00dfen<br \/>\n&#8211; Verschiedene Verteiler Gr\u00f6\u00dfen und ein\/ausgangs- Anschl\u00fcsse<br \/>\n&#8211; Weitere Ausf\u00fchrungen und Optionen auf Anfrage<\/p>\n<p><strong>System Entwurf-Merkmale:<\/strong><\/p>\n<p>&#8211; Standard Seriell \/ Parallel-Konfiguration<br \/>\n&#8211; Standard 50\u00d740\u2033 Filterkerzen und\/oder 4 Beutel pro Gef\u00e4\u00df<br \/>\n&#8211; Kompaktes, Raum sparendes Design<br \/>\n&#8211; Innovative Schubhebel und Klapp Beh\u00e4lterdeckel sind einfach zu bedienen<br \/>\n&#8211; Klapp-Schrauben und Muttern f\u00fcr schnelles \u00d6ffnen<br \/>\n&#8211; Selbst abdichtender, Bediener freundlichen Deckel,<br \/>\n&#8211; Leicht zu bedienen 4-Zoll-Hauptverteiler Ventile<br \/>\n&#8211; Zertifizierte Hebeschlingen, Hebevorrichtungen und Staplertaschen<br \/>\n&#8211; \u00dcberdruckventil bei 7 bar eingestellt (105 Psi)<br \/>\n&#8211; Robustes Off-Shore-Rahmen nach DNV 2.7.1<\/p>\n","protected":false},"excerpt":{"rendered":"<h3>Der Duplex Filtereinheit hat sich als eine einfache, zuverl\u00e4ssige und wirksame 4-in-1-Filtrationseinheit bewiesen.<\/h3>\n<p>Das vielseitige CleanFlow Duplex Filtereinheit kann individuell oder kombiniert in Fl\u00fcssigkeitsbehandlungspakete sowie \u00f6l Wasser, Bohrloch Reinigungswasser, Injektionswasser, Abwasser und viele andere Prozessfl\u00fcssigkeiten Filteranwendungen eingesetzt werden. Duplex Filtereinheit sind speziell entwickelt f\u00fcr Oilfield Fl\u00fcssigkeiten Jobs.<\/p>\n<p>Der Duplex Filtereinheiten hat eine robuste Off-Shore Best\u00e4ndigen Rahmen mit Hebeeinrichtungen, Arbeitsb\u00fchne, Einbau Leiter und Schutzgel\u00e4nder. Sicher und einfachen Zugang zu den Filterbeh\u00e4lter erm\u00f6glichen eine schnelle Beutel\/Kerzen Wechsel.<\/p>\n<span class=\"collapseomatic \" id=\"id69fa21db47333\"  tabindex=\"0\" title=\"lesen Sie mehr\"    >lesen Sie mehr<\/span><div id=\"target-id69fa21db47333\" class=\"collapseomatic_content \"><\/p>\n<p><strong>4 in Ein filtrations Unit:<\/strong><br \/>\nDas Combi Kerzen\/Beutel Filter ist das vielseitigste Filtereinheit auf dem heutigen Markt.<\/p>\n<p>1. Kerzen Filtrier Modus<br \/>\n2. Beutel Filtrier Modus<br \/>\n3. Gef\u00e4\u00dfen in  seriell oder parallel Modus geschaltet  f\u00fcr vor-Filtration\/Polier Filter Modus, Bereit\/Betrieb Modus oder  parallel high flow modus.<br \/>\n4. Kombinations-Modus mit beiden Beutel- und Kerzenfilter zur gleichen Zeit. (Serien Vorfilter\/Polier Filtermodus)<\/p>\n<p>Die Kombination Beutel\/Kerzen Unit ist so modifiziert, das es Filterbeutel Adapterplatten Behalten kann. Die Adapterplatten erm\u00f6glichen, die Gef\u00e4\u00dfe zwischen Beutelfilter und Kerzenfilter Gebrauch zu wechseln. Die Adapterplatten und Beutelfilterk\u00f6rbe k\u00f6nnen einfach in der Einheit mit dem Einbau Lagerregal und Schrank gelagert werden, dies verhindert  das diese Komponenten verloren gehen. In\/Ausgangsverteiler, Ventile und Manometer machen es zu einem \u201ePlug and Play\u201c betriebsbereiten Ger\u00e4t.<\/p>\n<p><strong>Anwendungen:<\/strong><\/p>\n<p>&#8211; Komplettierungsfl\u00fcssigkeiten<br \/>\n&#8211; Wasser Injektion<br \/>\n&#8211; Produktionswasser<br \/>\n&#8211; Meerwasser Aufnahme<br \/>\n&#8211; \u00d6l Wasser Reinigung  und Behandlung<br \/>\n&#8211; Diesel Kraftstoff<br \/>\n&#8211; Vor-Filtration RO<br \/>\n&#8211; Abwasser<\/p>\n<p><strong>Standard filter unit Ausf\u00fchrungen:<\/strong><\/p>\n<p>&#8211; Kerzen Filter unit<br \/>\n&#8211; Beutel Filter unit<br \/>\n&#8211; Kombiniert Kerzen\/Beutel unit<br \/>\n&#8211; Seriell oder parallel flow Gef\u00e4\u00dfen<\/p>\n<p><strong>Optioneller Auf\u00fchrungen:<\/strong><\/p>\n<p>&#8211; Einzel, Doppelt oder Mehr Gef\u00e4\u00dfen<br \/>\n&#8211; Unterschiedlichen Gef\u00e4\u00df Gr\u00f6\u00dfen<br \/>\n&#8211; Verschiedene Verteiler Gr\u00f6\u00dfen und ein\/ausgangs- Anschl\u00fcsse<br \/>\n&#8211; Weitere Ausf\u00fchrungen und Optionen auf Anfrage<\/p>\n<p><strong>System Entwurf-Merkmale:<\/strong><\/p>\n<p>&#8211; Standard Seriell \/ Parallel-Konfiguration<br \/>\n&#8211; Standard 50\u00d740\u2033 Filterkerzen und\/oder 4 Beutel pro Gef\u00e4\u00df<br \/>\n&#8211; Kompaktes, Raum sparendes Design<br \/>\n&#8211; Innovative Schubhebel und Klapp Beh\u00e4lterdeckel sind einfach zu bedienen<br \/>\n&#8211; Klapp-Schrauben und Muttern f\u00fcr schnelles \u00d6ffnen<br \/>\n&#8211; Selbst abdichtender, Bediener freundlichen Deckel,<br \/>\n&#8211; Leicht zu bedienen 4-Zoll-Hauptverteiler Ventile<br \/>\n&#8211; Zertifizierte Hebeschlingen, Hebevorrichtungen und Staplertaschen<br \/>\n&#8211; \u00dcberdruckventil bei 7 bar eingestellt (105 Psi)<br \/>\n&#8211; Robustes Off-Shore-Rahmen nach DNV 2.7.1<\/p>\n<p><\/div>\n<p><a href=\"\/angebot\/\" target=\"_self\"><button type=\"button\">Angebot anfordern <\/button><\/a><\/p>\n","protected":false},"featured_media":3414,"comment_status":"closed","ping_status":"closed","template":"","meta":{"_glsr_average":0,"_glsr_ranking":0,"_glsr_reviews":0,"wds_primary_product_cat":0},"product_cat":[93],"product_tag":[],"_links":{"self":[{"href":"https:\/\/www.cleanflowfilter.nl\/de\/wp-json\/wp\/v2\/product\/1188"}],"collection":[{"href":"https:\/\/www.cleanflowfilter.nl\/de\/wp-json\/wp\/v2\/product"}],"about":[{"href":"https:\/\/www.cleanflowfilter.nl\/de\/wp-json\/wp\/v2\/types\/product"}],"replies":[{"embeddable":true,"href":"https:\/\/www.cleanflowfilter.nl\/de\/wp-json\/wp\/v2\/comments?post=1188"}],"wp:featuredmedia":[{"embeddable":true,"href":"https:\/\/www.cleanflowfilter.nl\/de\/wp-json\/wp\/v2\/media\/3414"}],"wp:attachment":[{"href":"https:\/\/www.cleanflowfilter.nl\/de\/wp-json\/wp\/v2\/media?parent=1188"}],"wp:term":[{"taxonomy":"product_cat","embeddable":true,"href":"https:\/\/www.cleanflowfilter.nl\/de\/wp-json\/wp\/v2\/product_cat?post=1188"},{"taxonomy":"product_tag","embeddable":true,"href":"https:\/\/www.cleanflowfilter.nl\/de\/wp-json\/wp\/v2\/product_tag?post=1188"}],"curies":[{"name":"wp","href":"https:\/\/api.w.org\/{rel}","templated":true}]}}