{"id":1189,"date":"2019-06-18T09:18:04","date_gmt":"2019-07-04T09:48:26","guid":{"rendered":"http:\/\/www.cleanflowfilter.nl\/?post_type=product&#038;p=1189"},"modified":"2022-01-13T13:53:22","modified_gmt":"2022-01-13T12:53:22","slug":"halb-automatik-spiro-clean","status":"publish","type":"product","link":"https:\/\/www.cleanflowfilter.nl\/de\/automatische-filters-de-2\/halb-automatik-spiro-clean\/","title":{"rendered":"Halb automatik spiro clean"},"content":{"rendered":"<h3>Halbautomatisch spiro clean filter<\/h3>\n<p>Die halbautomatische Spiro Clean Filter ist ein g\u00fcnstige Filterl\u00f6sung. Dieser Filter ist sehr vielseitig und eignet sich f\u00fcr eine sehr breite Palette von Wasserfilter Bed\u00fcrfnisse. Die Selbstreinigungsfunktion ist sehr einfach durchzuf\u00fchren und die Reinigung findet statt ohne Unterbrechung des Filtervorgangs. Sie k\u00f6nnen diesen Filter in-line installieren. Der Filter hat eine Geweben Drahtsieb mit einer gro\u00dfen Filterfl\u00e4che, die in verschiedenen Filterfeinheiten erh\u00e4ltlich ist. Der maximale Druck betr\u00e4gt 10 bar und der maximale Temperatur h\u00f6chstens 60\u00b0C.<\/p>\n<p><strong>Vorteile:<\/strong><br \/>\n&#8211; Gro\u00dfe Filterfl\u00e4che<br \/>\n&#8211; 100% effektive Reinigung der Filterfl\u00e4che<br \/>\n&#8211; Leicht zu reinigen durch manuelle Bet\u00e4tigung des Selbstreinigungsmechanismus<br \/>\n&#8211; Reinigung ohne \u00d6ffnen des Filters<br \/>\n&#8211; Kontinuierliche Filtration w\u00e4hrend Reinigungszyklus<br \/>\n&#8211; Wartungsarm und ohne Werkzeug.<br \/>\n&#8211; Keine beweglichen Teile, die Verschlei\u00dfen k\u00f6nnen<br \/>\n&#8211; Einfacher Aufbau mit einem Minimum von Teilen<br \/>\n&#8211; Aus hochwertigem glasfaserverst\u00e4rktem Industriell Kunststoff<br \/>\n&#8211; Wasser ersparend und kein Energieverbrauch.<\/p>\n<p>Dieser Filter kann w\u00e4hrend der Filtration, ohne Unterbrechung und ohne \u00d6ffnen der Filter gereinigt werden. Der gesamte Reinigungszyklus dauert nicht mehr als 10 Sekunden und verbraucht ein Minimum an Wasser. Dieser Filter ist mit einem Verschmutzungsanzeige ausgestattet, die deutlich Anzeigt wann Reinigung notwendig ist.<\/p>\n<p><strong>Ausf\u00fchrungen:<\/strong><br \/>\nIn-line<\/p>\n<p>2 Inch, 2 Inch Super, 3 Inch Kompakt en 3 Inch. Mit flow raten bis zu 50 m\u00b3\/hr<\/p>\n","protected":false},"excerpt":{"rendered":"<h3>Halfautomatisch spiro clean filter<\/h3>\n<p>Die halbautomatische Spiro Clean Filter ist ein g\u00fcnstige Filterl\u00f6sung. Dieser Filter ist sehr vielseitig und eignet sich f\u00fcr eine sehr breite Palette von Wasserfilter Bed\u00fcrfnisse. Die Selbstreinigungsfunktion ist sehr einfach durchzuf\u00fchren und die Reinigung findet statt ohne Unterbrechung des Filtervorgangs. Sie k\u00f6nnen diesen Filter in-line installieren. Der Filter hat eine Geweben Drahtsieb mit einer gro\u00dfen Filterfl\u00e4che, die in verschiedenen Filterfeinheiten erh\u00e4ltlich ist. Der maximale Druck betr\u00e4gt 10 bar und der maximale Temperatur h\u00f6chstens 60\u00b0C.<\/p>\n<span class=\"collapseomatic \" id=\"id69f38199cc1f1\"  tabindex=\"0\" title=\"lesen Sie mehr\"    >lesen Sie mehr<\/span><div id=\"target-id69f38199cc1f1\" class=\"collapseomatic_content \"><\/p>\n<p><strong>Vorteile:<\/strong><br \/>\n&#8211; Gro\u00dfe Filterfl\u00e4che<br \/>\n&#8211; 100% effektive Reinigung der Filterfl\u00e4che<br \/>\n&#8211; Leicht zu reinigen durch manuelle Bet\u00e4tigung des Selbstreinigungsmechanismus<br \/>\n&#8211; Reinigung ohne \u00d6ffnen des Filters<br \/>\n&#8211; Kontinuierliche Filtration w\u00e4hrend Reinigungszyklus<br \/>\n&#8211; Wartungsarm und ohne Werkzeug.<br \/>\n&#8211; Keine beweglichen Teile, die Verschlei\u00dfen k\u00f6nnen<br \/>\n&#8211; Einfacher Aufbau mit einem Minimum von Teilen<br \/>\n&#8211; Aus hochwertigem glasfaserverst\u00e4rktem Industriell Kunststoff<br \/>\n&#8211; Wasser ersparend und kein Energieverbrauch.<\/p>\n<p>Dieser Filter kann w\u00e4hrend der Filtration, ohne Unterbrechung und ohne \u00d6ffnen der Filter gereinigt werden. Der gesamte Reinigungszyklus dauert nicht mehr als 10 Sekunden und verbraucht ein Minimum an Wasser. Dieser Filter ist mit einem Verschmutzungsanzeige ausgestattet, die deutlich Anzeigt wann Reinigung notwendig ist.<\/p>\n<p><strong>Ausf\u00fchrungen:<\/strong><br \/>\nIn-line<\/p>\n<p>2 Inch, 2 Inch Super, 3 Inch Kompakt en 3 Inch. Mit flow raten bis zu 50 m\u00b3\/hr<\/p>\n<p><\/div>\n<p><a href=\"\/angebot\/\" target=\"_self\" rel=\"noopener\"><button type=\"button\">Angebot anfordern <\/button><\/a><\/p>\n","protected":false},"featured_media":453,"comment_status":"closed","ping_status":"closed","template":"","meta":{"_glsr_average":0,"_glsr_ranking":0,"_glsr_reviews":0,"wds_primary_product_cat":0},"product_cat":[91],"product_tag":[],"_links":{"self":[{"href":"https:\/\/www.cleanflowfilter.nl\/de\/wp-json\/wp\/v2\/product\/1189"}],"collection":[{"href":"https:\/\/www.cleanflowfilter.nl\/de\/wp-json\/wp\/v2\/product"}],"about":[{"href":"https:\/\/www.cleanflowfilter.nl\/de\/wp-json\/wp\/v2\/types\/product"}],"replies":[{"embeddable":true,"href":"https:\/\/www.cleanflowfilter.nl\/de\/wp-json\/wp\/v2\/comments?post=1189"}],"wp:featuredmedia":[{"embeddable":true,"href":"https:\/\/www.cleanflowfilter.nl\/de\/wp-json\/wp\/v2\/media\/453"}],"wp:attachment":[{"href":"https:\/\/www.cleanflowfilter.nl\/de\/wp-json\/wp\/v2\/media?parent=1189"}],"wp:term":[{"taxonomy":"product_cat","embeddable":true,"href":"https:\/\/www.cleanflowfilter.nl\/de\/wp-json\/wp\/v2\/product_cat?post=1189"},{"taxonomy":"product_tag","embeddable":true,"href":"https:\/\/www.cleanflowfilter.nl\/de\/wp-json\/wp\/v2\/product_tag?post=1189"}],"curies":[{"name":"wp","href":"https:\/\/api.w.org\/{rel}","templated":true}]}}