{"id":1191,"date":"2019-06-18T09:04:25","date_gmt":"2019-07-05T14:50:23","guid":{"rendered":"http:\/\/www.cleanflowfilter.nl\/?post_type=product&#038;p=1191"},"modified":"2019-10-31T13:49:57","modified_gmt":"2019-10-31T12:49:57","slug":"automatik-stahl-sieb-filter","status":"publish","type":"product","link":"https:\/\/www.cleanflowfilter.nl\/de\/automatische-filters-de-2\/automatik-stahl-sieb-filter\/","title":{"rendered":"Automatik stahl sieb filter"},"content":{"rendered":"<h3>Automatik stahl sieb filter<\/h3>\n<p>Ein Stahl-Sieb-Filter ist ein Filter wobei ein starre Sieb verwendet wird um Sand und anderen feinen Verschmutzung aus Wasser bestimmt f\u00fcr Bew\u00e4sserung oder industriellen Anwendungen zu filtern. Selbstreinigende Stahl-Sieb-Filter verf\u00fcgen \u00fcber eine automatische R\u00fccksp\u00fcl Reinigungszyklus und eine Spiral bewegende Reinigungsmechanismus ausgestattet mit unterdruck Saugd\u00fcsen. Selbstreinigende Stahl-Sieb-Filter ersetzen unter anderem traditionelle Sand und Multimedia-Filtern die sehr viel mehr Wasser und Energie verbrauchen. Dieser Filtertyp ist sehr beliebt f\u00fcr Rezirkulationsanlagen mit hohen Durchflussraten weil es Partikel Schnell und effizient entfernt. Es ist auch sehr Geeignet f\u00fcr geschlossenen Wasserkreisl\u00e4ufen, wie K\u00fchlt\u00fcrme, W\u00e4rmetauscher und Prozess Apparaten.<\/p>\n<p><strong>Vorteile:<\/strong><br \/>\n&#8211; Keine Filterverbrauchsmaterialien<br \/>\n&#8211; Energiesparend<br \/>\n&#8211; Geringer Wasserverbrauch<br \/>\n&#8211; Vielseitig<br \/>\n&#8211; Hochtemperaturbest\u00e4ndig<br \/>\n&#8211; Gro\u00dfe Filterfl\u00e4che<br \/>\n&#8211; In verschiedenen Ausf\u00fchrungen zur verf\u00fcgung<br \/>\n&#8211; Zeitsparend<br \/>\n&#8211; Einfache Installation<br \/>\n&#8211; Weave Wire Edelstahl Filterelement<\/p>\n<p><strong>Funktionsprinzip:<\/strong><br \/>\nDieses Filter sorgt f\u00fcr st\u00e4ndige Abgabe von gefiltertes Wasser sogar w\u00e4hrend der Reinigungszyklus. Wasser tritt in den Stahl Sieb Ein durch den Einlass und str\u00f6mt von innen nach au\u00dfen. Die Verschmutzung Partikel werden abgefangen und auf der Innenseite des Screens angesammelt. Das saubere gefilterten Wasser Verfolgt jetzt sein Weg nach drau\u00dfen durch den Auslass. Der Reinigungszyklus startet automatisch, wenn die Druckdifferenz den voreingestellten Wert erreicht. Ein R\u00fcckstauventil \u00f6ffnet und Saugkr\u00e4fte werden an den Reinigungsmechanismus D\u00fcsen aufgrund des Venturi-Wirkung kreiert. Die Saugd\u00fcsen machen einen spiralf\u00f6rmigen Bewegung entlang der Innenseite des gesamten Screen fl\u00e4che und entfernen alle Schmutzpartikel. Die Schmutzpartikel verlassen anschlie\u00dfend den Filter durch den Zur\u00fcck sp\u00fcl Auslass. Dieser gesamte Vorgang dauert weniger als 30 Sekunden und verwendet ein Minimum an Wasser.<\/p>\n<p><strong>Ausf\u00fchrungen:<\/strong><br \/>\nCleanflow bietet automatische Siebfilter mit elektrischer oder hydraulischer Operation, geeignet f\u00fcr alle Anwendungen und in mehreren Mikrometer Gr\u00f6\u00dfe.<\/p>\n<p>FLux CF Serie \u2013 Automatische Screen Filter mit Drehbewegungs Saug-Scanner \u2013 bis 7.500m\u00b3\/h und bis zu 10 Mikron<br \/>\nFlux CFPF Series \u2013 Extrem hohe Durchflussleitungsfilter \u2013 bis zu 80 \u201eund 20.000m\u00b3\/h<\/p>\n","protected":false},"excerpt":{"rendered":"<h3>Automatik stahl sieb filter<\/h3>\n<p>Ein Stahl-Sieb-Filter ist ein Filter wobei ein starre Sieb verwendet wird um Sand und anderen feinen Verschmutzung aus Wasser bestimmt f\u00fcr Bew\u00e4sserung oder industriellen Anwendungen zu filtern. Selbstreinigende Stahl-Sieb-Filter verf\u00fcgen \u00fcber eine automatische R\u00fccksp\u00fcl Reinigungszyklus und eine Spiral bewegende Reinigungsmechanismus ausgestattet mit unterdruck Saugd\u00fcsen. Selbstreinigende Stahl-Sieb-Filter ersetzen unter anderem traditionelle Sand und Multimedia-Filtern die sehr viel mehr Wasser und Energie verbrauchen. Dieser Filtertyp ist sehr beliebt f\u00fcr Rezirkulationsanlagen mit hohen Durchflussraten weil es Partikel Schnell und effizient entfernt. Es ist auch sehr Geeignet f\u00fcr geschlossenen Wasserkreisl\u00e4ufen, wie K\u00fchlt\u00fcrme, W\u00e4rmetauscher und Prozess Apparaten.<\/p>\n<span class=\"collapseomatic \" id=\"id69e99bce64ff7\"  tabindex=\"0\" title=\"lesen Sie mehr\"    >lesen Sie mehr<\/span><div id=\"target-id69e99bce64ff7\" class=\"collapseomatic_content \"><\/p>\n<p><strong>Vorteile:<\/strong><br \/>\n&#8211; Keine Filterverbrauchsmaterialien<br \/>\n&#8211; Energiesparend<br \/>\n&#8211; Geringer Wasserverbrauch<br \/>\n&#8211; Vielseitig<br \/>\n&#8211; Hochtemperaturbest\u00e4ndig<br \/>\n&#8211; Gro\u00dfe Filterfl\u00e4che<br \/>\n&#8211; In verschiedenen Ausf\u00fchrungen zur verf\u00fcgung<br \/>\n&#8211; Zeitsparend<br \/>\n&#8211; Einfache Installation<br \/>\n&#8211; Weave Wire Edelstahl Filterelement<\/p>\n<p><strong>Funktionsprinzip:<\/strong><br \/>\nDieses Filter sorgt f\u00fcr st\u00e4ndige Abgabe von gefiltertes Wasser sogar w\u00e4hrend der Reinigungszyklus. Wasser tritt in den Stahl Sieb Ein durch den Einlass und str\u00f6mt von innen nach au\u00dfen. Die Verschmutzung Partikel werden abgefangen und auf der Innenseite des Screens angesammelt. Das saubere gefilterten Wasser Verfolgt jetzt sein Weg nach drau\u00dfen durch den Auslass. Der Reinigungszyklus startet automatisch, wenn die Druckdifferenz den voreingestellten Wert erreicht. Ein R\u00fcckstauventil \u00f6ffnet und Saugkr\u00e4fte werden an den Reinigungsmechanismus D\u00fcsen aufgrund des Venturi-Wirkung kreiert. Die Saugd\u00fcsen machen einen spiralf\u00f6rmigen Bewegung entlang der Innenseite des gesamten Screen fl\u00e4che und entfernen alle Schmutzpartikel. Die Schmutzpartikel verlassen anschlie\u00dfend den Filter durch den Zur\u00fcck sp\u00fcl Auslass. Dieser gesamte Vorgang dauert weniger als 30 Sekunden und verwendet ein Minimum an Wasser.<\/p>\n<p><strong>Ausf\u00fchrungen:<\/strong><br \/>\nCleanflow bietet automatische Siebfilter mit elektrischer oder hydraulischer Operation, geeignet f\u00fcr alle Anwendungen und in mehreren Mikrometer Gr\u00f6\u00dfe.<\/p>\n<p>FLux CF Serie \u2013 Automatische Screen Filter mit Drehbewegungs Saug-Scanner \u2013 bis 7.500m\u00b3\/h und bis zu 10 Mikron<br \/>\nFlux CFPF Series \u2013 Extrem hohe Durchflussleitungsfilter \u2013 bis zu 80 \u201eund 20.000m\u00b3\/h<\/p>\n<p><\/div>\n<p><a href=\"\/angebot\/\" target=\"_self\"><button type=\"button\">Angebot anfordern <\/button><\/a><\/p>\n","protected":false},"featured_media":434,"comment_status":"closed","ping_status":"closed","template":"","meta":{"_glsr_average":0,"_glsr_ranking":0,"_glsr_reviews":0,"wds_primary_product_cat":0},"product_cat":[91],"product_tag":[],"_links":{"self":[{"href":"https:\/\/www.cleanflowfilter.nl\/de\/wp-json\/wp\/v2\/product\/1191"}],"collection":[{"href":"https:\/\/www.cleanflowfilter.nl\/de\/wp-json\/wp\/v2\/product"}],"about":[{"href":"https:\/\/www.cleanflowfilter.nl\/de\/wp-json\/wp\/v2\/types\/product"}],"replies":[{"embeddable":true,"href":"https:\/\/www.cleanflowfilter.nl\/de\/wp-json\/wp\/v2\/comments?post=1191"}],"wp:featuredmedia":[{"embeddable":true,"href":"https:\/\/www.cleanflowfilter.nl\/de\/wp-json\/wp\/v2\/media\/434"}],"wp:attachment":[{"href":"https:\/\/www.cleanflowfilter.nl\/de\/wp-json\/wp\/v2\/media?parent=1191"}],"wp:term":[{"taxonomy":"product_cat","embeddable":true,"href":"https:\/\/www.cleanflowfilter.nl\/de\/wp-json\/wp\/v2\/product_cat?post=1191"},{"taxonomy":"product_tag","embeddable":true,"href":"https:\/\/www.cleanflowfilter.nl\/de\/wp-json\/wp\/v2\/product_tag?post=1191"}],"curies":[{"name":"wp","href":"https:\/\/api.w.org\/{rel}","templated":true}]}}