{"id":1208,"date":"2019-06-17T15:56:47","date_gmt":"2019-08-26T08:06:43","guid":{"rendered":"http:\/\/www.cleanflowfilter.nl\/?post_type=product&#038;p=1208"},"modified":"2019-10-31T13:53:01","modified_gmt":"2019-10-31T12:53:01","slug":"edelstahl-filterkerzen","status":"publish","type":"product","link":"https:\/\/www.cleanflowfilter.nl\/de\/kerzenfilter-de\/spezialisierte-filterkerzen\/edelstahl-filterkerzen\/","title":{"rendered":"Edelstahl filterkerzen"},"content":{"rendered":"<h3>Metal Flow-Serie, komplett Edelstahlfilter f\u00fcr hohe Temperaturen, hohen Druck und aggressive Fl\u00fcssigkeitsanwendungen. Filterkerzen k\u00f6nnen in vielen Prozessen regeneriert werden.<\/h3>\n<p>&#8211; Erh\u00e4ltlich in 304 oder 316 gesinterten Edelstahlfaser- oder Maschenfiltermedien<br \/>\n&#8211; Filterkerzen sind in verschiedenen Anwendungen leicht zu reinigen<br \/>\n&#8211; Gro\u00dfe gefaltete Konfiguration f\u00fcr besonders lange Standzeiten<br \/>\n&#8211; Robuste vollverschwei\u00dfte Konstruktion<br \/>\n&#8211; Doppelter O-Ring f\u00fcr verbesserte Abdichtungssicherheit<br \/>\n&#8211; Mikron: 1 um bis 100 um<br \/>\n&#8211; Filterkerzenl\u00e4nge: 10 \u201e- 40\u201c<\/p>\n<p>SSD &#8211; Tiefenfiltermedium bestehend aus gesinterten Edelstahlfasern<br \/>\nSSP \u2013 Gefaltetes Netzfiltermedium<\/p>\n","protected":false},"excerpt":{"rendered":"<h3>Metal Flow-Serie, komplett Edelstahlfilter f\u00fcr hohe Temperaturen, hohen Druck und aggressive Fl\u00fcssigkeitsanwendungen. Filterkerzen k\u00f6nnen in vielen Prozessen regeneriert werden.<\/h3>\n<p>&#8211; Erh\u00e4ltlich in 304 oder 316 gesinterten Edelstahlfaser- oder Maschenfiltermedien<br \/>\n&#8211; Filterkerzen sind in verschiedenen Anwendungen leicht zu reinigen<br \/>\n&#8211; Gro\u00dfe gefaltete Konfiguration f\u00fcr besonders lange Standzeiten<br \/>\n&#8211; Robuste vollverschwei\u00dfte Konstruktion<br \/>\n&#8211; Doppelter O-Ring f\u00fcr verbesserte Abdichtungssicherheit<br \/>\n&#8211; Mikron: 1 um bis 100 um<br \/>\n&#8211; Filterkerzenl\u00e4nge: 10 \u201e- 40\u201c<\/p>\n<span class=\"collapseomatic \" id=\"id69e3a5cdf18d0\"  tabindex=\"0\" title=\"lesen Sie mehr\"    >lesen Sie mehr<\/span><div id=\"target-id69e3a5cdf18d0\" class=\"collapseomatic_content \"><\/p>\n<p>SSD &#8211; Tiefenfiltermedium bestehend aus gesinterten Edelstahlfasern<br \/>\nSSP \u2013 Gefaltetes Netzfiltermedium<\/p>\n<p><\/div>\n<p><a href=\"\/angebot\/\" target=\"_self\"><button type=\"button\">Angebot anfordern <\/button><\/a><\/p>\n","protected":false},"featured_media":388,"comment_status":"closed","ping_status":"closed","template":"","meta":{"_glsr_average":0,"_glsr_ranking":0,"_glsr_reviews":0,"wds_primary_product_cat":0},"product_cat":[146],"product_tag":[],"_links":{"self":[{"href":"https:\/\/www.cleanflowfilter.nl\/de\/wp-json\/wp\/v2\/product\/1208"}],"collection":[{"href":"https:\/\/www.cleanflowfilter.nl\/de\/wp-json\/wp\/v2\/product"}],"about":[{"href":"https:\/\/www.cleanflowfilter.nl\/de\/wp-json\/wp\/v2\/types\/product"}],"replies":[{"embeddable":true,"href":"https:\/\/www.cleanflowfilter.nl\/de\/wp-json\/wp\/v2\/comments?post=1208"}],"wp:featuredmedia":[{"embeddable":true,"href":"https:\/\/www.cleanflowfilter.nl\/de\/wp-json\/wp\/v2\/media\/388"}],"wp:attachment":[{"href":"https:\/\/www.cleanflowfilter.nl\/de\/wp-json\/wp\/v2\/media?parent=1208"}],"wp:term":[{"taxonomy":"product_cat","embeddable":true,"href":"https:\/\/www.cleanflowfilter.nl\/de\/wp-json\/wp\/v2\/product_cat?post=1208"},{"taxonomy":"product_tag","embeddable":true,"href":"https:\/\/www.cleanflowfilter.nl\/de\/wp-json\/wp\/v2\/product_tag?post=1208"}],"curies":[{"name":"wp","href":"https:\/\/api.w.org\/{rel}","templated":true}]}}