{"id":1213,"date":"2019-06-17T14:05:42","date_gmt":"2019-08-26T08:45:06","guid":{"rendered":"http:\/\/www.cleanflowfilter.nl\/?post_type=product&#038;p=1213"},"modified":"2019-10-31T13:54:28","modified_gmt":"2019-10-31T12:54:28","slug":"grossartige-plissierte-microglas-filterkerzen","status":"publish","type":"product","link":"https:\/\/www.cleanflowfilter.nl\/de\/kerzenfilter-de\/filterkerzen-mit-plissierter-oberflache\/grossartige-plissierte-microglas-filterkerzen\/","title":{"rendered":"Grossartige plissierte microglas filterkerzen"},"content":{"rendered":"<h3>Microfaser Glasfiltermedien bietet einzigartige filtrationseigenschaften.<\/h3>\n<p>Die au\u00dfergew\u00f6hnliche kleine Durchmesser der Fasern geben Mikrofaserglas Medien \u00fcberlegene Effizienz, Schmutzaufnahme und Durchflussleistung im Vergleich zu Cellulose und Melt Blown Filtermedien. Das Microfaser Glasfiltermedium bietet eine unerreichte Wert aufgrund ihrer Erstklassige Leistung.<\/p>\n<p>Filtrationsleistung wird au\u00dferdem durch die Verwendung von einem Erstklassige art des Mehrschicht Plissier Technik verbessert. Die mehrere Schichten dienen als eine integrale Vorfilter und f\u00fcr den Schutz des Glasmedien. Damit erreicht man maximale Schmutzaufnahme und erh\u00f6hte Haltbarkeit, und somit wird das leben des Filter verl\u00e4ngert.<\/p>\n<p>Die Filter werden nach strengsten Produktionsstandards mit der neuesten automatisierten Fertigungsanlagen und die h\u00f6chste Qualit\u00e4t der Materialien hergestellt. Der Filterkerze wird Mit thermischen Schwei\u00dftechnik, wird der Filterkerze aus einen St\u00fcck montiert, f\u00fcr maximale Integrit\u00e4t und St\u00e4rke.<\/p>\n<p>Durch Umfangreiches Wissen von Filterproduktion und durch Ben\u00fctzung von modernste Fertigungsanlagen, resultiert dies in erstklassige Qualit\u00e4t, aber immer noch g\u00fcnstige plissierten Mikroglasfaserfilterkerze.<\/p>\n<p><strong>Einzigartige Merkmale der \u00fcberlegenen Mikroglas Plissierter Filterkerze:<\/strong><br \/>\n&#8211; Absolute bewertete Mikron und Submikron-Effizienz<br \/>\n&#8211; Integral Vorfilter und Schutzschichten<br \/>\n&#8211; Geringer Druckverlust mit hoher Durchflussleistung.<br \/>\n&#8211; Hohe Schmutzaufnahmekapazit\u00e4t durch gro\u00dfe Hohlraumvolumen<br \/>\n&#8211; Gro\u00dfe Filterfl\u00e4che und eine lange Lebensdauer<br \/>\n&#8211; Starken, aus einem St\u00fcck Thermoschwei\u00dfkonstruktion, frei von Schmelzklebstoffen, Klebstoffen oder anderen Verbundmaterialien.<br \/>\n&#8211; Hochwertige nano Gr\u00f6\u00dfe Glasfasern<\/p>\n<p>Die einzigartige Kombination aus den oben genannten Eigenschaften machen die \u00fcberlegene Glasfilterkerze das beste Preis-Leistungsverh\u00e4ltnis mit un\u00fcbertroffener Leistung.<\/p>\n<p><strong>Vorteile f\u00fcr Anwendungen:<\/strong><br \/>\n&#8211; Starke dauerhafte Filterkerze die eine konsistente und zuverl\u00e4ssige absolut bewertete Partikelentfernung leistet w\u00e4hrend der Lebensdauer der Kerze<br \/>\n&#8211; H\u00f6here Durchflussraten und reduziert Bearbeitungszeit<br \/>\n&#8211; L\u00e4ngere Lebensdauer, Wechselintervalle und reduzierte Betriebskosten<br \/>\n&#8211; Thermoschwei\u00df Endkappen und Konstruktion beseitigt Partikel Bypass<\/p>\n","protected":false},"excerpt":{"rendered":"<h3>Microfaser Glasfiltermedien bietet einzigartige filtrationseigenschaften.<\/h3>\n<p>Die au\u00dfergew\u00f6hnliche kleine Durchmesser der Fasern geben Mikrofaserglas Medien \u00fcberlegene Effizienz, Schmutzaufnahme und Durchflussleistung im Vergleich zu Cellulose und Melt Blown Filtermedien. Das Microfaser Glasfiltermedium bietet eine unerreichte Wert aufgrund ihrer Erstklassige Leistung.<\/p>\n<span class=\"collapseomatic \" id=\"id69de328e096fb\"  tabindex=\"0\" title=\"lesen Sie mehr\"    >lesen Sie mehr<\/span><div id=\"target-id69de328e096fb\" class=\"collapseomatic_content \"><\/p>\n<p>Filtrationsleistung wird au\u00dferdem durch die Verwendung von einem Erstklassige art des Mehrschicht Plissier Technik verbessert. Die mehrere Schichten dienen als eine integrale Vorfilter und f\u00fcr den Schutz des Glasmedien. Damit erreicht man maximale Schmutzaufnahme und erh\u00f6hte Haltbarkeit, und somit wird das leben des Filter verl\u00e4ngert.<\/p>\n<p>Die Filter werden nach strengsten Produktionsstandards mit der neuesten automatisierten Fertigungsanlagen und die h\u00f6chste Qualit\u00e4t der Materialien hergestellt. Der Filterkerze wird Mit thermischen Schwei\u00dftechnik, wird der Filterkerze aus einen St\u00fcck montiert, f\u00fcr maximale Integrit\u00e4t und St\u00e4rke.<\/p>\n<p>Durch Umfangreiches Wissen von Filterproduktion und durch Ben\u00fctzung von modernste Fertigungsanlagen, resultiert dies in erstklassige Qualit\u00e4t, aber immer noch g\u00fcnstige plissierten Mikroglasfaserfilterkerze.<\/p>\n<p><strong>Einzigartige Merkmale der \u00fcberlegenen Mikroglas Plissierter Filterkerze:<\/strong><br \/>\n&#8211; Absolute bewertete Mikron und Submikron-Effizienz<br \/>\n&#8211; Integral Vorfilter und Schutzschichten<br \/>\n&#8211; Geringer Druckverlust mit hoher Durchflussleistung.<br \/>\n&#8211; Hohe Schmutzaufnahmekapazit\u00e4t durch gro\u00dfe Hohlraumvolumen<br \/>\n&#8211; Gro\u00dfe Filterfl\u00e4che und eine lange Lebensdauer<br \/>\n&#8211; Starken, aus einem St\u00fcck Thermoschwei\u00dfkonstruktion, frei von Schmelzklebstoffen, Klebstoffen oder anderen Verbundmaterialien.<br \/>\n&#8211; Hochwertige nano Gr\u00f6\u00dfe Glasfasern<\/p>\n<p>Die einzigartige Kombination aus den oben genannten Eigenschaften machen die \u00fcberlegene Glasfilterkerze das beste Preis-Leistungsverh\u00e4ltnis mit un\u00fcbertroffener Leistung.<\/p>\n<p><strong>Vorteile f\u00fcr Anwendungen:<\/strong><br \/>\n&#8211; Starke dauerhafte Filterkerze die eine konsistente und zuverl\u00e4ssige absolut bewertete Partikelentfernung leistet w\u00e4hrend der Lebensdauer der Kerze<br \/>\n&#8211; H\u00f6here Durchflussraten und reduziert Bearbeitungszeit<br \/>\n&#8211; L\u00e4ngere Lebensdauer, Wechselintervalle und reduzierte Betriebskosten<br \/>\n&#8211; Thermoschwei\u00df Endkappen und Konstruktion beseitigt Partikel Bypass<\/p>\n<p><\/div>\n<p><a href=\"\/angebot\/\" target=\"_self\"><button type=\"button\">Angebot anfordern <\/button><\/a><\/p>\n","protected":false},"featured_media":361,"comment_status":"closed","ping_status":"closed","template":"","meta":{"_glsr_average":0,"_glsr_ranking":0,"_glsr_reviews":0,"wds_primary_product_cat":0},"product_cat":[145],"product_tag":[],"_links":{"self":[{"href":"https:\/\/www.cleanflowfilter.nl\/de\/wp-json\/wp\/v2\/product\/1213"}],"collection":[{"href":"https:\/\/www.cleanflowfilter.nl\/de\/wp-json\/wp\/v2\/product"}],"about":[{"href":"https:\/\/www.cleanflowfilter.nl\/de\/wp-json\/wp\/v2\/types\/product"}],"replies":[{"embeddable":true,"href":"https:\/\/www.cleanflowfilter.nl\/de\/wp-json\/wp\/v2\/comments?post=1213"}],"wp:featuredmedia":[{"embeddable":true,"href":"https:\/\/www.cleanflowfilter.nl\/de\/wp-json\/wp\/v2\/media\/361"}],"wp:attachment":[{"href":"https:\/\/www.cleanflowfilter.nl\/de\/wp-json\/wp\/v2\/media?parent=1213"}],"wp:term":[{"taxonomy":"product_cat","embeddable":true,"href":"https:\/\/www.cleanflowfilter.nl\/de\/wp-json\/wp\/v2\/product_cat?post=1213"},{"taxonomy":"product_tag","embeddable":true,"href":"https:\/\/www.cleanflowfilter.nl\/de\/wp-json\/wp\/v2\/product_tag?post=1213"}],"curies":[{"name":"wp","href":"https:\/\/api.w.org\/{rel}","templated":true}]}}