{"id":1221,"date":"2019-06-17T11:28:45","date_gmt":"2019-08-26T09:40:29","guid":{"rendered":"http:\/\/www.cleanflowfilter.nl\/?post_type=product&#038;p=1221"},"modified":"2019-11-01T10:08:42","modified_gmt":"2019-11-01T09:08:42","slug":"gewickelte-filterkerze","status":"publish","type":"product","link":"https:\/\/www.cleanflowfilter.nl\/de\/kerzenfilter-de\/tiefenfilterkerzen\/gewickelte-filterkerze\/","title":{"rendered":"Gewickelte filterkerze"},"content":{"rendered":"<h3>Mehrzweck Garn gewickelte Tiefenfilterkerzen, die auf dauer eine zuverl\u00e4ssige, konstante Leistung liefern<\/h3>\n<p>&#8211; Gestufte Porenstruktur f\u00fcr eine wirksame Entfernung einer Vielzahl von Partikelgr\u00f6\u00dfen<br \/>\n&#8211; Erh\u00e4ltlich in Baumwolle, Polypropylen und Glasfaser-Medien<br \/>\n&#8211; Filterkerzen mit automatisierte und sehr moderne Ausr\u00fcstung hergestellt, um Konstante Qualit\u00e4t zu gew\u00e4hrleisten<br \/>\n&#8211; Spiralf\u00f6rmigen Zentralkern sorgt f\u00fcr zus\u00e4tzliche mechanische Festigkeit<br \/>\n&#8211; Mikron Bewertungen: 0,5 \u03bcm- 100 \u03bcm<br \/>\n&#8211; Kerzen L\u00e4ngen: 9,75 \u201e- 70\u201c<\/p>\n<p>Wound-Fine \u2013 Standard<br \/>\nWound-Fine BB \u2013 Gro\u00dfer Durchmesser f\u00fcr den Einsatz in Big Blue Geh\u00e4use<\/p>\n","protected":false},"excerpt":{"rendered":"<h3>Mehrzweck Garn gewickelte Tiefenfilterkerzen, die auf dauer eine zuverl\u00e4ssige, konstante Leistung liefern<\/h3>\n<p>&#8211; Gestufte Porenstruktur f\u00fcr eine wirksame Entfernung einer Vielzahl von Partikelgr\u00f6\u00dfen<br \/>\n&#8211; Erh\u00e4ltlich in Baumwolle, Polypropylen und Glasfaser-Medien<br \/>\n&#8211; Filterkerzen mit automatisierte und sehr moderne Ausr\u00fcstung hergestellt, um Konstante Qualit\u00e4t zu gew\u00e4hrleisten<br \/>\n&#8211; Spiralf\u00f6rmigen Zentralkern sorgt f\u00fcr zus\u00e4tzliche mechanische Festigkeit<br \/>\n&#8211; Mikron Bewertungen: 0,5 \u03bcm- 100 \u03bcm<br \/>\n&#8211; Kerzen L\u00e4ngen: 9,75 \u201e- 70\u201c<\/p>\n<span class=\"collapseomatic \" id=\"id69e9b281444f4\"  tabindex=\"0\" title=\"lesen Sie mehr\"    >lesen Sie mehr<\/span><div id=\"target-id69e9b281444f4\" class=\"collapseomatic_content \"><\/p>\n<p>Wound-Fine \u2013 Standard<br \/>\nWound-Fine BB \u2013 Gro\u00dfer Durchmesser f\u00fcr den Einsatz in Big Blue Geh\u00e4use<\/p>\n<p><\/div>\n<p><a href=\"\/angebot\/\" target=\"_self\"><button type=\"button\">Angebot anfordern <\/button><\/a><\/p>\n","protected":false},"featured_media":309,"comment_status":"closed","ping_status":"closed","template":"","meta":{"_glsr_average":0,"_glsr_ranking":0,"_glsr_reviews":0,"wds_primary_product_cat":0},"product_cat":[144],"product_tag":[],"_links":{"self":[{"href":"https:\/\/www.cleanflowfilter.nl\/de\/wp-json\/wp\/v2\/product\/1221"}],"collection":[{"href":"https:\/\/www.cleanflowfilter.nl\/de\/wp-json\/wp\/v2\/product"}],"about":[{"href":"https:\/\/www.cleanflowfilter.nl\/de\/wp-json\/wp\/v2\/types\/product"}],"replies":[{"embeddable":true,"href":"https:\/\/www.cleanflowfilter.nl\/de\/wp-json\/wp\/v2\/comments?post=1221"}],"wp:featuredmedia":[{"embeddable":true,"href":"https:\/\/www.cleanflowfilter.nl\/de\/wp-json\/wp\/v2\/media\/309"}],"wp:attachment":[{"href":"https:\/\/www.cleanflowfilter.nl\/de\/wp-json\/wp\/v2\/media?parent=1221"}],"wp:term":[{"taxonomy":"product_cat","embeddable":true,"href":"https:\/\/www.cleanflowfilter.nl\/de\/wp-json\/wp\/v2\/product_cat?post=1221"},{"taxonomy":"product_tag","embeddable":true,"href":"https:\/\/www.cleanflowfilter.nl\/de\/wp-json\/wp\/v2\/product_tag?post=1221"}],"curies":[{"name":"wp","href":"https:\/\/api.w.org\/{rel}","templated":true}]}}