{"id":1229,"date":"2019-06-17T09:40:56","date_gmt":"2019-08-26T11:12:16","guid":{"rendered":"http:\/\/www.cleanflowfilter.nl\/?post_type=product&#038;p=1229"},"modified":"2019-11-01T10:11:52","modified_gmt":"2019-11-01T09:11:52","slug":"hie-serie-beutel-filter-retrofit-plissierte-filterkerzen","status":"publish","type":"product","link":"https:\/\/www.cleanflowfilter.nl\/de\/beutelfilters-de\/hie-serie-beutel-filter-retrofit-plissierte-filterkerzen\/","title":{"rendered":"HIE Serie beutel filter retrofit plissierte filterkerzen"},"content":{"rendered":"<h3>\u00d6ladsorbierender Beutel aus Polypropylen, plissiert<\/h3>\n<p>\u00d6l absorbierender Filterbeutel<br \/>\nCleanFlow produziert zwei verschiedene Arten von Filtern f\u00fcr Absorptionsmaterialbeutel und in verschiedenen Gr\u00f6\u00dfen. Diese Partikel bestehen aus mehreren Schichten eines Polypropylen-Vliesmaterials, das (oleophile) \u00d6ltr\u00f6pfchen innerhalb der Vliesmatrix anzieht.<\/p>\n<p>Die Wirksamkeit der Beutel h\u00e4ngt von der Art des zu entfernenden \u00d6ls und dem Druckunterschied zwischen den Filtermedien des Beutels ab. Je gr\u00f6\u00dfer die differentielle Tendenz ist, desto gr\u00f6\u00dfer ist die Tendenz.<\/p>\n<p>Aus diesem Grund verwenden wir Ihre Z\u00e4hler an Ihrem Geh\u00e4use, um das Risiko zu verringern, dass \u00d6ltr\u00f6pfchen nachgeschaltet werden.<\/p>\n<h3>Eigenschaften<\/h3>\n<p>&#8211; Sehr hohe Durchflussraten bei geringem Anfangsdruckunterschied<br \/>\n&#8211; Nominale Partikelretentionsrate: 1 \u03bcm &#8211; 100 \u03bcm<br \/>\n&#8211; Taschendichtmanschette aus PP<br \/>\n&#8211; Hervorragende chemische Vertr\u00e4glichkeit<br \/>\n&#8211; Fasermigration und extrahierbare Behandlung mit freien Medien<br \/>\n&#8211; Plissee Matrix bietet:<br \/>\n\u2022 Hohe Schmutzauffangkapazit\u00e4t<br \/>\n\u2022 Lange Lebensdauer<br \/>\n\u2022 Hohe \u00d6labsorptionskapazit\u00e4t (bis zu 2,5% mehr als bei Standard\u00f6labsorbern)<br \/>\n&#8211; Empfohlener Druckunterschied bei \u00c4nderung von 0,12 MPa &#8211; 0,20 MPa (1,2 bar &#8211; 2,0 bar)<br \/>\n&#8211; Typische Durchflussraten: * Gr\u00f6\u00dfe 1: 12 m3 \/ h * Gr\u00f6\u00dfe 2: 22 m3 \/ h<\/p>\n<h3>Vorteile:<\/h3>\n<p>&#8211; Extra gro\u00dfe Filterfl\u00e4che plissierten Filterkerze zum ersetzen von Filterbeutel, ohne jegliche Modifikation.<br \/>\n&#8211; Hoher Durchfluss und hohe Schmutzaufnahmekapazit\u00e4t<br \/>\n&#8211; Einzigartiges Filtermedium, das eine sehr konstante Leistung garantiert<br \/>\n&#8211; Starre Poren Konstruktion verhindert das Entladen von Verunreinigung bei maximaler Differenzdruck<br \/>\n&#8211; Von innen nach au\u00dfen Flow f\u00e4ngt Partikel im innen der Filterkerze, So wird down stream Kontamination der Reinseite w\u00e4hrend der Austausch verhindert<br \/>\n&#8211; Erh\u00e4ltlich in allen Standardgr\u00f6\u00dfen, wie zum Beispiel Beutelfiltergeh\u00e4use Gr\u00f6\u00dfe eins und zwei<br \/>\n&#8211; Innovative Dichtung die sich eignet f\u00fcr die meisten Standard-Beutelfiltergeh\u00e4use<br \/>\n&#8211; Konstruktion aus Polypropylen, Welch chemisch best\u00e4ndig ist gegen die meisten industriellen Fl\u00fcssigkeiten<br \/>\n&#8211; O-Ring Material Optionen verf\u00fcgbar welche mit fast allen Arten von Fl\u00fcssigkeiten kompatibel sind<br \/>\n&#8211; Auch erh\u00e4ltlich in k\u00fcrzere l\u00e4nge<br \/>\n&#8211; Erh\u00e4ltlich mit Reinraum 1000 Klassifikation<br \/>\n&#8211; Erf\u00fcllt die Qualit\u00e4tsnorm ISO 9001<\/p>\n<h3>Materialien:<\/h3>\n<p>&#8211; HIEA: Hoch Effizienter Tiefe Meltblown Polypropylen<br \/>\n&#8211; HIEP: Propriet\u00e4ren Meltblown Polypropylen<br \/>\n&#8211; Hardware: Polypropylen<br \/>\n&#8211; O-Ringe: Silikon, EPDM, Buna-N, Viton, Teflon Verkapselte Viton<br \/>\n&#8211; Dichtung: Thermische Verbund<\/p>\n","protected":false},"excerpt":{"rendered":"<h3>\u00d6ladsorbierender Beutel aus Polypropylen, plissiert<\/h3>\n<p>\u00d6l absorbierender Filterbeutel<br \/>\nCleanFlow produziert zwei verschiedene Arten von Filtern f\u00fcr Absorptionsmaterialbeutel und in verschiedenen Gr\u00f6\u00dfen. Diese Partikel bestehen aus mehreren Schichten eines Polypropylen-Vliesmaterials, das (oleophile) \u00d6ltr\u00f6pfchen innerhalb der Vliesmatrix anzieht.<\/p>\n<p>Die Wirksamkeit der Beutel h\u00e4ngt von der Art des zu entfernenden \u00d6ls und dem Druckunterschied zwischen den Filtermedien des Beutels ab. Je gr\u00f6\u00dfer die differentielle Tendenz ist, desto gr\u00f6\u00dfer ist die Tendenz.<\/p>\n<span class=\"collapseomatic \" id=\"id69fa2e62acf2c\"  tabindex=\"0\" title=\"lesen Sie mehr\"    >lesen Sie mehr<\/span><div id=\"target-id69fa2e62acf2c\" class=\"collapseomatic_content \"><\/p>\n<p>Aus diesem Grund verwenden wir Ihre Z\u00e4hler an Ihrem Geh\u00e4use, um das Risiko zu verringern, dass \u00d6ltr\u00f6pfchen nachgeschaltet werden.<\/p>\n<h3>Eigenschaften<\/h3>\n<p>&#8211; Sehr hohe Durchflussraten bei geringem Anfangsdruckunterschied<br \/>\n&#8211; Nominale Partikelretentionsrate: 1 \u03bcm &#8211; 100 \u03bcm<br \/>\n&#8211; Taschendichtmanschette aus PP<br \/>\n&#8211; Hervorragende chemische Vertr\u00e4glichkeit<br \/>\n&#8211; Fasermigration und extrahierbare Behandlung mit freien Medien<br \/>\n&#8211; Plissee Matrix bietet:<br \/>\n\u2022 Hohe Schmutzauffangkapazit\u00e4t<br \/>\n\u2022 Lange Lebensdauer<br \/>\n\u2022 Hohe \u00d6labsorptionskapazit\u00e4t (bis zu 2,5% mehr als bei Standard\u00f6labsorbern)<br \/>\n&#8211; Empfohlener Druckunterschied bei \u00c4nderung von 0,12 MPa &#8211; 0,20 MPa (1,2 bar &#8211; 2,0 bar)<br \/>\n&#8211; Typische Durchflussraten: * Gr\u00f6\u00dfe 1: 12 m3 \/ h * Gr\u00f6\u00dfe 2: 22 m3 \/ h<\/p>\n<h3>Vorteile:<\/h3>\n<p>&#8211; Extra gro\u00dfe Filterfl\u00e4che plissierten Filterkerze zum ersetzen von Filterbeutel, ohne jegliche Modifikation.<br \/>\n&#8211; Hoher Durchfluss und hohe Schmutzaufnahmekapazit\u00e4t<br \/>\n&#8211; Einzigartiges Filtermedium, das eine sehr konstante Leistung garantiert<br \/>\n&#8211; Starre Poren Konstruktion verhindert das Entladen von Verunreinigung bei maximaler Differenzdruck<br \/>\n&#8211; Von innen nach au\u00dfen Flow f\u00e4ngt Partikel im innen der Filterkerze, So wird down stream Kontamination der Reinseite w\u00e4hrend der Austausch verhindert<br \/>\n&#8211; Erh\u00e4ltlich in allen Standardgr\u00f6\u00dfen, wie zum Beispiel Beutelfiltergeh\u00e4use Gr\u00f6\u00dfe eins und zwei<br \/>\n&#8211; Innovative Dichtung die sich eignet f\u00fcr die meisten Standard-Beutelfiltergeh\u00e4use<br \/>\n&#8211; Konstruktion aus Polypropylen, Welch chemisch best\u00e4ndig ist gegen die meisten industriellen Fl\u00fcssigkeiten<br \/>\n&#8211; O-Ring Material Optionen verf\u00fcgbar welche mit fast allen Arten von Fl\u00fcssigkeiten kompatibel sind<br \/>\n&#8211; Auch erh\u00e4ltlich in k\u00fcrzere l\u00e4nge<br \/>\n&#8211; Erh\u00e4ltlich mit Reinraum 1000 Klassifikation<br \/>\n&#8211; Erf\u00fcllt die Qualit\u00e4tsnorm ISO 9001<\/p>\n<h3>Materialien:<\/h3>\n<p>&#8211; HIEA: Hoch Effizienter Tiefe Meltblown Polypropylen<br \/>\n&#8211; HIEP: Propriet\u00e4ren Meltblown Polypropylen<br \/>\n&#8211; Hardware: Polypropylen<br \/>\n&#8211; O-Ringe: Silikon, EPDM, Buna-N, Viton, Teflon Verkapselte Viton<br \/>\n&#8211; Dichtung: Thermische Verbund<\/p>\n<p><\/div>\n<p><a href=\"\/angebot\/\" target=\"_self\"><button type=\"button\">Angebot anfordern <\/button><\/a><\/p>\n","protected":false},"featured_media":806,"comment_status":"closed","ping_status":"closed","template":"","meta":{"_glsr_average":0,"_glsr_ranking":0,"_glsr_reviews":0,"wds_primary_product_cat":0},"product_cat":[87],"product_tag":[],"_links":{"self":[{"href":"https:\/\/www.cleanflowfilter.nl\/de\/wp-json\/wp\/v2\/product\/1229"}],"collection":[{"href":"https:\/\/www.cleanflowfilter.nl\/de\/wp-json\/wp\/v2\/product"}],"about":[{"href":"https:\/\/www.cleanflowfilter.nl\/de\/wp-json\/wp\/v2\/types\/product"}],"replies":[{"embeddable":true,"href":"https:\/\/www.cleanflowfilter.nl\/de\/wp-json\/wp\/v2\/comments?post=1229"}],"wp:featuredmedia":[{"embeddable":true,"href":"https:\/\/www.cleanflowfilter.nl\/de\/wp-json\/wp\/v2\/media\/806"}],"wp:attachment":[{"href":"https:\/\/www.cleanflowfilter.nl\/de\/wp-json\/wp\/v2\/media?parent=1229"}],"wp:term":[{"taxonomy":"product_cat","embeddable":true,"href":"https:\/\/www.cleanflowfilter.nl\/de\/wp-json\/wp\/v2\/product_cat?post=1229"},{"taxonomy":"product_tag","embeddable":true,"href":"https:\/\/www.cleanflowfilter.nl\/de\/wp-json\/wp\/v2\/product_tag?post=1229"}],"curies":[{"name":"wp","href":"https:\/\/api.w.org\/{rel}","templated":true}]}}