{"id":1513,"date":"2019-10-16T14:01:47","date_gmt":"2019-10-17T10:57:16","guid":{"rendered":"http:\/\/www.cleanflowfilter.nl\/?post_type=product&#038;p=1513"},"modified":"2019-10-31T13:43:48","modified_gmt":"2019-10-31T12:43:48","slug":"h2s-en-zwavel-adsorptie-media","status":"publish","type":"product","link":"https:\/\/www.cleanflowfilter.nl\/de\/andere-produkte\/h2s-en-zwavel-adsorptie-media\/","title":{"rendered":"H2S- und Schwefeladsorptionsmittel"},"content":{"rendered":"<p><span class=\"tlid-translation translation\" lang=\"de\"><span class=\"\" title=\"\">BIO Fe-Adsorptionsmedium ist ein Granulat auf Tonbasis (Pellet, gro\u00dfk\u00f6rnig), das mit einem Eisenhydroxidmedium impr\u00e4gniert ist.<\/span> <span title=\"\">Das Adsorptionsmedium entfernt H2S und Schwefelverbindungen aus Luft- und Gasstr\u00f6men.<\/span> <span title=\"\">Andere Komponenten mit energetischen Werten wie Methan flie\u00dfen durch und k\u00f6nnen problemlos als Kraftstoff verwendet werden.<\/span><\/span><\/p>\n<p><span title=\"\">Dieses Produkt ist \u00e4u\u00dferst effizient bei der Gewinnung von Biogas<\/span><\/p>\n<p><span title=\"\">Es hat eine hohe H2S-Entfernungskapazit\u00e4t unter anaeroben Bedingungen<\/span><\/p>\n<p><span title=\"\">Arbeitstemperaturbereich 25\u00baC bis 90\u00baC<\/span><\/p>\n<p><span title=\"\">H 2 S wird durch die folgenden chemischen Reaktionen aus dem Gasstrom entfernt<\/span><\/p>\n<p><span title=\"\">Die Eisenoxidbeschichtung des Mediums reagiert mit H2S:<\/span><\/p>\n<p><span title=\"\">2 Fe (OH) 3 + H 2 S 2 2 Fe (OH) 2 + 2 H 2 O + 1\/8 S8<\/span><\/p>\n<p><span title=\"\">2 Fe (OH) 2 + 2 H 2 S, 2 Fe 3 + 4 H 2 O<\/span><\/p>\n<p><span title=\"\">Diese Reaktion f\u00fchrt zur Bildung von Schwefeleisen, wodurch das Filtermedium schwarz wird.<\/span><\/p>\n<h2><span class=\"tlid-translation translation\" lang=\"de\">Regeneration der Filtermedien<\/span><\/h2>\n<p>&nbsp;<\/p>\n<p><span class=\"tlid-translation translation\" lang=\"de\">Das Filtermedium kann leicht regeneriert werden. Das Schwefeleisen kann zur\u00fcckgewandelt werden, indem Sauerstoff durch das Filtermedium geblasen wird.<\/span><\/p>\n<p>2FeS + 3\/202 + 3H 2 O 2 Fe (OH) 3 + 1 \/ 4S8<\/p>\n<p>Sauerstoff wandelt das Schwefeleisen in Eisenhydroxid und elementaren Schwefel um, der im Filtermedium eingeschlossen bleibt.<\/p>\n<p>Ein visueller Indikator wird erstellt, indem das Filtermedium von schwarz nach braun verf\u00e4rbt wird. Wenn das Medium regeneriert wird, kehrt das Filtermedium mit einigen kleinen Schwefelpartikeln zu seiner urspr\u00fcnglichen braunen Farbe zur\u00fcck.<\/p>\n<p>Der Regenerationsprozess kann mindestens 10 Mal durchgef\u00fchrt werden, bevor er vollst\u00e4ndig ges\u00e4ttigt ist und ersetzt werden muss. Jeder Zyklus f\u00fchrt zu einer S\u00e4ttigung von 45 mg H2S pro Gramm Medium. Dies bedeutet, dass die Gesamtentfernungskapazit\u00e4t bei etwa 450 mg H2S pro Gramm Medium liegt. Wenn Sauerstoff in geringen Mengen im Biogas vorhanden ist, erfolgt eine st\u00e4ndige Regeneration der Medien durch den Sauerstoff im Luftstrom.<\/p>\n<h2><span class=\"tlid-translation translation\" lang=\"de\">Biogasenergieerzeugung und Betriebskosten<br \/>\n<\/span><\/h2>\n<p><span class=\"tlid-translation translation\" lang=\"de\"><br \/>\nDie Betriebskosten f\u00fcr die Stromerzeugung k\u00f6nnen viel h\u00f6her sein, wenn bei der Biogasgewinnung kein Korrosionsschutz vorhanden ist. Biogas enth\u00e4lt H2S, das so weit wie m\u00f6glich entfernt werden muss, bevor es in die Gasaufbereitungsanlage gelangt. H2S verursacht schwerwiegende Probleme mit Gasverarbeitungsger\u00e4ten, da diese Ger\u00e4te extrem empfindlich auf Schwefelwasserstoff reagieren. Wenn das H2S entfernt wird, k\u00f6nnen wir die Effizienz der Verarbeitungsanlagen durch die Reduzierung von Wartung, Bel\u00fcftungsstillstandszeiten und die Verbesserung der Energieerzeugung erheblich verbessern. Das Schwefelwasserstoffproblem ist ein kritischer Faktor f\u00fcr Technologien, die Biogas verwenden. Wenn die H2S-Werte zu hoch sind, kann der Schaden an der Gasaufbereitungsanlage erheblich und teuer sein.<\/span><\/p>\n<p>Aktive Schwefelverbindungen greifen Kupfer-, Silber-, Aluminium- und Eisenlegierungen schnell an. Das Vorhandensein von Feuchtigkeit und geringen Mengen anorganischer Chloridverbindungen bewirkt eine enorme Beschleunigung der Schwefelkorrosion. In der Prozessindustrie punktet aktiver Schwefel zusammen mit anorganischem Chlorid als dominierendem Faktor f\u00fcr atmosph\u00e4rische Korrosion. STANDARD ISA-S71.04-1985<\/p>\n","protected":false},"excerpt":{"rendered":"<p><span class=\"tlid-translation translation\" lang=\"de\"><span class=\"\" title=\"\">BIO Fe-Adsorptionsmedium ist ein Granulat auf Tonbasis (Pellet, gro\u00dfk\u00f6rnig), das mit einem Eisenhydroxidmedium impr\u00e4gniert ist.<\/span> <span title=\"\">Das Adsorptionsmedium entfernt H2S und Schwefelverbindungen aus Luft- und Gasstr\u00f6men.<\/span> <span title=\"\">Andere Komponenten mit energetischen Werten wie Methan flie\u00dfen durch und k\u00f6nnen problemlos als Kraftstoff verwendet werden.<\/span><\/span><\/p>\n<span class=\"collapseomatic \" id=\"id69ebc851c8f68\"  tabindex=\"0\" title=\"lesen Sie mehr\"    >lesen Sie mehr<\/span><div id=\"target-id69ebc851c8f68\" class=\"collapseomatic_content \"><\/p>\n<p><span title=\"\">Dieses Produkt ist \u00e4u\u00dferst effizient bei der Gewinnung von Biogas<\/span><\/p>\n<p><span title=\"\">Es hat eine hohe H2S-Entfernungskapazit\u00e4t unter anaeroben Bedingungen<\/span><\/p>\n<p><span title=\"\">Arbeitstemperaturbereich 25\u00baC bis 90\u00baC<\/span><\/p>\n<p><span title=\"\">H 2 S wird durch die folgenden chemischen Reaktionen aus dem Gasstrom entfernt<\/span><\/p>\n<p><span title=\"\">Die Eisenoxidbeschichtung des Mediums reagiert mit H2S:<\/span><\/p>\n<p><span title=\"\">2 Fe (OH) 3 + H 2 S 2 2 Fe (OH) 2 + 2 H 2 O + 1\/8 S8<\/span><\/p>\n<p><span title=\"\">2 Fe (OH) 2 + 2 H 2 S, 2 Fe 3 + 4 H 2 O<\/span><\/p>\n<p><span title=\"\">Diese Reaktion f\u00fchrt zur Bildung von Schwefeleisen, wodurch das Filtermedium schwarz wird.<\/span><\/p>\n<h2><span class=\"tlid-translation translation\" lang=\"de\">Regeneration der Filtermedien<\/span><\/h2>\n<p>&nbsp;<\/p>\n<p><span class=\"tlid-translation translation\" lang=\"de\">Das Filtermedium kann leicht regeneriert werden. Das Schwefeleisen kann zur\u00fcckgewandelt werden, indem Sauerstoff durch das Filtermedium geblasen wird.<\/span><\/p>\n<p>2FeS + 3\/202 + 3H 2 O 2 Fe (OH) 3 + 1 \/ 4S8<\/p>\n<p>Sauerstoff wandelt das Schwefeleisen in Eisenhydroxid und elementaren Schwefel um, der im Filtermedium eingeschlossen bleibt.<\/p>\n<p>Ein visueller Indikator wird erstellt, indem das Filtermedium von schwarz nach braun verf\u00e4rbt wird. Wenn das Medium regeneriert wird, kehrt das Filtermedium mit einigen kleinen Schwefelpartikeln zu seiner urspr\u00fcnglichen braunen Farbe zur\u00fcck.<\/p>\n<p>Der Regenerationsprozess kann mindestens 10 Mal durchgef\u00fchrt werden, bevor er vollst\u00e4ndig ges\u00e4ttigt ist und ersetzt werden muss. Jeder Zyklus f\u00fchrt zu einer S\u00e4ttigung von 45 mg H2S pro Gramm Medium. Dies bedeutet, dass die Gesamtentfernungskapazit\u00e4t bei etwa 450 mg H2S pro Gramm Medium liegt. Wenn Sauerstoff in geringen Mengen im Biogas vorhanden ist, erfolgt eine st\u00e4ndige Regeneration der Medien durch den Sauerstoff im Luftstrom.<\/p>\n<h2><span class=\"tlid-translation translation\" lang=\"de\">Biogasenergieerzeugung und Betriebskosten<br \/>\n<\/span><\/h2>\n<p><span class=\"tlid-translation translation\" lang=\"de\"><br \/>\nDie Betriebskosten f\u00fcr die Stromerzeugung k\u00f6nnen viel h\u00f6her sein, wenn bei der Biogasgewinnung kein Korrosionsschutz vorhanden ist. Biogas enth\u00e4lt H2S, das so weit wie m\u00f6glich entfernt werden muss, bevor es in die Gasaufbereitungsanlage gelangt. H2S verursacht schwerwiegende Probleme mit Gasverarbeitungsger\u00e4ten, da diese Ger\u00e4te extrem empfindlich auf Schwefelwasserstoff reagieren. Wenn das H2S entfernt wird, k\u00f6nnen wir die Effizienz der Verarbeitungsanlagen durch die Reduzierung von Wartung, Bel\u00fcftungsstillstandszeiten und die Verbesserung der Energieerzeugung erheblich verbessern. Das Schwefelwasserstoffproblem ist ein kritischer Faktor f\u00fcr Technologien, die Biogas verwenden. Wenn die H2S-Werte zu hoch sind, kann der Schaden an der Gasaufbereitungsanlage erheblich und teuer sein.<\/span><\/p>\n<p>Aktive Schwefelverbindungen greifen Kupfer-, Silber-, Aluminium- und Eisenlegierungen schnell an. Das Vorhandensein von Feuchtigkeit und geringen Mengen anorganischer Chloridverbindungen bewirkt eine enorme Beschleunigung der Schwefelkorrosion. In der Prozessindustrie punktet aktiver Schwefel zusammen mit anorganischem Chlorid als dominierendem Faktor f\u00fcr atmosph\u00e4rische Korrosion. STANDARD ISA-S71.04-1985<\/p>\n<p><\/div>\n<p><a href=\"\/angebot\/\" target=\"_self\"><button type=\"button\">Angebot anfordern <\/button><\/a><\/p>\n","protected":false},"featured_media":1648,"comment_status":"closed","ping_status":"closed","template":"","meta":{"_glsr_average":0,"_glsr_ranking":0,"_glsr_reviews":0,"wds_primary_product_cat":0},"product_cat":[116,115],"product_tag":[],"_links":{"self":[{"href":"https:\/\/www.cleanflowfilter.nl\/de\/wp-json\/wp\/v2\/product\/1513"}],"collection":[{"href":"https:\/\/www.cleanflowfilter.nl\/de\/wp-json\/wp\/v2\/product"}],"about":[{"href":"https:\/\/www.cleanflowfilter.nl\/de\/wp-json\/wp\/v2\/types\/product"}],"replies":[{"embeddable":true,"href":"https:\/\/www.cleanflowfilter.nl\/de\/wp-json\/wp\/v2\/comments?post=1513"}],"wp:featuredmedia":[{"embeddable":true,"href":"https:\/\/www.cleanflowfilter.nl\/de\/wp-json\/wp\/v2\/media\/1648"}],"wp:attachment":[{"href":"https:\/\/www.cleanflowfilter.nl\/de\/wp-json\/wp\/v2\/media?parent=1513"}],"wp:term":[{"taxonomy":"product_cat","embeddable":true,"href":"https:\/\/www.cleanflowfilter.nl\/de\/wp-json\/wp\/v2\/product_cat?post=1513"},{"taxonomy":"product_tag","embeddable":true,"href":"https:\/\/www.cleanflowfilter.nl\/de\/wp-json\/wp\/v2\/product_tag?post=1513"}],"curies":[{"name":"wp","href":"https:\/\/api.w.org\/{rel}","templated":true}]}}