{"id":1747,"date":"2019-10-16T14:00:01","date_gmt":"2019-10-28T10:58:10","guid":{"rendered":"http:\/\/www.cleanflowfilter.nl\/?post_type=product&#038;p=1747"},"modified":"2019-10-31T13:45:04","modified_gmt":"2019-10-31T12:45:04","slug":"bio-gas-koaleszenzfilter","status":"publish","type":"product","link":"https:\/\/www.cleanflowfilter.nl\/de\/andere-produkte\/bio-gas-koaleszenzfilter\/","title":{"rendered":"(Bio-) Gas-Koaleszenzfilter"},"content":{"rendered":"<div class=\"text-wrap tlid-copy-target\">\n<div class=\"result-shield-container tlid-copy-target\" tabindex=\"0\"><span class=\"tlid-translation translation\" lang=\"de\"><span class=\"\" title=\"\">Der CleanFlow-Koaleszenzfilter wurde speziell f\u00fcr die Behandlung von Biogas entwickelt.<\/span> <span title=\"\">Abtrennung von trockenen Schmutzpartikeln und Erdgas.<\/span> <span class=\"\" title=\"\">Auch mit zus\u00e4tzlicher Koaleszenzfunktion zur Abscheidung von \u00d6lnebel und Aerosolen erh\u00e4ltlich.<\/span> <span class=\"\" title=\"\">Sehr gut geeignet f\u00fcr die stark korrosive Eigenschaft von H2S-haltigem Biogas.<\/span><\/span><\/div>\n<\/div>\n<div class=\"tlid-transliteration-content transliteration-content full\"><\/div>\n<div>\n<div class=\"text-wrap tlid-copy-target\">\n<h2 class=\"result-shield-container tlid-copy-target\" tabindex=\"0\"><span class=\"tlid-translation translation\" lang=\"de\"><span class=\"\" title=\"\">Filtergeh\u00e4use Typ CF-BG<\/span><\/span><\/h2>\n<\/div>\n<div class=\"text-wrap tlid-copy-target\">\n<div class=\"result-shield-container tlid-copy-target\" tabindex=\"0\"><span class=\"tlid-translation translation\" lang=\"de\"><span class=\"\" title=\"\">Der Biogasfilter von CleanFlow ist ein Gusseisen-Sph\u00e4rogasfilter mit flachem Deckel und Flanschanschl\u00fcssen.<\/span> <span class=\"\" title=\"\">Der Filter ist mit einem einzigartig geformten rechteckigen Filterelement versehen.<\/span> <span class=\"\" title=\"\">Dies hat zur Folge, dass die Filterfl\u00e4che im Vergleich zu herk\u00f6mmlichen zylindrischen Filterkerzen beispiellos gro\u00df ist.<\/span> <span class=\"\" title=\"\">Der Filter hat eine eigene integrierte O-Ring-Dichtung.<\/span><\/span><\/div>\n<div tabindex=\"0\"><\/div>\n<\/div>\n<\/div>\n<h5 class=\"tlid-transliteration-content transliteration-content full\"><span class=\"tlid-translation translation\" lang=\"de\" tabindex=\"-1\"><span class=\"\" title=\"\"><strong>Vorteile<\/strong>:<\/span><\/span><\/h5>\n<ul>\n<li><span class=\"tlid-translation translation\" lang=\"de\" tabindex=\"-1\"><span class=\"\" title=\"\">Durch gleiche Einbaul\u00e4nge gegen herk\u00f6mmliche zylindrische Filterkerzen austauschbar<\/span><\/span><\/li>\n<li><span class=\"tlid-translation translation\" lang=\"de\" tabindex=\"-1\"><span class=\"\" title=\"\">Vielseitig kann die Koaleszenzfunktion leicht ge\u00e4ndert werden, indem ein anderer Filtertyp verwendet wird und der Fl\u00fcssigkeitsablauf blockiert wird<\/span><\/span><\/li>\n<li><span class=\"tlid-translation translation\" lang=\"de\" tabindex=\"-1\"><span class=\"\" title=\"\">Trennt \u00d6lnebel, Kondensation und feste Partikel<\/span><\/span><\/li>\n<li><span class=\"tlid-translation translation\" lang=\"de\" tabindex=\"-1\"><span class=\"\" title=\"\">Extrem effizient nach einem Kompressor oder Gasmotor<\/span><\/span><\/li>\n<li><span class=\"tlid-translation translation\" lang=\"de\" tabindex=\"-1\"><span title=\"\">Pflegeleicht<\/span><\/span><\/li>\n<li>\n<div class=\"text-wrap tlid-copy-target\">\n<div class=\"result-shield-container tlid-copy-target\" tabindex=\"0\"><span class=\"tlid-translation translation\" lang=\"de\"><span class=\"\" title=\"\">Niedrige Kosten<\/span><\/span><\/div>\n<\/div>\n<\/li>\n<li><span class=\"tlid-translation translation\" lang=\"de\" tabindex=\"-1\"><span title=\"\">Leichtes Sph\u00e4roguss &#8211; Aluminium<\/span><\/span><\/li>\n<li><span class=\"tlid-translation translation\" lang=\"de\" tabindex=\"-1\"><span class=\"\" title=\"\">Keine Silikonmaterialien verwendet: Silikon l\u00f6st sich in Erdgas<\/span><\/span><\/li>\n<li>\n<div class=\"text-wrap tlid-copy-target\">\n<div class=\"result-shield-container tlid-copy-target\" tabindex=\"0\"><span class=\"tlid-translation translation\" lang=\"de\"><span class=\"\" title=\"\">Vollbrennbare Filterelemente aus Zellulose in Polyesterqualit\u00e4t und optional h\u00f6herer Mikroqualit\u00e4t<\/span><\/span><\/div>\n<\/div>\n<\/li>\n<li>\n<div class=\"text-wrap tlid-copy-target\">\n<div class=\"result-shield-container tlid-copy-target\" tabindex=\"0\"><span class=\"tlid-translation translation\" lang=\"de\"><span class=\"\" title=\"\">Die Filterfl\u00e4che ist doppelt so gro\u00df wie eine vergleichbare zylindrische Filterkerze<\/span><\/span><\/div>\n<\/div>\n<\/li>\n<li><span class=\"tlid-translation translation\" lang=\"de\" tabindex=\"-1\"><span class=\"\" title=\"\">Gr\u00f6\u00dfere Schmutzansammlung als bei der zylindrischen Filterkerze<\/span><\/span><\/li>\n<li><span class=\"tlid-translation translation\" lang=\"de\" tabindex=\"-1\"><span class=\"\" title=\"\">Optionale Hochtemperaturversion.<\/span> <span class=\"\" title=\"\">(HTB) PN 1 bar (650 \u00b0 C \/ 1202 \u00b0 F, 30 min)<\/span><\/span><\/li>\n<\/ul>\n<div class=\"text-wrap tlid-copy-target\">\n<h5 class=\"result-shield-container tlid-copy-target\" tabindex=\"0\"><strong><span class=\"tlid-translation translation\" lang=\"de\"><span class=\"\" title=\"\">Technische Daten:<\/span><\/span><\/strong><\/h5>\n<ul>\n<li><span class=\"tlid-translation translation\" lang=\"de\"><span class=\"\" title=\"\"><strong>EG-Baumusterpr\u00fcfbescheinigung<\/strong>: Artikel-Nr.<\/span> <span title=\"\">CE-0085AT0293 \/ DVGW-Nr.<\/span> <span class=\"\" title=\"\">NG-505AT0180<\/span><\/span><\/li>\n<li><span class=\"tlid-translation translation\" lang=\"de\" tabindex=\"-1\"><span class=\"\" title=\"\"><strong>Medium<\/strong>: Erdgas nach DIN-DVGW.<\/span> <span class=\"\" title=\"\">G260 und andere nicht aggressive technische Gase<\/span><\/span><\/li>\n<li><span class=\"tlid-translation translation\" lang=\"de\" tabindex=\"-1\"><span title=\"\"><strong>Maximaler Arbeitsdruck<\/strong>: 16 bar oder 25 bar<\/span><\/span><\/li>\n<li>\n<div class=\"text-wrap tlid-copy-target\">\n<div class=\"result-shield-container tlid-copy-target\" tabindex=\"0\"><span class=\"tlid-translation translation\" lang=\"de\"><span class=\"\" title=\"\"><strong>Arbeitstemperatur<\/strong>: -10 \u00b0 C bis 70 \u00b0 C (kurze Zeit 120 \u00b0 C bei pH 7) optional: -20 \u00b0 C erh\u00e4ltlich<\/span><\/span><\/div>\n<\/div>\n<\/li>\n<li><span class=\"tlid-translation translation\" lang=\"de\" tabindex=\"-1\"><span class=\"\" title=\"\"><strong>Flanschanschluss<\/strong>: 1 &#8222;- 4&#8220; DIN PN16 oder PN 25 optional ANSI 150 # (Version PN 6 jetzt verf\u00fcgbar)<\/span><\/span><\/li>\n<li><span class=\"tlid-translation translation\" lang=\"de\"><span title=\"\"><strong>Druckdifferenz<\/strong>: max.<\/span> <span class=\"\" title=\"\">zul\u00e4ssige Druckdifferenz \u0394P = 1 bar<\/span><\/span><\/li>\n<li><span class=\"tlid-translation translation\" lang=\"de\"><span class=\"\" title=\"\"><strong>\u0394P-Anschluss:<\/strong> Standard-\u0394P-Anschl\u00fcsse G \u00bc \u201dauf beiden Seiten<\/span><\/span><\/li>\n<li>\n<div class=\"text-wrap tlid-copy-target\">\n<div class=\"result-shield-container tlid-copy-target\" tabindex=\"0\"><span class=\"tlid-translation translation\" lang=\"de\"><span class=\"\" title=\"\"><strong>Optional<\/strong>: G 1 &#8222;Abfluss gegen Aufpreis<\/span><\/span><\/div>\n<\/div>\n<\/li>\n<\/ul>\n<\/div>\n<p>&nbsp;<\/p>\n<h5><strong><span class=\"tlid-translation translation\" lang=\"de\" tabindex=\"-1\"><span class=\"\" title=\"\">Baumaterialien:<\/span><\/span><\/strong><\/h5>\n<ul>\n<li><span class=\"tlid-translation translation\" lang=\"de\" tabindex=\"-1\"><span class=\"\" title=\"\"><strong>Filtergeh\u00e4use<\/strong>: Sph\u00e4roguss &#8211; Aluminium GGG40<\/span><\/span><\/li>\n<li><span class=\"tlid-translation translation\" lang=\"de\" tabindex=\"-1\"><span class=\"\" title=\"\"><strong>Abdeckung<\/strong>: Kohlenstoffstahl RSt 37-2<\/span><\/span><\/li>\n<li><span class=\"tlid-translation translation\" lang=\"de\"><span class=\"\" title=\"\"><strong>Abdichtung<\/strong>: Pr\u00e4zisions-O-Ring, erdgasbest\u00e4ndig nach DIN 3535<\/span><\/span><\/li>\n<li><span class=\"tlid-translation translation\" lang=\"de\"><span class=\"\" title=\"\"><strong>Optional<\/strong>: Abnahmepr\u00fcfzeugnis nach DIN 50049 \/ 3.1.B (gegen Mehrpreis)<\/span><\/span><\/li>\n<\/ul>\n<p>&nbsp;<\/p>\n","protected":false},"excerpt":{"rendered":"<div class=\"text-wrap tlid-copy-target\">\n<div class=\"result-shield-container tlid-copy-target\" tabindex=\"0\"><span class=\"tlid-translation translation\" lang=\"de\"><span class=\"\" title=\"\">Der CleanFlow-Koaleszenzfilter wurde speziell f\u00fcr die Behandlung von Biogas entwickelt.<\/span> <span title=\"\">Abtrennung von trockenen Schmutzpartikeln und Erdgas.<\/span> <span class=\"\" title=\"\">Auch mit zus\u00e4tzlicher Koaleszenzfunktion zur Abscheidung von \u00d6lnebel und Aerosolen erh\u00e4ltlich.<\/span> <span class=\"\" title=\"\">Sehr gut geeignet f\u00fcr die stark korrosive Eigenschaft von H2S-haltigem Biogas.<\/span><\/span><\/div>\n<\/div>\n<span class=\"collapseomatic \" id=\"id69e4cd40cad77\"  tabindex=\"0\" title=\"lesen Sie mehr\"    >lesen Sie mehr<\/span><div id=\"target-id69e4cd40cad77\" class=\"collapseomatic_content \"><\/p>\n<div class=\"tlid-transliteration-content transliteration-content full\"><\/div>\n<div>\n<div class=\"text-wrap tlid-copy-target\">\n<h2 class=\"result-shield-container tlid-copy-target\" tabindex=\"0\"><span class=\"tlid-translation translation\" lang=\"de\"><span class=\"\" title=\"\">Filtergeh\u00e4use Typ CF-BG<\/span><\/span><\/h2>\n<\/div>\n<div class=\"text-wrap tlid-copy-target\">\n<div class=\"result-shield-container tlid-copy-target\" tabindex=\"0\"><span class=\"tlid-translation translation\" lang=\"de\"><span class=\"\" title=\"\">Der Biogasfilter von CleanFlow ist ein Gusseisen-Sph\u00e4rogasfilter mit flachem Deckel und Flanschanschl\u00fcssen.<\/span> <span class=\"\" title=\"\">Der Filter ist mit einem einzigartig geformten rechteckigen Filterelement versehen.<\/span> <span class=\"\" title=\"\">Dies hat zur Folge, dass die Filterfl\u00e4che im Vergleich zu herk\u00f6mmlichen zylindrischen Filterkerzen beispiellos gro\u00df ist.<\/span> <span class=\"\" title=\"\">Der Filter hat eine eigene integrierte O-Ring-Dichtung.<\/span><\/span><\/div>\n<div tabindex=\"0\"><\/div>\n<\/div>\n<\/div>\n<h5 class=\"tlid-transliteration-content transliteration-content full\"><span class=\"tlid-translation translation\" lang=\"de\" tabindex=\"-1\"><span class=\"\" title=\"\"><strong>Vorteile<\/strong>:<\/span><\/span><\/h5>\n<ul>\n<li><span class=\"tlid-translation translation\" lang=\"de\" tabindex=\"-1\"><span class=\"\" title=\"\">Durch gleiche Einbaul\u00e4nge gegen herk\u00f6mmliche zylindrische Filterkerzen austauschbar<\/span><\/span><\/li>\n<li><span class=\"tlid-translation translation\" lang=\"de\" tabindex=\"-1\"><span class=\"\" title=\"\">Vielseitig kann die Koaleszenzfunktion leicht ge\u00e4ndert werden, indem ein anderer Filtertyp verwendet wird und der Fl\u00fcssigkeitsablauf blockiert wird<\/span><\/span><\/li>\n<li><span class=\"tlid-translation translation\" lang=\"de\" tabindex=\"-1\"><span class=\"\" title=\"\">Trennt \u00d6lnebel, Kondensation und feste Partikel<\/span><\/span><\/li>\n<li><span class=\"tlid-translation translation\" lang=\"de\" tabindex=\"-1\"><span class=\"\" title=\"\">Extrem effizient nach einem Kompressor oder Gasmotor<\/span><\/span><\/li>\n<li><span class=\"tlid-translation translation\" lang=\"de\" tabindex=\"-1\"><span title=\"\">Pflegeleicht<\/span><\/span><\/li>\n<li>\n<div class=\"text-wrap tlid-copy-target\">\n<div class=\"result-shield-container tlid-copy-target\" tabindex=\"0\"><span class=\"tlid-translation translation\" lang=\"de\"><span class=\"\" title=\"\">Niedrige Kosten<\/span><\/span><\/div>\n<\/div>\n<\/li>\n<li><span class=\"tlid-translation translation\" lang=\"de\" tabindex=\"-1\"><span title=\"\">Leichtes Sph\u00e4roguss &#8211; Aluminium<\/span><\/span><\/li>\n<li><span class=\"tlid-translation translation\" lang=\"de\" tabindex=\"-1\"><span class=\"\" title=\"\">Keine Silikonmaterialien verwendet: Silikon l\u00f6st sich in Erdgas<\/span><\/span><\/li>\n<li>\n<div class=\"text-wrap tlid-copy-target\">\n<div class=\"result-shield-container tlid-copy-target\" tabindex=\"0\"><span class=\"tlid-translation translation\" lang=\"de\"><span class=\"\" title=\"\">Vollbrennbare Filterelemente aus Zellulose in Polyesterqualit\u00e4t und optional h\u00f6herer Mikroqualit\u00e4t<\/span><\/span><\/div>\n<\/div>\n<\/li>\n<li>\n<div class=\"text-wrap tlid-copy-target\">\n<div class=\"result-shield-container tlid-copy-target\" tabindex=\"0\"><span class=\"tlid-translation translation\" lang=\"de\"><span class=\"\" title=\"\">Die Filterfl\u00e4che ist doppelt so gro\u00df wie eine vergleichbare zylindrische Filterkerze<\/span><\/span><\/div>\n<\/div>\n<\/li>\n<li><span class=\"tlid-translation translation\" lang=\"de\" tabindex=\"-1\"><span class=\"\" title=\"\">Gr\u00f6\u00dfere Schmutzansammlung als bei der zylindrischen Filterkerze<\/span><\/span><\/li>\n<li><span class=\"tlid-translation translation\" lang=\"de\" tabindex=\"-1\"><span class=\"\" title=\"\">Optionale Hochtemperaturversion.<\/span> <span class=\"\" title=\"\">(HTB) PN 1 bar (650 \u00b0 C \/ 1202 \u00b0 F, 30 min)<\/span><\/span><\/li>\n<\/ul>\n<div class=\"text-wrap tlid-copy-target\">\n<h5 class=\"result-shield-container tlid-copy-target\" tabindex=\"0\"><strong><span class=\"tlid-translation translation\" lang=\"de\"><span class=\"\" title=\"\">Technische Daten:<\/span><\/span><\/strong><\/h5>\n<ul>\n<li><span class=\"tlid-translation translation\" lang=\"de\"><span class=\"\" title=\"\"><strong>EG-Baumusterpr\u00fcfbescheinigung<\/strong>: Artikel-Nr.<\/span> <span title=\"\">CE-0085AT0293 \/ DVGW-Nr.<\/span> <span class=\"\" title=\"\">NG-505AT0180<\/span><\/span><\/li>\n<li><span class=\"tlid-translation translation\" lang=\"de\" tabindex=\"-1\"><span class=\"\" title=\"\"><strong>Medium<\/strong>: Erdgas nach DIN-DVGW.<\/span> <span class=\"\" title=\"\">G260 und andere nicht aggressive technische Gase<\/span><\/span><\/li>\n<li><span class=\"tlid-translation translation\" lang=\"de\" tabindex=\"-1\"><span title=\"\"><strong>Maximaler Arbeitsdruck<\/strong>: 16 bar oder 25 bar<\/span><\/span><\/li>\n<li>\n<div class=\"text-wrap tlid-copy-target\">\n<div class=\"result-shield-container tlid-copy-target\" tabindex=\"0\"><span class=\"tlid-translation translation\" lang=\"de\"><span class=\"\" title=\"\"><strong>Arbeitstemperatur<\/strong>: -10 \u00b0 C bis 70 \u00b0 C (kurze Zeit 120 \u00b0 C bei pH 7) optional: -20 \u00b0 C erh\u00e4ltlich<\/span><\/span><\/div>\n<\/div>\n<\/li>\n<li><span class=\"tlid-translation translation\" lang=\"de\" tabindex=\"-1\"><span class=\"\" title=\"\"><strong>Flanschanschluss<\/strong>: 1 &#8222;- 4&#8220; DIN PN16 oder PN 25 optional ANSI 150 # (Version PN 6 jetzt verf\u00fcgbar)<\/span><\/span><\/li>\n<li><span class=\"tlid-translation translation\" lang=\"de\"><span title=\"\"><strong>Druckdifferenz<\/strong>: max.<\/span> <span class=\"\" title=\"\">zul\u00e4ssige Druckdifferenz \u0394P = 1 bar<\/span><\/span><\/li>\n<li><span class=\"tlid-translation translation\" lang=\"de\"><span class=\"\" title=\"\"><strong>\u0394P-Anschluss:<\/strong> Standard-\u0394P-Anschl\u00fcsse G \u00bc \u201dauf beiden Seiten<\/span><\/span><\/li>\n<li>\n<div class=\"text-wrap tlid-copy-target\">\n<div class=\"result-shield-container tlid-copy-target\" tabindex=\"0\"><span class=\"tlid-translation translation\" lang=\"de\"><span class=\"\" title=\"\"><strong>Optional<\/strong>: G 1 &#8222;Abfluss gegen Aufpreis<\/span><\/span><\/div>\n<\/div>\n<\/li>\n<\/ul>\n<\/div>\n<p>&nbsp;<\/p>\n<h5><strong><span class=\"tlid-translation translation\" lang=\"de\" tabindex=\"-1\"><span class=\"\" title=\"\">Baumaterialien:<\/span><\/span><\/strong><\/h5>\n<ul>\n<li><span class=\"tlid-translation translation\" lang=\"de\" tabindex=\"-1\"><span class=\"\" title=\"\"><strong>Filtergeh\u00e4use<\/strong>: Sph\u00e4roguss &#8211; Aluminium GGG40<\/span><\/span><\/li>\n<li><span class=\"tlid-translation translation\" lang=\"de\" tabindex=\"-1\"><span class=\"\" title=\"\"><strong>Abdeckung<\/strong>: Kohlenstoffstahl RSt 37-2<\/span><\/span><\/li>\n<li><span class=\"tlid-translation translation\" lang=\"de\"><span class=\"\" title=\"\"><strong>Abdichtung<\/strong>: Pr\u00e4zisions-O-Ring, erdgasbest\u00e4ndig nach DIN 3535<\/span><\/span><\/li>\n<li><span class=\"tlid-translation translation\" lang=\"de\"><span class=\"\" title=\"\"><strong>Optional<\/strong>: Abnahmepr\u00fcfzeugnis nach DIN 50049 \/ 3.1.B (gegen Mehrpreis)<\/span><\/span><\/li>\n<\/ul>\n<p>&nbsp;<\/p>\n<p><\/div>\n<p><a href=\"\/angebot\/\" target=\"_self\"><button type=\"button\">Angebot anfordern <\/button><\/a><\/p>\n","protected":false},"featured_media":1651,"comment_status":"closed","ping_status":"closed","template":"","meta":{"_glsr_average":0,"_glsr_ranking":0,"_glsr_reviews":0,"wds_primary_product_cat":0},"product_cat":[116],"product_tag":[],"_links":{"self":[{"href":"https:\/\/www.cleanflowfilter.nl\/de\/wp-json\/wp\/v2\/product\/1747"}],"collection":[{"href":"https:\/\/www.cleanflowfilter.nl\/de\/wp-json\/wp\/v2\/product"}],"about":[{"href":"https:\/\/www.cleanflowfilter.nl\/de\/wp-json\/wp\/v2\/types\/product"}],"replies":[{"embeddable":true,"href":"https:\/\/www.cleanflowfilter.nl\/de\/wp-json\/wp\/v2\/comments?post=1747"}],"wp:featuredmedia":[{"embeddable":true,"href":"https:\/\/www.cleanflowfilter.nl\/de\/wp-json\/wp\/v2\/media\/1651"}],"wp:attachment":[{"href":"https:\/\/www.cleanflowfilter.nl\/de\/wp-json\/wp\/v2\/media?parent=1747"}],"wp:term":[{"taxonomy":"product_cat","embeddable":true,"href":"https:\/\/www.cleanflowfilter.nl\/de\/wp-json\/wp\/v2\/product_cat?post=1747"},{"taxonomy":"product_tag","embeddable":true,"href":"https:\/\/www.cleanflowfilter.nl\/de\/wp-json\/wp\/v2\/product_tag?post=1747"}],"curies":[{"name":"wp","href":"https:\/\/api.w.org\/{rel}","templated":true}]}}