{"id":1758,"date":"2019-10-16T13:40:22","date_gmt":"2019-10-28T12:22:03","guid":{"rendered":"http:\/\/www.cleanflowfilter.nl\/?post_type=product&#038;p=1758"},"modified":"2019-10-31T13:46:04","modified_gmt":"2019-10-31T12:46:04","slug":"mehrere-beutel-filter-gehaeuse","status":"publish","type":"product","link":"https:\/\/www.cleanflowfilter.nl\/de\/filtergehause-de\/filterbeutel-gehaeuse\/mehrere-beutel-filter-gehaeuse\/","title":{"rendered":"Mehrere Beutel Filter Geh\u00e4use"},"content":{"rendered":"<p>Mehrfachfiltergeh\u00e4use sind die perfekte L\u00f6sung f\u00fcr Anwendungen, die eine \u00fcberdurchschnittliche Durchflussrate erfordern und bei denen der Platz begrenzt ist.<br \/>\nDie hochwertigen Klappschrauben und der Hebearm machen dieses Geh\u00e4use zur perfekten Wahl f\u00fcr Anwendungen mit hohem Durchfluss. Diese industrielle Reihe von Inox-Beutelfiltergeh\u00e4usen ist mit einer Vielzahl von Optionen erh\u00e4ltlich.<\/p>\n<p>Platz f\u00fcr 2 bis 12 St\u00fcck, Filterbeutel der Gr\u00f6\u00dfe 1 oder 2<br \/>\nEdelstahl 316 oder 304<br \/>\nStandard-Faltbolzen- \/ Ringschraubenverschluss oder optionaler Schnellverschluss<br \/>\nKombinierbar mit den nachgefalteten Filterkerzen der HIE-Serie<br \/>\nZuverl\u00e4ssig auslaufsicheres Deckel-Design<br \/>\nOptionaler Davitarm mit Handrad, hydraulisch ge\u00f6ffnetem Deckel oder Federhalterungen zur einfacheren Bedienung<br \/>\nKundenspezifisches Design f\u00fcr Anwendungen, die hohen Druck, erh\u00f6hte chemische oder korrosive Best\u00e4ndigkeit und kundenspezifische Anschl\u00fcsse erfordern<br \/>\nEin- \/ Ausgangsanschl\u00fcsse von 2 \u201e- 12\u201c<br \/>\nFilterbeutelgr\u00f6\u00dfen: 1 und 2<br \/>\nMax. Druck: 10 bar bei 90 \u00b0 C<br \/>\nMSB-Serie \u2013 Standard<br \/>\nMQB-Serie \u2013 Schnellverschlussmechanismus ideal f\u00fcr h\u00e4ufigen Austausch<\/p>\n","protected":false},"excerpt":{"rendered":"<p>Mehrfachfiltergeh\u00e4use sind die perfekte L\u00f6sung f\u00fcr Anwendungen, die eine \u00fcberdurchschnittliche Durchflussrate erfordern und bei denen der Platz begrenzt ist.<br \/>\nDie hochwertigen Klappschrauben und der Hebearm machen dieses Geh\u00e4use zur perfekten Wahl f\u00fcr Anwendungen mit hohem Durchfluss. Diese industrielle Reihe von Inox-Beutelfiltergeh\u00e4usen ist mit einer Vielzahl von Optionen erh\u00e4ltlich.<\/p>\n<span class=\"collapseomatic \" id=\"id69f25b191a781\"  tabindex=\"0\" title=\"lesen Sie mehr\"    >lesen Sie mehr<\/span><div id=\"target-id69f25b191a781\" class=\"collapseomatic_content \"><\/p>\n<p>Platz f\u00fcr 2 bis 12 St\u00fcck, Filterbeutel der Gr\u00f6\u00dfe 1 oder 2<br \/>\nEdelstahl 316 oder 304<br \/>\nStandard-Faltbolzen- \/ Ringschraubenverschluss oder optionaler Schnellverschluss<br \/>\nKombinierbar mit den nachgefalteten Filterkerzen der HIE-Serie<br \/>\nZuverl\u00e4ssig auslaufsicheres Deckel-Design<br \/>\nOptionaler Davitarm mit Handrad, hydraulisch ge\u00f6ffnetem Deckel oder Federhalterungen zur einfacheren Bedienung<br \/>\nKundenspezifisches Design f\u00fcr Anwendungen, die hohen Druck, erh\u00f6hte chemische oder korrosive Best\u00e4ndigkeit und kundenspezifische Anschl\u00fcsse erfordern<br \/>\nEin- \/ Ausgangsanschl\u00fcsse von 2 \u201e- 12\u201c<br \/>\nFilterbeutelgr\u00f6\u00dfen: 1 und 2<br \/>\nMax. Druck: 10 bar bei 90 \u00b0 C<br \/>\nMSB-Serie \u2013 Standard<br \/>\nMQB-Serie \u2013 Schnellverschlussmechanismus ideal f\u00fcr h\u00e4ufigen Austausch<\/p>\n<p><\/div>\n<p><a href=\"\/angebot\/\" target=\"_self\"><button type=\"button\">Angebot anfordern <\/button><\/a><\/p>\n","protected":false},"featured_media":1602,"comment_status":"closed","ping_status":"closed","template":"","meta":{"_glsr_average":0,"_glsr_ranking":0,"_glsr_reviews":0,"wds_primary_product_cat":0},"product_cat":[108],"product_tag":[],"_links":{"self":[{"href":"https:\/\/www.cleanflowfilter.nl\/de\/wp-json\/wp\/v2\/product\/1758"}],"collection":[{"href":"https:\/\/www.cleanflowfilter.nl\/de\/wp-json\/wp\/v2\/product"}],"about":[{"href":"https:\/\/www.cleanflowfilter.nl\/de\/wp-json\/wp\/v2\/types\/product"}],"replies":[{"embeddable":true,"href":"https:\/\/www.cleanflowfilter.nl\/de\/wp-json\/wp\/v2\/comments?post=1758"}],"wp:featuredmedia":[{"embeddable":true,"href":"https:\/\/www.cleanflowfilter.nl\/de\/wp-json\/wp\/v2\/media\/1602"}],"wp:attachment":[{"href":"https:\/\/www.cleanflowfilter.nl\/de\/wp-json\/wp\/v2\/media?parent=1758"}],"wp:term":[{"taxonomy":"product_cat","embeddable":true,"href":"https:\/\/www.cleanflowfilter.nl\/de\/wp-json\/wp\/v2\/product_cat?post=1758"},{"taxonomy":"product_tag","embeddable":true,"href":"https:\/\/www.cleanflowfilter.nl\/de\/wp-json\/wp\/v2\/product_tag?post=1758"}],"curies":[{"name":"wp","href":"https:\/\/api.w.org\/{rel}","templated":true}]}}