{"id":1759,"date":"2019-10-16T13:29:39","date_gmt":"2019-10-28T12:26:38","guid":{"rendered":"http:\/\/www.cleanflowfilter.nl\/?post_type=product&#038;p=1759"},"modified":"2019-10-31T13:46:28","modified_gmt":"2019-10-31T12:46:28","slug":"einzel-beutel-gehaeuse","status":"publish","type":"product","link":"https:\/\/www.cleanflowfilter.nl\/de\/filtergehause-de\/filterbeutel-gehaeuse\/einzel-beutel-gehaeuse\/","title":{"rendered":"Einzel Beutel Geh\u00e4use"},"content":{"rendered":"<h2>Beliebte Einsteigerfiltergeh\u00e4use aus Edelstahl.<\/h2>\n<p>Unsere Filtergeh\u00e4use aus Edelstahl sind f\u00fcr h\u00f6here Durchflussraten ausgelegt und bieten die Wahl zwischen kommerziellen und industriellen Konfigurationen. Sehr beliebt wegen ihrer geringen Kosten im Vergleich zu hoher Durchflussrate und um Verschmutzung in gro\u00dfen Mengen zu entfernen.<\/p>\n<ul>\n<li>Einlass oben oder Standard seitlich<\/li>\n<li>Edelstahl 316 oder 304<\/li>\n<li>Standard-Schwenkverschluss oder V-Clamp-Verschluss<\/li>\n<li>Geeignet f\u00fcr Filterbeutel-Filter der HIE-Serie<\/li>\n<li>Standardm\u00e4\u00dfig mit verstellbaren F\u00fc\u00dfen zur einfachen Installation geliefert<\/li>\n<li>Optional elektropolierte Oberfl\u00e4che<\/li>\n<li>Filterbeutelgr\u00f6\u00dfen: 1, 2, 3 und 4<\/li>\n<li>Max. Druck: 10 bar bei 90 \u00b0 C<br \/>\n<strong>FSB-T Serie \u2013<\/strong> Einlass oben. Bessere Filtrationsergebnisse durch gleichm\u00e4\u00dfigen Durchfluss \u2013 Gr\u00f6\u00dfen 1, 2, 3 und 4<br \/>\n<strong>FSB-S Serie \u2013<\/strong> Seitlicher Einlass mit geformtem Edelstahldeckel \u2013 Gr\u00f6\u00dfen 1 und 2<br \/>\n<strong>FSB-M-Serie \u2013<\/strong> Seitlicher Einlass mit hergestelltem Edelstahldeckel \u2013 Gr\u00f6\u00dfen 1 und 2<\/li>\n<\/ul>\n","protected":false},"excerpt":{"rendered":"<h2>Beliebte Einsteigerfiltergeh\u00e4use aus Edelstahl.<\/h2>\n<p>Unsere Filtergeh\u00e4use aus Edelstahl sind f\u00fcr h\u00f6here Durchflussraten ausgelegt und bieten die Wahl zwischen kommerziellen und industriellen Konfigurationen. Sehr beliebt wegen ihrer geringen Kosten im Vergleich zu hoher Durchflussrate und um Verschmutzung in gro\u00dfen Mengen zu entfernen.<\/p>\n<span class=\"collapseomatic \" id=\"id69f232c21b229\"  tabindex=\"0\" title=\"lesen Sie mehr\"    >lesen Sie mehr<\/span><div id=\"target-id69f232c21b229\" class=\"collapseomatic_content \"><\/p>\n<ul>\n<li>Einlass oben oder Standard seitlich<\/li>\n<li>Edelstahl 316 oder 304<\/li>\n<li>Standard-Schwenkverschluss oder V-Clamp-Verschluss<\/li>\n<li>Geeignet f\u00fcr Filterbeutel-Filter der HIE-Serie<\/li>\n<li>Standardm\u00e4\u00dfig mit verstellbaren F\u00fc\u00dfen zur einfachen Installation geliefert<\/li>\n<li>Optional elektropolierte Oberfl\u00e4che<\/li>\n<li>Filterbeutelgr\u00f6\u00dfen: 1, 2, 3 und 4<\/li>\n<li>Max. Druck: 10 bar bei 90 \u00b0 C<br \/>\n<strong>FSB-T Serie \u2013<\/strong> Einlass oben. Bessere Filtrationsergebnisse durch gleichm\u00e4\u00dfigen Durchfluss \u2013 Gr\u00f6\u00dfen 1, 2, 3 und 4<br \/>\n<strong>FSB-S Serie \u2013<\/strong> Seitlicher Einlass mit geformtem Edelstahldeckel \u2013 Gr\u00f6\u00dfen 1 und 2<br \/>\n<strong>FSB-M-Serie \u2013<\/strong> Seitlicher Einlass mit hergestelltem Edelstahldeckel \u2013 Gr\u00f6\u00dfen 1 und 2<\/li>\n<\/ul>\n<p><\/div>\n<p><a href=\"\/angebot\/\" target=\"_self\"><button type=\"button\">Angebot anfordern <\/button><\/a><\/p>\n","protected":false},"featured_media":1528,"comment_status":"closed","ping_status":"closed","template":"","meta":{"_glsr_average":0,"_glsr_ranking":0,"_glsr_reviews":0,"wds_primary_product_cat":0},"product_cat":[108],"product_tag":[],"_links":{"self":[{"href":"https:\/\/www.cleanflowfilter.nl\/de\/wp-json\/wp\/v2\/product\/1759"}],"collection":[{"href":"https:\/\/www.cleanflowfilter.nl\/de\/wp-json\/wp\/v2\/product"}],"about":[{"href":"https:\/\/www.cleanflowfilter.nl\/de\/wp-json\/wp\/v2\/types\/product"}],"replies":[{"embeddable":true,"href":"https:\/\/www.cleanflowfilter.nl\/de\/wp-json\/wp\/v2\/comments?post=1759"}],"wp:featuredmedia":[{"embeddable":true,"href":"https:\/\/www.cleanflowfilter.nl\/de\/wp-json\/wp\/v2\/media\/1528"}],"wp:attachment":[{"href":"https:\/\/www.cleanflowfilter.nl\/de\/wp-json\/wp\/v2\/media?parent=1759"}],"wp:term":[{"taxonomy":"product_cat","embeddable":true,"href":"https:\/\/www.cleanflowfilter.nl\/de\/wp-json\/wp\/v2\/product_cat?post=1759"},{"taxonomy":"product_tag","embeddable":true,"href":"https:\/\/www.cleanflowfilter.nl\/de\/wp-json\/wp\/v2\/product_tag?post=1759"}],"curies":[{"name":"wp","href":"https:\/\/api.w.org\/{rel}","templated":true}]}}