{"id":1760,"date":"2019-10-16T13:19:11","date_gmt":"2019-10-28T12:34:11","guid":{"rendered":"http:\/\/www.cleanflowfilter.nl\/?post_type=product&#038;p=1760"},"modified":"2019-10-31T13:46:49","modified_gmt":"2019-10-31T12:46:49","slug":"mehrere-kerzen-industriell-filter-gehaeuse-mit-entwurfcode","status":"publish","type":"product","link":"https:\/\/www.cleanflowfilter.nl\/de\/filtergehause-de\/mehrere-filterkerzenhauser-de\/mehrere-kerzen-industriell-filter-gehaeuse-mit-entwurfcode\/","title":{"rendered":"Mehrere Kerzen industriell Filter Geh\u00e4use mit Entwurfcode"},"content":{"rendered":"<h2>Industrielle Mehrfachfilter Kerze Geh\u00e4use Anfrage Taste o mt nl<br \/>\nEntwickelt f\u00fcr Anwendungen mit hohem Durchfluss. Diese Geh\u00e4use bieten eine Vielzahl von L\u00f6sungen f\u00fcr anspruchsvolle industrielle Filtrationsanwendungen. Einfach zu installieren und zu warten mit einer langen Lebensdauer der Filterkerze.<\/h2>\n<ul>\n<li>Innovative Dichtung, die sowohl f\u00fcr Doppel-Open-End- als auch f\u00fcr 222-O-Ring-<\/li>\n<li>Filterpatronen mit offenem Ende geeignet ist<\/li>\n<li>Benutzerfreundliche Ringschraube \/ Klappschraube mit Hubarm<\/li>\n<li>Hochdruck-, kundenspezifischer und europ\u00e4ischer und ASME U-Stempel-Designcode verf\u00fcgbar<\/li>\n<li>Edelstahl 316 oder 304<\/li>\n<li>12 \u2013 147 Filterkerzen rundes Geh\u00e4use<\/li>\n<li>Kerzenl\u00e4nge filtern: 20 \u201e- 50\u201c<\/li>\n<li>Max. Druck: 10 bar bei 90 \u00b0 C<\/li>\n<\/ul>\n<h3><\/h3>\n<h3>Auff\u00fchrungen:<\/h3>\n<p><strong>MSV-Serie<\/strong> \u2013 Standard vertikales Geh\u00e4use<br \/>\n<strong>MHH-Serie<\/strong> \u2013 Spezialisierte horizontale High-Flow-Geh\u00e4use f\u00fcr plissierte Multi-High-Flow-Filterkerzen<\/p>\n","protected":false},"excerpt":{"rendered":"<h2>Industrielle Mehrfachfilter Kerze Geh\u00e4use Anfrage Taste o mt nl<br \/>\nEntwickelt f\u00fcr Anwendungen mit hohem Durchfluss. Diese Geh\u00e4use bieten eine Vielzahl von L\u00f6sungen f\u00fcr anspruchsvolle industrielle Filtrationsanwendungen. Einfach zu installieren und zu warten mit einer langen Lebensdauer der Filterkerze.<\/h2>\n<span class=\"collapseomatic \" id=\"id69fa48b492f10\"  tabindex=\"0\" title=\"lesen Sie mehr\"    >lesen Sie mehr<\/span><div id=\"target-id69fa48b492f10\" class=\"collapseomatic_content \"><\/p>\n<ul>\n<li>Innovative Dichtung, die sowohl f\u00fcr Doppel-Open-End- als auch f\u00fcr 222-O-Ring-<\/li>\n<li>Filterpatronen mit offenem Ende geeignet ist<\/li>\n<li>Benutzerfreundliche Ringschraube \/ Klappschraube mit Hubarm<\/li>\n<li>Hochdruck-, kundenspezifischer und europ\u00e4ischer und ASME U-Stempel-Designcode verf\u00fcgbar<\/li>\n<li>Edelstahl 316 oder 304<\/li>\n<li>12 \u2013 147 Filterkerzen rundes Geh\u00e4use<\/li>\n<li>Kerzenl\u00e4nge filtern: 20 \u201e- 50\u201c<\/li>\n<li>Max. Druck: 10 bar bei 90 \u00b0 C<\/li>\n<\/ul>\n<h3><\/h3>\n<h3>Auff\u00fchrungen:<\/h3>\n<p><strong>MSV-Serie<\/strong> \u2013 Standard vertikales Geh\u00e4use<br \/>\n<strong>MHH-Serie<\/strong> \u2013 Spezialisierte horizontale High-Flow-Geh\u00e4use f\u00fcr plissierte Multi-High-Flow-Filterkerzen<\/p>\n<p><\/div>\n<p><a href=\"\/angebot\/\" target=\"_self\"><button type=\"button\">Angebot anfordern <\/button><\/a><\/p>\n","protected":false},"featured_media":1522,"comment_status":"closed","ping_status":"closed","template":"","meta":{"_glsr_average":0,"_glsr_ranking":0,"_glsr_reviews":0,"wds_primary_product_cat":0},"product_cat":[103],"product_tag":[],"_links":{"self":[{"href":"https:\/\/www.cleanflowfilter.nl\/de\/wp-json\/wp\/v2\/product\/1760"}],"collection":[{"href":"https:\/\/www.cleanflowfilter.nl\/de\/wp-json\/wp\/v2\/product"}],"about":[{"href":"https:\/\/www.cleanflowfilter.nl\/de\/wp-json\/wp\/v2\/types\/product"}],"replies":[{"embeddable":true,"href":"https:\/\/www.cleanflowfilter.nl\/de\/wp-json\/wp\/v2\/comments?post=1760"}],"wp:featuredmedia":[{"embeddable":true,"href":"https:\/\/www.cleanflowfilter.nl\/de\/wp-json\/wp\/v2\/media\/1522"}],"wp:attachment":[{"href":"https:\/\/www.cleanflowfilter.nl\/de\/wp-json\/wp\/v2\/media?parent=1760"}],"wp:term":[{"taxonomy":"product_cat","embeddable":true,"href":"https:\/\/www.cleanflowfilter.nl\/de\/wp-json\/wp\/v2\/product_cat?post=1760"},{"taxonomy":"product_tag","embeddable":true,"href":"https:\/\/www.cleanflowfilter.nl\/de\/wp-json\/wp\/v2\/product_tag?post=1760"}],"curies":[{"name":"wp","href":"https:\/\/api.w.org\/{rel}","templated":true}]}}