{"id":1761,"date":"2019-10-16T13:18:51","date_gmt":"2019-10-28T12:43:01","guid":{"rendered":"http:\/\/www.cleanflowfilter.nl\/?post_type=product&#038;p=1761"},"modified":"2019-10-31T13:47:10","modified_gmt":"2019-10-31T12:47:10","slug":"kommerziell-filter-gehaeuse","status":"publish","type":"product","link":"https:\/\/www.cleanflowfilter.nl\/de\/filtergehause-de\/mehrere-filterkerzenhauser-de\/kommerziell-filter-gehaeuse\/","title":{"rendered":"Kommerziell Filter Geh\u00e4use"},"content":{"rendered":"<h2>Kommerzielle Edelstahl Mehrfachfilterkerze casesrequest Taste o mt nl<\/h2>\n<ul>\n<li>Gewerbliche Edelstahl-Kerzenkerzengeh\u00e4use f\u00fcr eine Vielzahl von Anwendungen.<\/li>\n<li>Innovative Dichtung, die sowohl f\u00fcr Doppel-Open-End- (DOE) als auch f\u00fcr 222 O-Ring-Open End-Filterpatronen geeignet ist<\/li>\n<li>Benutzerfreundliche V-Klemme oder einfache Ringschraube \/ Faltschraube. Keine Werkzeuge erforderlich<\/li>\n<li>Variation in L\u00e4nge und Anschlussgr\u00f6\u00dfen verf\u00fcgbar<\/li>\n<li>Elektrisch polierte Version verf\u00fcgbar<\/li>\n<li>Edelstahl 316 oder 304<\/li>\n<li>3 \u2013 28 St\u00fcck Filterkerzengeh\u00e4use<\/li>\n<li>Filterkerzenl\u00e4nge: 10 \u201e- 20\u201c \u2013 30 \u201eund 40\u201c<\/li>\n<li>Max. Druck: 10 bar bei 90 \u00b0 C\n<p><strong>SDV-Serie<\/strong> \u2013 Hygienische Einzel- und Mehrfachfilterkerzengeh\u00e4use<br \/>\n<strong>TKV-Serie<\/strong> \u2013 V-Klemmverschluss mit konvexem Deckel<br \/>\n<strong>TKF-Serie<\/strong> \u2013 Ringschraube \/ Faltschraube mit flacher oder konvexer Abdeckung<\/li>\n<\/ul>\n","protected":false},"excerpt":{"rendered":"<h2>Kommerzielle Edelstahl Mehrfachfilterkerze casesrequest Taste o mt nl<\/h2>\n<ul>\n<li>Gewerbliche Edelstahl-Kerzenkerzengeh\u00e4use f\u00fcr eine Vielzahl von Anwendungen.<\/li>\n<li>Innovative Dichtung, die sowohl f\u00fcr Doppel-Open-End- (DOE) als auch f\u00fcr 222 O-Ring-Open End-Filterpatronen geeignet ist<\/li>\n<li>Benutzerfreundliche V-Klemme oder einfache Ringschraube \/ Faltschraube. Keine Werkzeuge erforderlich<\/li>\n<li>Variation in L\u00e4nge und Anschlussgr\u00f6\u00dfen verf\u00fcgbar<\/li>\n<li>Elektrisch polierte Version verf\u00fcgbar<\/li>\n<li>Edelstahl 316 oder 304<\/li>\n<li>3 \u2013 28 St\u00fcck Filterkerzengeh\u00e4use<\/li>\n<li>Filterkerzenl\u00e4nge: 10 \u201e- 20\u201c \u2013 30 \u201eund 40\u201c<\/li>\n<li>Max. Druck: 10 bar bei 90 \u00b0 C\n<span class=\"collapseomatic \" id=\"id69e9c5f853601\"  tabindex=\"0\" title=\"lesen Sie mehr\"    >lesen Sie mehr<\/span><div id=\"target-id69e9c5f853601\" class=\"collapseomatic_content \"><\/p>\n<p><strong>SDV-Serie<\/strong> \u2013 Hygienische Einzel- und Mehrfachfilterkerzengeh\u00e4use<br \/>\n<strong>TKV-Serie<\/strong> \u2013 V-Klemmverschluss mit konvexem Deckel<br \/>\n<strong>TKF-Serie<\/strong> \u2013 Ringschraube \/ Faltschraube mit flacher oder konvexer Abdeckung<\/li>\n<\/ul>\n<p><\/div>\n<p><a href=\"\/angebot\/\" target=\"_self\"><button type=\"button\">Angebot anfordern <\/button><\/a><\/p>\n","protected":false},"featured_media":1591,"comment_status":"closed","ping_status":"closed","template":"","meta":{"_glsr_average":0,"_glsr_ranking":0,"_glsr_reviews":0,"wds_primary_product_cat":0},"product_cat":[103],"product_tag":[],"_links":{"self":[{"href":"https:\/\/www.cleanflowfilter.nl\/de\/wp-json\/wp\/v2\/product\/1761"}],"collection":[{"href":"https:\/\/www.cleanflowfilter.nl\/de\/wp-json\/wp\/v2\/product"}],"about":[{"href":"https:\/\/www.cleanflowfilter.nl\/de\/wp-json\/wp\/v2\/types\/product"}],"replies":[{"embeddable":true,"href":"https:\/\/www.cleanflowfilter.nl\/de\/wp-json\/wp\/v2\/comments?post=1761"}],"wp:featuredmedia":[{"embeddable":true,"href":"https:\/\/www.cleanflowfilter.nl\/de\/wp-json\/wp\/v2\/media\/1591"}],"wp:attachment":[{"href":"https:\/\/www.cleanflowfilter.nl\/de\/wp-json\/wp\/v2\/media?parent=1761"}],"wp:term":[{"taxonomy":"product_cat","embeddable":true,"href":"https:\/\/www.cleanflowfilter.nl\/de\/wp-json\/wp\/v2\/product_cat?post=1761"},{"taxonomy":"product_tag","embeddable":true,"href":"https:\/\/www.cleanflowfilter.nl\/de\/wp-json\/wp\/v2\/product_tag?post=1761"}],"curies":[{"name":"wp","href":"https:\/\/api.w.org\/{rel}","templated":true}]}}