{"id":1762,"date":"2019-10-16T13:17:02","date_gmt":"2019-10-28T12:51:47","guid":{"rendered":"http:\/\/www.cleanflowfilter.nl\/?post_type=product&#038;p=1762"},"modified":"2019-10-31T13:47:46","modified_gmt":"2019-10-31T12:47:46","slug":"edelstahl-gehaeuse","status":"publish","type":"product","link":"https:\/\/www.cleanflowfilter.nl\/de\/filtergehause-de\/einzel-filterkerzen-hauser-de\/edelstahl-gehaeuse\/","title":{"rendered":"Edelstahl Geh\u00e4use"},"content":{"rendered":"<h2>Kerzengeh\u00e4use aus Edelstahl f\u00fcr eine Vielzahl von Anwendungen in der Industrie und im Sanit\u00e4rbereich.<\/h2>\n<ul>\n<li>Geeignet f\u00fcr offene Filterkerzen mit offenem Ende oder nur mit 222 O-Ringen<\/li>\n<li>Benutzerfreundlicher Tri-Clamp- oder einfacher T-Nut-Verschluss, kein Werkzeug erforderlich<\/li>\n<li>Variation der L\u00e4ngen und Anschlussgr\u00f6\u00dfen verf\u00fcgbar<\/li>\n<li>Sanit\u00e4re Elektro-Polnisch-Ausf\u00fchrung ist eine Option<\/li>\n<li>Edelstahl 316 oder 304<\/li>\n<li>Filterkerzenl\u00e4nge: 4 \u201e, 10\u201c, 20 \u201e, 30\u201c und 40 \u201e<\/li>\n<li>Max. Druck: 12,1 bar bei 70 \u00b0 C\n<p><strong>IDV-DOE-Serie \u2013<\/strong> Filterkerze mit zwei offenen Enden, Edelstahl 316, Tri-Clamp<br \/>\n<strong>IDV-3 Serie \u2013<\/strong> 222 O-Ring Filterkerze, einseitig offen, Edelstahl 316 elektropoliert, Tri-Clamp<br \/>\n<strong>IDV-6-Serie \u2013<\/strong> Mega-Flow-226 O-Ring einzige offenes Ende Filterkerze, 316 Edelstahl elektropoliert, Tri-Clamp-Verschluss<br \/>\n<strong>SVS-Serie \u2013<\/strong> Filterkerze mit zwei offenen Enden, Edelstahl 304 oder 316 mit T-Mutter-Verschluss<br \/>\n<strong>CSV-Serie \u2013<\/strong> Spezielles Design f\u00fcr FasClean-Flow Filterkerzen, Tri-Clamp-Verschluss<\/li>\n<\/ul>\n","protected":false},"excerpt":{"rendered":"<h2>Kerzengeh\u00e4use aus Edelstahl f\u00fcr eine Vielzahl von Anwendungen in der Industrie und im Sanit\u00e4rbereich.<\/h2>\n<ul>\n<li>Geeignet f\u00fcr offene Filterkerzen mit offenem Ende oder nur mit 222 O-Ringen<\/li>\n<li>Benutzerfreundlicher Tri-Clamp- oder einfacher T-Nut-Verschluss, kein Werkzeug erforderlich<\/li>\n<li>Variation der L\u00e4ngen und Anschlussgr\u00f6\u00dfen verf\u00fcgbar<\/li>\n<li>Sanit\u00e4re Elektro-Polnisch-Ausf\u00fchrung ist eine Option<\/li>\n<li>Edelstahl 316 oder 304<\/li>\n<li>Filterkerzenl\u00e4nge: 4 \u201e, 10\u201c, 20 \u201e, 30\u201c und 40 \u201e<\/li>\n<li>Max. Druck: 12,1 bar bei 70 \u00b0 C\n<span class=\"collapseomatic \" id=\"id69e98238b5e51\"  tabindex=\"0\" title=\"lesen Sie mehr\"    >lesen Sie mehr<\/span><div id=\"target-id69e98238b5e51\" class=\"collapseomatic_content \"> <\/p>\n<p><strong>IDV-DOE-Serie \u2013<\/strong> Filterkerze mit zwei offenen Enden, Edelstahl 316, Tri-Clamp<br \/>\n<strong>IDV-3 Serie \u2013<\/strong> 222 O-Ring Filterkerze, einseitig offen, Edelstahl 316 elektropoliert, Tri-Clamp<br \/>\n<strong>IDV-6-Serie \u2013<\/strong> Mega-Flow-226 O-Ring einzige offenes Ende Filterkerze, 316 Edelstahl elektropoliert, Tri-Clamp-Verschluss<br \/>\n<strong>SVS-Serie \u2013<\/strong> Filterkerze mit zwei offenen Enden, Edelstahl 304 oder 316 mit T-Mutter-Verschluss<br \/>\n<strong>CSV-Serie \u2013<\/strong> Spezielles Design f\u00fcr FasClean-Flow Filterkerzen, Tri-Clamp-Verschluss<\/li>\n<\/ul>\n<p><\/div>\n<p><a href=\"\/angebot\/\" target=\"_self\"><button type=\"button\">Angebot anfordern <\/button><\/a><\/p>\n","protected":false},"featured_media":1519,"comment_status":"closed","ping_status":"closed","template":"","meta":{"_glsr_average":0,"_glsr_ranking":0,"_glsr_reviews":0,"wds_primary_product_cat":0},"product_cat":[101],"product_tag":[],"_links":{"self":[{"href":"https:\/\/www.cleanflowfilter.nl\/de\/wp-json\/wp\/v2\/product\/1762"}],"collection":[{"href":"https:\/\/www.cleanflowfilter.nl\/de\/wp-json\/wp\/v2\/product"}],"about":[{"href":"https:\/\/www.cleanflowfilter.nl\/de\/wp-json\/wp\/v2\/types\/product"}],"replies":[{"embeddable":true,"href":"https:\/\/www.cleanflowfilter.nl\/de\/wp-json\/wp\/v2\/comments?post=1762"}],"wp:featuredmedia":[{"embeddable":true,"href":"https:\/\/www.cleanflowfilter.nl\/de\/wp-json\/wp\/v2\/media\/1519"}],"wp:attachment":[{"href":"https:\/\/www.cleanflowfilter.nl\/de\/wp-json\/wp\/v2\/media?parent=1762"}],"wp:term":[{"taxonomy":"product_cat","embeddable":true,"href":"https:\/\/www.cleanflowfilter.nl\/de\/wp-json\/wp\/v2\/product_cat?post=1762"},{"taxonomy":"product_tag","embeddable":true,"href":"https:\/\/www.cleanflowfilter.nl\/de\/wp-json\/wp\/v2\/product_tag?post=1762"}],"curies":[{"name":"wp","href":"https:\/\/api.w.org\/{rel}","templated":true}]}}