{"id":1763,"date":"2019-10-16T13:16:30","date_gmt":"2019-10-28T12:59:09","guid":{"rendered":"http:\/\/www.cleanflowfilter.nl\/?post_type=product&#038;p=1763"},"modified":"2019-10-31T13:48:15","modified_gmt":"2019-10-31T12:48:15","slug":"doppelt-offnes-ende-doe-filterkerz-gehaeuse","status":"publish","type":"product","link":"https:\/\/www.cleanflowfilter.nl\/de\/filtergehause-de\/einzel-filterkerzen-hauser-de\/doppelt-offnes-ende-doe-filterkerz-gehaeuse\/","title":{"rendered":"Doppelt Offnes Ende (DOE) Filterkerz Geh\u00e4use"},"content":{"rendered":"<h2>Fest konstruierte nicht metallische Einzelfilterkerzengeh\u00e4use. Diese sind kosteng\u00fcnstig zu verwenden und bieten eine gro\u00dfe chemische Best\u00e4ndigkeit in einer Vielzahl von Wasser- und Industrieanwendungen.<\/h2>\n<p>Erf\u00fcllen Sie international anerkannte Standards und liefern Sie eine hohe Leistung. Diese einzelnen Kerzenfilter sind in einer Vielzahl von Geh\u00e4usegr\u00f6\u00dfen erh\u00e4ltlich. Sie sind auf Langlebigkeit, Langlebigkeit und Benutzerfreundlichkeit ausgelegt und f\u00fcr spezielle Anwendungen in einer Vielzahl von Materialien erh\u00e4ltlich.<\/p>\n<p>&nbsp;<\/p>\n<ul>\n<li>Geeignet f\u00fcr Filterkerzen mit doppeltem offenen Ende (DOE)<\/li>\n<li>100% Polypropylen-Konstruktion oder optional mit transparenter Styrol-Acrylnitril-SAN-Basis f\u00fcr Sichtkontrollen<\/li>\n<li>Schlankes Geh\u00e4usedesign mit einfacher Installation und Wartung<\/li>\n<li>Standard-Einlass- \/ Auslassanschl\u00fcsse von \u00be \u201eNPT oder BSP<\/li>\n<li>Alle Materialien sind f\u00fcr die Lebensmittel- und Getr\u00e4nkeindustrie geeignet und zugelassen<\/li>\n<li>\u00d6ffnet mit einem Schraubenkopf<\/li>\n<li>L\u00e4nge: 10 \u201e<\/li>\n<li>Maximaler Druck: 10 bar<\/li>\n<\/ul>\n<p><strong>EJ10P Serie \u2013<\/strong> 100% Polypropylen<br \/>\n<strong>EJ10C-Serie \u2013<\/strong> Klare Styrol-Acrylnitril-SAN-Basis<\/p>\n<p>&nbsp;<\/p>\n","protected":false},"excerpt":{"rendered":"<h2>Fest konstruierte nicht metallische Einzelfilterkerzengeh\u00e4use. Diese sind kosteng\u00fcnstig zu verwenden und bieten eine gro\u00dfe chemische Best\u00e4ndigkeit in einer Vielzahl von Wasser- und Industrieanwendungen.<\/h2>\n<p>Erf\u00fcllen Sie international anerkannte Standards und liefern Sie eine hohe Leistung. Diese einzelnen Kerzenfilter sind in einer Vielzahl von Geh\u00e4usegr\u00f6\u00dfen erh\u00e4ltlich. Sie sind auf Langlebigkeit, Langlebigkeit und Benutzerfreundlichkeit ausgelegt und f\u00fcr spezielle Anwendungen in einer Vielzahl von Materialien erh\u00e4ltlich.<\/p>\n<span class=\"collapseomatic \" id=\"id69e9488da7aab\"  tabindex=\"0\" title=\"lesen Sie mehr\"    >lesen Sie mehr<\/span><div id=\"target-id69e9488da7aab\" class=\"collapseomatic_content \"> <\/p>\n<p>&nbsp;<\/p>\n<ul>\n<li>Geeignet f\u00fcr Filterkerzen mit doppeltem offenen Ende (DOE)<\/li>\n<li>100% Polypropylen-Konstruktion oder optional mit transparenter Styrol-Acrylnitril-SAN-Basis f\u00fcr Sichtkontrollen<\/li>\n<li>Schlankes Geh\u00e4usedesign mit einfacher Installation und Wartung<\/li>\n<li>Standard-Einlass- \/ Auslassanschl\u00fcsse von \u00be \u201eNPT oder BSP<\/li>\n<li>Alle Materialien sind f\u00fcr die Lebensmittel- und Getr\u00e4nkeindustrie geeignet und zugelassen<\/li>\n<li>\u00d6ffnet mit einem Schraubenkopf<\/li>\n<li>L\u00e4nge: 10 \u201e<\/li>\n<li>Maximaler Druck: 10 bar<\/li>\n<\/ul>\n<p><strong>EJ10P Serie \u2013<\/strong> 100% Polypropylen<br \/>\n<strong>EJ10C-Serie \u2013<\/strong> Klare Styrol-Acrylnitril-SAN-Basis<\/p>\n<p>&nbsp;<\/p>\n<p><\/div>\n<p><a href=\"\/angebot\/\" target=\"_self\"><button type=\"button\">Angebot anfordern <\/button><\/a><\/p>\n","protected":false},"featured_media":1565,"comment_status":"closed","ping_status":"closed","template":"","meta":{"_glsr_average":0,"_glsr_ranking":0,"_glsr_reviews":0,"wds_primary_product_cat":0},"product_cat":[101],"product_tag":[],"_links":{"self":[{"href":"https:\/\/www.cleanflowfilter.nl\/de\/wp-json\/wp\/v2\/product\/1763"}],"collection":[{"href":"https:\/\/www.cleanflowfilter.nl\/de\/wp-json\/wp\/v2\/product"}],"about":[{"href":"https:\/\/www.cleanflowfilter.nl\/de\/wp-json\/wp\/v2\/types\/product"}],"replies":[{"embeddable":true,"href":"https:\/\/www.cleanflowfilter.nl\/de\/wp-json\/wp\/v2\/comments?post=1763"}],"wp:featuredmedia":[{"embeddable":true,"href":"https:\/\/www.cleanflowfilter.nl\/de\/wp-json\/wp\/v2\/media\/1565"}],"wp:attachment":[{"href":"https:\/\/www.cleanflowfilter.nl\/de\/wp-json\/wp\/v2\/media?parent=1763"}],"wp:term":[{"taxonomy":"product_cat","embeddable":true,"href":"https:\/\/www.cleanflowfilter.nl\/de\/wp-json\/wp\/v2\/product_cat?post=1763"},{"taxonomy":"product_tag","embeddable":true,"href":"https:\/\/www.cleanflowfilter.nl\/de\/wp-json\/wp\/v2\/product_tag?post=1763"}],"curies":[{"name":"wp","href":"https:\/\/api.w.org\/{rel}","templated":true}]}}