{"id":1766,"date":"2019-06-18T08:11:46","date_gmt":"2019-10-28T13:47:36","guid":{"rendered":"http:\/\/www.cleanflowfilter.nl\/?post_type=product&#038;p=1766"},"modified":"2019-10-31T13:52:01","modified_gmt":"2019-10-31T12:52:01","slug":"automatische-selbstreinigende-industrielle-kunststoffscheibenfilter","status":"publish","type":"product","link":"https:\/\/www.cleanflowfilter.nl\/de\/automatische-filters-de-2\/automatische-selbstreinigende-industrielle-kunststoffscheibenfilter\/","title":{"rendered":"Automatische selbstreinigende industrielle Kunststoffscheibenfilter"},"content":{"rendered":"<h2><span class=\"tlid-translation translation\" lang=\"de\"><span title=\"\">Automatische selbstreinigende industrielle Kunststoffscheibenfilter.<\/span><br \/>\n<\/span><\/h2>\n<p><span class=\"tlid-translation translation\" lang=\"de\"><span title=\"\">Die Vortex-Automatikserie<\/span><br \/>\n<span class=\"\" title=\"\">Mit dem Filterprogramm Vortex Automatic k\u00f6nnen Sie aus mehreren Kombinationen w\u00e4hlen.<\/span><br \/>\n<span class=\"\" title=\"\">Diese Filterserie bietet Ihnen eine effiziente und wirtschaftlich attraktive Filtrationsl\u00f6sung, die an eine Vielzahl von Wasserbedingungen in Industrie, Kommunen, Umwelt und Landwirtschaft angepasst werden kann.<\/span><\/span><\/p>\n<p><span class=\"tlid-translation translation\" lang=\"de\"><span title=\"\"><strong>Vorteile<\/strong>:<\/span><br \/>\n<span title=\"\">&#8211; Drei Filtrationstechniken kombiniert in einem Filter<\/span><br \/>\n<span title=\"\">&#8211; Drei Reinigungsmechanismen in einem Filter kombiniert<\/span><br \/>\n<span title=\"\">&#8211; Extrem effiziente Reinigung ohne Wasserdruck<\/span><br \/>\n<span class=\"\" title=\"\">&#8211; Air Assist-Option (AA) zur Reduzierung des Wasserverbrauchs und zur Steigerung der Reinigungseffizienz.<\/span><\/span><\/p>\n<p><span class=\"tlid-translation translation\" lang=\"de\"><strong><span class=\"\" title=\"\">Die drei Filtrationstechniken erkl\u00e4rt:<\/span><\/strong><br \/>\n<span class=\"\" title=\"\">&#8211; Fliehkraftabscheidung:<\/span><br \/>\n<span class=\"\" title=\"\">Das Wasser wird durch den Spiralring in den Filter geleitet.<\/span> <span title=\"\">Ein Ring mit schr\u00e4gen Lamellen.<\/span> <span title=\"\">Dadurch dreht sich das Wasser im Filtergeh\u00e4use.<\/span> <span class=\"\" title=\"\">Die entstehenden Fliehkr\u00e4fte halten Schmutzpartikel vom Filterscheibenelement fern, so dass es l\u00e4nger sauber bleibt.<\/span><\/p>\n<p><span class=\"\" title=\"\">&#8211; Oberfl\u00e4chenfiltration:<\/span><br \/>\n<span class=\"\" title=\"\">Das Wasser flie\u00dft dann durch die Poren der CD-Verpackung (CD-Stapel).<\/span> <span title=\"\">Partikel, die gr\u00f6\u00dfer als die Poren sind, verbleiben auf der Filteroberfl\u00e4che, wodurch die gleiche Filteroberfl\u00e4che entsteht wie bei einem Siebfilter.<\/span><\/p>\n<p><span title=\"\">&#8211; Tiefenfiltration:<\/span><br \/>\n<span title=\"\">Schlie\u00dflich werden die kleinsten Partikel mit dem Wasser zwischen den Scheiben der Scheibenverpackung flie\u00dfen.<\/span> <span title=\"\">Die \u00fcbereinander gestapelten Rillenscheiben bilden eine Tiefenmatrix.<\/span> <span title=\"\">Die verbleibenden kleinen Partikel werden in dieser Tiefenmatrix eingeschlossen und nur das saubere Wasser verl\u00e4sst den Filter.<\/span><\/span><\/p>\n<p><span class=\"tlid-translation translation\" lang=\"de\"><strong><span class=\"\" title=\"\">Die drei Reinigungsmechanismen hoben hervor:<\/span><\/strong><\/p>\n<p><span title=\"\">&#8211; \u00d6ffnen der Filtermatrix.<\/span> <span title=\"\">Gerillte Filterscheiben sind voneinander getrennt.<\/span><br \/>\n<span class=\"\" title=\"\">W\u00e4hrend der Reinigung l\u00e4sst das Dreiwegeventil Wasser von der Reinseite in entgegengesetzter Richtung in den Filter flie\u00dfen.<\/span> <span title=\"\">Das Wasser dr\u00fcckt gegen den Federdruck des Scheibenpakets.<\/span> <span title=\"\">Der Disc-Halter f\u00e4hrt aus, die gerillten Filterscheiben werden dekomprimiert und ge\u00f6ffnet.<\/span> <span title=\"\">Geschlossener Schmutz kann ungehindert abwaschen.<\/span><\/p>\n<p><span title=\"\">&#8211; Schmutzentfernung mit tangentialen Spr\u00fchstrahlen:<\/span><br \/>\n<span title=\"\">Das Multi-Jet-D\u00fcsensystem auf der Innenseite der Disc-Packung bespr\u00fcht den Schmutz mit starken Strahlen von den ge\u00f6ffneten Discs.<\/span><\/p>\n<p><span title=\"\">&#8211; Schmutz durch vibrierende und rotierende Filterscheiben entfernen:<\/span><br \/>\n<span title=\"\">Das Wasser aus den Strahld\u00fcsen trifft schr\u00e4g auf die Scheiben und die Rillen in den Scheiben.<\/span> <span title=\"\">Dadurch drehen und vibrieren sie und setzen zus\u00e4tzliche Energie frei, um den Schmutz zu entfernen.<\/span><\/span><\/p>\n<p><span class=\"tlid-translation translation\" lang=\"de\"><strong>Steigerung der Reinigungseffizienz und Reduzierung des Sp\u00fclwasserverbrauchs hervorgehoben:<\/strong><br \/>\nUm den Wasserverbrauch f\u00fcr die Reinigung weiter zu senken und die Reinigungseffizienz weiter zu erh\u00f6hen, kann Druckluft in der AA-Version (Air Assisted) des Scheibenfilters verwendet werden. Die AA-Version ist mit einem zus\u00e4tzlichen leeren Filtergeh\u00e4use auf der Reinwasserseite des Filtersystems ausgestattet. W\u00e4hrend der Filtration f\u00fcllt sich dieses Filtergeh\u00e4use mit sauberem gefiltertem Wasser und dient als Sp\u00fclwasserbeh\u00e4lter. Der Vorratsbeh\u00e4lter verf\u00fcgt \u00fcber einen Druckluftanschluss, der w\u00e4hrend des Reinigungszyklus den Luftdruck erh\u00f6ht. Zum Zeitpunkt der Reinigung schaltet das Dreiwegeventil eines der Filtermodule um und die Durchflussrichtung in diesem Filter kehrt sich um. Sauberes Wasser flie\u00dft in entgegengesetzter Richtung durch den Filter zum Sp\u00fclwasserauslass. Druckluft dr\u00fcckt das Wasser aus dem Sp\u00fclwasserbeh\u00e4lter zum jeweiligen Filtermodul. Die Druckluft dehnt sich aus und verleiht dem Sp\u00fclwasser eine hohe Geschwindigkeit, wodurch Turbulenzen und Kollisionskr\u00e4fte beseitigt werden.<\/span><\/p>\n<p><span class=\"tlid-translation translation\" lang=\"de\"><span title=\"\"><strong>Ergebnis<\/strong>:<\/span><br \/>\n<span title=\"\">&#8211; Mindestwasserverbrauch (15 l).<\/span><br \/>\n<span title=\"\">&#8211; (Wasser-) druckfreie effiziente Reinigung.<\/span><br \/>\n<span class=\"\" title=\"\">&#8211; Expandierende Luft sorgt f\u00fcr hohe Sp\u00fclwassergeschwindigkeit, Reinigungsturbulenzen und hohe Kollisionskr\u00e4fte.<\/span><\/span><\/p>\n<p><span class=\"tlid-translation translation\" lang=\"de\"><span class=\"\" title=\"\"><strong>Bedienung<\/strong>:<\/span><br \/>\n<span title=\"\">Dieser Filter funktioniert optimal, indem ein doppelseitiger Rillenscheibenstapel verwendet wird, der eine por\u00f6se Matrix erzeugt.<\/span> <span title=\"\">Die Schrift filtert den Schmutz aus dem Wasser mit 3 verschiedenen Filtertechniken.<\/span> <span title=\"\">Das Wasser flie\u00dft schr\u00e4g in das Filtergeh\u00e4use und dreht sich, so dass der Schmutz herausgeschleudert wird.<\/span> <span title=\"\">Die Oberfl\u00e4che des Ringpakets f\u00e4ngt den groben Schmutz auf und der kleinere Schmutz haftet dann an den Rillen der Scheiben.<\/span> <span title=\"\">Durch die Umkehrung der Wasserversorgung ist dieser Filter sehr einfach und effizient zu reinigen.<\/span><\/span><\/p>\n<p><span class=\"tlid-translation translation\" lang=\"de\" tabindex=\"-1\"><span class=\"\" title=\"\"><strong>Versionen<\/strong>:<\/span><br \/>\n<span class=\"\" title=\"\">VORTEX AUTOMATIC DLP &#8211; Zur Verwendung in Installationen mit begrenztem Wasserdruck.<\/span><br \/>\n<span title=\"\">VORTEX AUTOMATIC AGGRESSIVE WATER &#8211; Zur Verwendung in Anlagen, die Wasser mit extremen PH-Werten verarbeiten.<\/span> <span title=\"\">Sowohl hohe als auch niedrige Werte sind kein Problem.<\/span><br \/>\n<span title=\"\">VORTEX AUTOMATIC DRINK WATER &#8211; Zur Verwendung in Anlagen, in denen die Validierung und Zertifizierung der Trinkwasserqualit\u00e4t wichtig ist.<\/span><br \/>\n<span title=\"\">VORTEX AUTOMATIC SALT WATER &#8211; Zur Verwendung in salzwasseraufbereitenden Anlagen.<\/span><br \/>\n<span title=\"\">VORTEX AUTOMATIC CL &#8211; Zur Verwendung in Anlagen, die chlorhaltiges Wasser verarbeiten.<\/span><br \/>\n<span title=\"\">VORTEX AUTOMATIC HP &#8211; Dieser Filter ist f\u00fcr den Betrieb mit einem Wasserdruck von drei bis sechzehn bar geeignet.<\/span><br \/>\n<span title=\"\">VORTEX AUTOMATIC AA &#8211; Alle Versionen des oben genannten Filters mit Ausnahme der VORTEX HP-Version k\u00f6nnen zu einer AA-Filtereinheit erweitert werden.<\/span><\/span><\/p>\n<p>&nbsp;<\/p>\n","protected":false},"excerpt":{"rendered":"<h2><span class=\"tlid-translation translation\" lang=\"de\"><span title=\"\">Automatische selbstreinigende industrielle Kunststoffscheibenfilter.<\/span><br \/>\n<\/span><\/h2>\n<p><span class=\"tlid-translation translation\" lang=\"de\"><span title=\"\">Die Vortex-Automatikserie<\/span><br \/>\n<span class=\"\" title=\"\">Mit dem Filterprogramm Vortex Automatic k\u00f6nnen Sie aus mehreren Kombinationen w\u00e4hlen.<\/span><br \/>\n<span class=\"\" title=\"\">Diese Filterserie bietet Ihnen eine effiziente und wirtschaftlich attraktive Filtrationsl\u00f6sung, die an eine Vielzahl von Wasserbedingungen in Industrie, Kommunen, Umwelt und Landwirtschaft angepasst werden kann.<\/span><\/span><\/p>\n<span class=\"collapseomatic \" id=\"id69f38252389f2\"  tabindex=\"0\" title=\"lesen Sie mehr\"    >lesen Sie mehr<\/span><div id=\"target-id69f38252389f2\" class=\"collapseomatic_content \"><\/p>\n<p><span class=\"tlid-translation translation\" lang=\"de\"><span title=\"\"><strong>Vorteile<\/strong>:<\/span><br \/>\n<span title=\"\">&#8211; Drei Filtrationstechniken kombiniert in einem Filter<\/span><br \/>\n<span title=\"\">&#8211; Drei Reinigungsmechanismen in einem Filter kombiniert<\/span><br \/>\n<span title=\"\">&#8211; Extrem effiziente Reinigung ohne Wasserdruck<\/span><br \/>\n<span class=\"\" title=\"\">&#8211; Air Assist-Option (AA) zur Reduzierung des Wasserverbrauchs und zur Steigerung der Reinigungseffizienz.<\/span><\/span><\/p>\n<p><span class=\"tlid-translation translation\" lang=\"de\"><strong><span class=\"\" title=\"\">Die drei Filtrationstechniken erkl\u00e4rt:<\/span><\/strong><br \/>\n<span class=\"\" title=\"\">&#8211; Fliehkraftabscheidung:<\/span><br \/>\n<span class=\"\" title=\"\">Das Wasser wird durch den Spiralring in den Filter geleitet.<\/span> <span title=\"\">Ein Ring mit schr\u00e4gen Lamellen.<\/span> <span title=\"\">Dadurch dreht sich das Wasser im Filtergeh\u00e4use.<\/span> <span class=\"\" title=\"\">Die entstehenden Fliehkr\u00e4fte halten Schmutzpartikel vom Filterscheibenelement fern, so dass es l\u00e4nger sauber bleibt.<\/span><\/p>\n<p><span class=\"\" title=\"\">&#8211; Oberfl\u00e4chenfiltration:<\/span><br \/>\n<span class=\"\" title=\"\">Das Wasser flie\u00dft dann durch die Poren der CD-Verpackung (CD-Stapel).<\/span> <span title=\"\">Partikel, die gr\u00f6\u00dfer als die Poren sind, verbleiben auf der Filteroberfl\u00e4che, wodurch die gleiche Filteroberfl\u00e4che entsteht wie bei einem Siebfilter.<\/span><\/p>\n<p><span title=\"\">&#8211; Tiefenfiltration:<\/span><br \/>\n<span title=\"\">Schlie\u00dflich werden die kleinsten Partikel mit dem Wasser zwischen den Scheiben der Scheibenverpackung flie\u00dfen.<\/span> <span title=\"\">Die \u00fcbereinander gestapelten Rillenscheiben bilden eine Tiefenmatrix.<\/span> <span title=\"\">Die verbleibenden kleinen Partikel werden in dieser Tiefenmatrix eingeschlossen und nur das saubere Wasser verl\u00e4sst den Filter.<\/span><\/span><\/p>\n<p><span class=\"tlid-translation translation\" lang=\"de\"><strong><span class=\"\" title=\"\">Die drei Reinigungsmechanismen hoben hervor:<\/span><\/strong><\/p>\n<p><span title=\"\">&#8211; \u00d6ffnen der Filtermatrix.<\/span> <span title=\"\">Gerillte Filterscheiben sind voneinander getrennt.<\/span><br \/>\n<span class=\"\" title=\"\">W\u00e4hrend der Reinigung l\u00e4sst das Dreiwegeventil Wasser von der Reinseite in entgegengesetzter Richtung in den Filter flie\u00dfen.<\/span> <span title=\"\">Das Wasser dr\u00fcckt gegen den Federdruck des Scheibenpakets.<\/span> <span title=\"\">Der Disc-Halter f\u00e4hrt aus, die gerillten Filterscheiben werden dekomprimiert und ge\u00f6ffnet.<\/span> <span title=\"\">Geschlossener Schmutz kann ungehindert abwaschen.<\/span><\/p>\n<p><span title=\"\">&#8211; Schmutzentfernung mit tangentialen Spr\u00fchstrahlen:<\/span><br \/>\n<span title=\"\">Das Multi-Jet-D\u00fcsensystem auf der Innenseite der Disc-Packung bespr\u00fcht den Schmutz mit starken Strahlen von den ge\u00f6ffneten Discs.<\/span><\/p>\n<p><span title=\"\">&#8211; Schmutz durch vibrierende und rotierende Filterscheiben entfernen:<\/span><br \/>\n<span title=\"\">Das Wasser aus den Strahld\u00fcsen trifft schr\u00e4g auf die Scheiben und die Rillen in den Scheiben.<\/span> <span title=\"\">Dadurch drehen und vibrieren sie und setzen zus\u00e4tzliche Energie frei, um den Schmutz zu entfernen.<\/span><\/span><\/p>\n<p><span class=\"tlid-translation translation\" lang=\"de\"><strong>Steigerung der Reinigungseffizienz und Reduzierung des Sp\u00fclwasserverbrauchs hervorgehoben:<\/strong><br \/>\nUm den Wasserverbrauch f\u00fcr die Reinigung weiter zu senken und die Reinigungseffizienz weiter zu erh\u00f6hen, kann Druckluft in der AA-Version (Air Assisted) des Scheibenfilters verwendet werden. Die AA-Version ist mit einem zus\u00e4tzlichen leeren Filtergeh\u00e4use auf der Reinwasserseite des Filtersystems ausgestattet. W\u00e4hrend der Filtration f\u00fcllt sich dieses Filtergeh\u00e4use mit sauberem gefiltertem Wasser und dient als Sp\u00fclwasserbeh\u00e4lter. Der Vorratsbeh\u00e4lter verf\u00fcgt \u00fcber einen Druckluftanschluss, der w\u00e4hrend des Reinigungszyklus den Luftdruck erh\u00f6ht. Zum Zeitpunkt der Reinigung schaltet das Dreiwegeventil eines der Filtermodule um und die Durchflussrichtung in diesem Filter kehrt sich um. Sauberes Wasser flie\u00dft in entgegengesetzter Richtung durch den Filter zum Sp\u00fclwasserauslass. Druckluft dr\u00fcckt das Wasser aus dem Sp\u00fclwasserbeh\u00e4lter zum jeweiligen Filtermodul. Die Druckluft dehnt sich aus und verleiht dem Sp\u00fclwasser eine hohe Geschwindigkeit, wodurch Turbulenzen und Kollisionskr\u00e4fte beseitigt werden.<\/span><\/p>\n<p><span class=\"tlid-translation translation\" lang=\"de\"><span title=\"\"><strong>Ergebnis<\/strong>:<\/span><br \/>\n<span title=\"\">&#8211; Mindestwasserverbrauch (15 l).<\/span><br \/>\n<span title=\"\">&#8211; (Wasser-) druckfreie effiziente Reinigung.<\/span><br \/>\n<span class=\"\" title=\"\">&#8211; Expandierende Luft sorgt f\u00fcr hohe Sp\u00fclwassergeschwindigkeit, Reinigungsturbulenzen und hohe Kollisionskr\u00e4fte.<\/span><\/span><\/p>\n<p><span class=\"tlid-translation translation\" lang=\"de\"><span class=\"\" title=\"\"><strong>Bedienung<\/strong>:<\/span><br \/>\n<span title=\"\">Dieser Filter funktioniert optimal, indem ein doppelseitiger Rillenscheibenstapel verwendet wird, der eine por\u00f6se Matrix erzeugt.<\/span> <span title=\"\">Die Schrift filtert den Schmutz aus dem Wasser mit 3 verschiedenen Filtertechniken.<\/span> <span title=\"\">Das Wasser flie\u00dft schr\u00e4g in das Filtergeh\u00e4use und dreht sich, so dass der Schmutz herausgeschleudert wird.<\/span> <span title=\"\">Die Oberfl\u00e4che des Ringpakets f\u00e4ngt den groben Schmutz auf und der kleinere Schmutz haftet dann an den Rillen der Scheiben.<\/span> <span title=\"\">Durch die Umkehrung der Wasserversorgung ist dieser Filter sehr einfach und effizient zu reinigen.<\/span><\/span><\/p>\n<p><span class=\"tlid-translation translation\" lang=\"de\" tabindex=\"-1\"><span class=\"\" title=\"\"><strong>Versionen<\/strong>:<\/span><br \/>\n<span class=\"\" title=\"\">VORTEX AUTOMATIC DLP &#8211; Zur Verwendung in Installationen mit begrenztem Wasserdruck.<\/span><br \/>\n<span title=\"\">VORTEX AUTOMATIC AGGRESSIVE WATER &#8211; Zur Verwendung in Anlagen, die Wasser mit extremen PH-Werten verarbeiten.<\/span> <span title=\"\">Sowohl hohe als auch niedrige Werte sind kein Problem.<\/span><br \/>\n<span title=\"\">VORTEX AUTOMATIC DRINK WATER &#8211; Zur Verwendung in Anlagen, in denen die Validierung und Zertifizierung der Trinkwasserqualit\u00e4t wichtig ist.<\/span><br \/>\n<span title=\"\">VORTEX AUTOMATIC SALT WATER &#8211; Zur Verwendung in salzwasseraufbereitenden Anlagen.<\/span><br \/>\n<span title=\"\">VORTEX AUTOMATIC CL &#8211; Zur Verwendung in Anlagen, die chlorhaltiges Wasser verarbeiten.<\/span><br \/>\n<span title=\"\">VORTEX AUTOMATIC HP &#8211; Dieser Filter ist f\u00fcr den Betrieb mit einem Wasserdruck von drei bis sechzehn bar geeignet.<\/span><br \/>\n<span title=\"\">VORTEX AUTOMATIC AA &#8211; Alle Versionen des oben genannten Filters mit Ausnahme der VORTEX HP-Version k\u00f6nnen zu einer AA-Filtereinheit erweitert werden.<\/span><\/span><\/p>\n<p>&nbsp;<\/p>\n<p><\/div>\n<p><a href=\"\/angebot\/\" target=\"_self\"><button type=\"button\">Angebot anfordern <\/button><\/a><\/p>\n","protected":false},"featured_media":424,"comment_status":"closed","ping_status":"closed","template":"","meta":{"_glsr_average":0,"_glsr_ranking":0,"_glsr_reviews":0,"wds_primary_product_cat":0},"product_cat":[91],"product_tag":[],"_links":{"self":[{"href":"https:\/\/www.cleanflowfilter.nl\/de\/wp-json\/wp\/v2\/product\/1766"}],"collection":[{"href":"https:\/\/www.cleanflowfilter.nl\/de\/wp-json\/wp\/v2\/product"}],"about":[{"href":"https:\/\/www.cleanflowfilter.nl\/de\/wp-json\/wp\/v2\/types\/product"}],"replies":[{"embeddable":true,"href":"https:\/\/www.cleanflowfilter.nl\/de\/wp-json\/wp\/v2\/comments?post=1766"}],"wp:featuredmedia":[{"embeddable":true,"href":"https:\/\/www.cleanflowfilter.nl\/de\/wp-json\/wp\/v2\/media\/424"}],"wp:attachment":[{"href":"https:\/\/www.cleanflowfilter.nl\/de\/wp-json\/wp\/v2\/media?parent=1766"}],"wp:term":[{"taxonomy":"product_cat","embeddable":true,"href":"https:\/\/www.cleanflowfilter.nl\/de\/wp-json\/wp\/v2\/product_cat?post=1766"},{"taxonomy":"product_tag","embeddable":true,"href":"https:\/\/www.cleanflowfilter.nl\/de\/wp-json\/wp\/v2\/product_tag?post=1766"}],"curies":[{"name":"wp","href":"https:\/\/api.w.org\/{rel}","templated":true}]}}