{"id":1768,"date":"2019-06-18T08:04:41","date_gmt":"2019-10-28T13:50:32","guid":{"rendered":"http:\/\/www.cleanflowfilter.nl\/?post_type=product&#038;p=1768"},"modified":"2019-10-31T13:52:34","modified_gmt":"2019-10-31T12:52:34","slug":"filter-kapseln","status":"publish","type":"product","link":"https:\/\/www.cleanflowfilter.nl\/de\/kerzenfilter-de\/spezialisierte-filterkerzen\/filter-kapseln\/","title":{"rendered":"Filter Kapseln"},"content":{"rendered":"<h3>Filter Kapsel mit einer umfangreichen Auswahl an Filtermedienoptionen f\u00fcr Anwendungen mit niedrigem Durchfluss.<\/h3>\n<p>Filter Kapsel sind kompakt ausgelegt und eignen sich f\u00fcr kleine Chargenprozesse von Fl\u00fcssigkeiten und Gasen. Die Kapseln bestehen aus Filterelement und Geh\u00e4use aus einem St\u00fcck und sorgen daf\u00fcr, dass diese Produktlinie einfach zu warten und auszutauschen ist und sich ideal f\u00fcr kritische Point-of-Use-Anwendungen wie kleine Produktionslinien und Forschungseinrichtungen eignet. Kapselfilter bieten schnellen Austausch, optimale Effizienz und erh\u00f6hen die Sicherheit.<\/p>\n<ul>\n<li>PP-Filtermedien oder PES- und ePTFE-Membranmaterialien<\/li>\n<li>Das kleine Restvolumen minimiert den Verlust von teuren Prozessfl\u00fcssigkeiten<\/li>\n<li>Entl\u00fcftungs- und Entleerungsanschl\u00fcsse sind f\u00fcr einen schnellen Austausch optimiert<\/li>\n<li>Produziert in einer Reinraumumgebung<\/li>\n<li>Mikron: 0,04 \u03bcm bis 40 \u03bcm<\/li>\n<\/ul>\n","protected":false},"excerpt":{"rendered":"<h3>Filter Kapsel mit einer umfangreichen Auswahl an Filtermedienoptionen f\u00fcr Anwendungen mit niedrigem Durchfluss.<\/h3>\n<p>Filter Kapsel sind kompakt ausgelegt und eignen sich f\u00fcr kleine Chargenprozesse von Fl\u00fcssigkeiten und Gasen. Die Kapseln bestehen aus Filterelement und Geh\u00e4use aus einem St\u00fcck und sorgen daf\u00fcr, dass diese Produktlinie einfach zu warten und auszutauschen ist und sich ideal f\u00fcr kritische Point-of-Use-Anwendungen wie kleine Produktionslinien und Forschungseinrichtungen eignet. Kapselfilter bieten schnellen Austausch, optimale Effizienz und erh\u00f6hen die Sicherheit.<\/p>\n<span class=\"collapseomatic \" id=\"id69e373b91d90b\"  tabindex=\"0\" title=\"lesen Sie mehr\"    >lesen Sie mehr<\/span><div id=\"target-id69e373b91d90b\" class=\"collapseomatic_content \"><\/p>\n<ul>\n<li>PP-Filtermedien oder PES- und ePTFE-Membranmaterialien<\/li>\n<li>Das kleine Restvolumen minimiert den Verlust von teuren Prozessfl\u00fcssigkeiten<\/li>\n<li>Entl\u00fcftungs- und Entleerungsanschl\u00fcsse sind f\u00fcr einen schnellen Austausch optimiert<\/li>\n<li>Produziert in einer Reinraumumgebung<\/li>\n<li>Mikron: 0,04 \u03bcm bis 40 \u03bcm<\/li>\n<\/ul>\n<p><\/div>\n<p><a href=\"\/angebot\/\" target=\"_self\"><button type=\"button\">Angebot anfordern <\/button><\/a><\/p>\n","protected":false},"featured_media":401,"comment_status":"closed","ping_status":"closed","template":"","meta":{"_glsr_average":0,"_glsr_ranking":0,"_glsr_reviews":0,"wds_primary_product_cat":0},"product_cat":[146],"product_tag":[],"_links":{"self":[{"href":"https:\/\/www.cleanflowfilter.nl\/de\/wp-json\/wp\/v2\/product\/1768"}],"collection":[{"href":"https:\/\/www.cleanflowfilter.nl\/de\/wp-json\/wp\/v2\/product"}],"about":[{"href":"https:\/\/www.cleanflowfilter.nl\/de\/wp-json\/wp\/v2\/types\/product"}],"replies":[{"embeddable":true,"href":"https:\/\/www.cleanflowfilter.nl\/de\/wp-json\/wp\/v2\/comments?post=1768"}],"wp:featuredmedia":[{"embeddable":true,"href":"https:\/\/www.cleanflowfilter.nl\/de\/wp-json\/wp\/v2\/media\/401"}],"wp:attachment":[{"href":"https:\/\/www.cleanflowfilter.nl\/de\/wp-json\/wp\/v2\/media?parent=1768"}],"wp:term":[{"taxonomy":"product_cat","embeddable":true,"href":"https:\/\/www.cleanflowfilter.nl\/de\/wp-json\/wp\/v2\/product_cat?post=1768"},{"taxonomy":"product_tag","embeddable":true,"href":"https:\/\/www.cleanflowfilter.nl\/de\/wp-json\/wp\/v2\/product_tag?post=1768"}],"curies":[{"name":"wp","href":"https:\/\/api.w.org\/{rel}","templated":true}]}}