{"id":1769,"date":"2019-06-17T14:51:36","date_gmt":"2019-10-28T13:53:17","guid":{"rendered":"http:\/\/www.cleanflowfilter.nl\/?post_type=product&#038;p=1769"},"modified":"2022-01-17T12:53:06","modified_gmt":"2022-01-17T11:53:06","slug":"oelabsorbierende-filterkerzen","status":"publish","type":"product","link":"https:\/\/www.cleanflowfilter.nl\/de\/kerzenfilter-de\/spezialisierte-filterkerzen\/oelabsorbierende-filterkerzen\/","title":{"rendered":"\u00d6labsorbierende Filterkerzen"},"content":{"rendered":"<h3>\u00d6ladsorptionsfilterkerze zur effektiven und wirtschaftlichen Entfernung von Kohlenwasserstoffverbindungen aus Abwasser.<\/h3>\n<p>Die Oil-X-Tract-Filterkerze wurde speziell f\u00fcr die Filterung von mit Kohlenwasserstoffverbindungen (KWS) verunreinigtem Wasser wie \u00d6l und fl\u00fcchtigen organischen Verbindungen entwickelt. Diese Filterkerze entfernt effektiv freie, gel\u00f6ste Gesamtkohlenwasserstoffe (TPH) und emulgierte Kohlenwasserstoffverbindungen aus industriellem Abwasser.<\/p>\n<p><strong>Effektive Medien<\/strong><\/p>\n<p>Die Oil-X-tract-Filterkerze ist mit einem Granulatoberfl\u00e4chen-modifizierten organischen Substrat gef\u00fcllt, das speziell zum Absorbieren von \u00d6l, Kohlenwasserstoffverbindungen und anderen organischen Verunreinigungen aus Wasser entwickelt wurde.<\/p>\n<p>Das Oil-X-tract Filtermedium ist selektiv oleophil: Es ist im Wesentlichen wasserabweisend und zieht Kohlenwasserstoffe an. Das Oil-X-tract Filtermedium ist aufgrund seiner einzigartigen netzf\u00f6rmigen Kristallstruktur extrem por\u00f6s, was zu einer gro\u00dfen Gesamtoberfl\u00e4che f\u00fchrt, um Verschmutzungen zu absorbieren. Die Kombination der vorgenannten Eigenschaften bietet eine au\u00dfergew\u00f6hnlich hohe Adsorptionskapazit\u00e4t des Filtermediums.<\/p>\n<ul>\n<li>Adsorbiert \u00d6l, Fett und emulgierte, dispergierte und gel\u00f6ste Kohlenwasserstoffe<\/li>\n<li>Kohlenwasserstoffwerte liegen weit unter den gesetzlichen Anforderungen an die Wasserqualit\u00e4t<\/li>\n<li>Diese Adsorptionstechnologie kann im Vergleich zu Aktivkohle 60 bis 70% mehr Verschmutzung pro Gewichtseinheit aufnehmen<\/li>\n<li>Adsorptionskapazit\u00e4t bis zu 90% seines Eigengewichts<\/li>\n<li>99% Entfernungseffizienz bei Einzelkontakt<\/li>\n<li>Extrem effektiv als Endfilter zur Aufbereitung von Offshore-Wasser<\/li>\n<li>Erh\u00e4ltlich in Standard-Filterendanschl\u00fcssen 222 O-Ring \/ einzelnes offenes Ende<\/li>\n<li>Filterkerzenl\u00e4nge 10 \u201e- 50\u201c<\/li>\n<\/ul>\n<p>OilXtract \u2013 Standard 40 \u201eL\u00e4nge, Code 3-Steckverbindung (222 Doppel-O-Ring \/ offenes Ende)<\/p>\n<p><strong>Robuste Konstruktion<\/strong><\/p>\n<p>Die Filterkerze besteht aus einer starken, vollst\u00e4ndig thermisch geschwei\u00dften PP-Konstruktion. Es wurden keine Dichtungsmittel, Klebstoffe oder Hotmelts verwendet, die von den Kohlenwasserstoffen gel\u00f6st werden k\u00f6nnen. Dies verhindert einen Bypass und einen vorzeitigen Ausfall der Filterkerze.<\/p>\n","protected":false},"excerpt":{"rendered":"<h3>\u00d6l Absorptionsfilterkerze zur effektiven und wirtschaftlichen Entfernung von Kohlenwasserstoffverbindungen aus Abwasser.<\/h3>\n<p>Die Oil-X-Tract-Filterkerze wurde speziell f\u00fcr die Filterung von mit Kohlenwasserstoffverbindungen (KWS) verunreinigtem Wasser wie \u00d6l und fl\u00fcchtigen organischen Verbindungen entwickelt. Diese Filterkerze entfernt effektiv freie, gel\u00f6ste Gesamtkohlenwasserstoffe (TPH) und emulgierte Kohlenwasserstoffverbindungen aus industriellem Abwasser.<\/p>\n<span class=\"collapseomatic \" id=\"id69e3aa62958fc\"  tabindex=\"0\" title=\"lesen Sie mehr\"    >lesen Sie mehr<\/span><div id=\"target-id69e3aa62958fc\" class=\"collapseomatic_content \"><\/p>\n<p><strong>Effektive Medien<\/strong><\/p>\n<p>Die Oil-X-tract-Filterkerze ist mit einem Granulatoberfl\u00e4chen-modifizierten organischen Substrat gef\u00fcllt, das speziell zum Absorbieren von \u00d6l, Kohlenwasserstoffverbindungen und anderen organischen Verunreinigungen aus Wasser entwickelt wurde.<\/p>\n<p>Das Oil-X-tract Filtermedium ist selektiv oleophil: Es ist im Wesentlichen wasserabweisend und zieht Kohlenwasserstoffe an. Das Oil-X-tract Filtermedium ist aufgrund seiner einzigartigen netzf\u00f6rmigen Kristallstruktur extrem por\u00f6s, was zu einer gro\u00dfen Gesamtoberfl\u00e4che f\u00fchrt, um Verschmutzungen zu absorbieren. Die Kombination der vorgenannten Eigenschaften bietet eine au\u00dfergew\u00f6hnlich hohe Adsorptionskapazit\u00e4t des Filtermediums.<\/p>\n<ul>\n<li>Adsorbiert \u00d6l, Fett und emulgierte, dispergierte und gel\u00f6ste Kohlenwasserstoffe<\/li>\n<li>Kohlenwasserstoffwerte liegen weit unter den gesetzlichen Anforderungen an die Wasserqualit\u00e4t<\/li>\n<li>Diese Adsorptionstechnologie kann im Vergleich zu Aktivkohle 60 bis 70% mehr Verschmutzung pro Gewichtseinheit aufnehmen<\/li>\n<li>Adsorptionskapazit\u00e4t bis zu 90% seines Eigengewichts<\/li>\n<li>99% Entfernungseffizienz bei Einzelkontakt<\/li>\n<li>Extrem effektiv als Endfilter zur Aufbereitung von Offshore-Wasser<\/li>\n<li>Erh\u00e4ltlich in Standard-Filterendanschl\u00fcssen 222 O-Ring \/ einzelnes offenes Ende<\/li>\n<li>Filterkerzenl\u00e4nge 10 \u201e- 50\u201c<\/li>\n<\/ul>\n<p>OilXtract \u2013 Standard 40 \u201eL\u00e4nge, Code 3-Steckverbindung (222 Doppel-O-Ring \/ offenes Ende)<\/p>\n<p><strong>Robuste Konstruktion<\/strong><\/p>\n<p>Die Filterkerze besteht aus einer starken, vollst\u00e4ndig thermisch geschwei\u00dften PP-Konstruktion. Es wurden keine Dichtungsmittel, Klebstoffe oder Hotmelts verwendet, die von den Kohlenwasserstoffen gel\u00f6st werden k\u00f6nnen. Dies verhindert einen Bypass und einen vorzeitigen Ausfall der Filterkerze.<\/p>\n<p><\/div>\n<p><a href=\"\/angebot\/\" target=\"_self\" rel=\"noopener\"><button type=\"button\">Angebot anfordern <\/button><\/a><\/p>\n","protected":false},"featured_media":374,"comment_status":"closed","ping_status":"closed","template":"","meta":{"_glsr_average":0,"_glsr_ranking":0,"_glsr_reviews":0,"wds_primary_product_cat":0},"product_cat":[146,112],"product_tag":[],"_links":{"self":[{"href":"https:\/\/www.cleanflowfilter.nl\/de\/wp-json\/wp\/v2\/product\/1769"}],"collection":[{"href":"https:\/\/www.cleanflowfilter.nl\/de\/wp-json\/wp\/v2\/product"}],"about":[{"href":"https:\/\/www.cleanflowfilter.nl\/de\/wp-json\/wp\/v2\/types\/product"}],"replies":[{"embeddable":true,"href":"https:\/\/www.cleanflowfilter.nl\/de\/wp-json\/wp\/v2\/comments?post=1769"}],"wp:featuredmedia":[{"embeddable":true,"href":"https:\/\/www.cleanflowfilter.nl\/de\/wp-json\/wp\/v2\/media\/374"}],"wp:attachment":[{"href":"https:\/\/www.cleanflowfilter.nl\/de\/wp-json\/wp\/v2\/media?parent=1769"}],"wp:term":[{"taxonomy":"product_cat","embeddable":true,"href":"https:\/\/www.cleanflowfilter.nl\/de\/wp-json\/wp\/v2\/product_cat?post=1769"},{"taxonomy":"product_tag","embeddable":true,"href":"https:\/\/www.cleanflowfilter.nl\/de\/wp-json\/wp\/v2\/product_tag?post=1769"}],"curies":[{"name":"wp","href":"https:\/\/api.w.org\/{rel}","templated":true}]}}