{"id":1770,"date":"2019-06-17T13:55:52","date_gmt":"2019-10-28T13:56:24","guid":{"rendered":"http:\/\/www.cleanflowfilter.nl\/?post_type=product&#038;p=1770"},"modified":"2019-10-31T13:56:54","modified_gmt":"2019-10-31T12:56:54","slug":"membran-typ-filterkerzen","status":"publish","type":"product","link":"https:\/\/www.cleanflowfilter.nl\/de\/kerzenfilter-de\/filterkerzen-mit-plissierter-oberflache\/membran-typ-filterkerzen\/","title":{"rendered":"Membran Typ Filterkerzen"},"content":{"rendered":"<h2>Hochreine Membran Filterkerzen f\u00fcr ultrareine Fl\u00fcssigkeit und Gas-Anwendungen.<\/h2>\n<ul>\n<li>Membranmaterialien PES und ePTFE<\/li>\n<li>Getr\u00e4nken, elektronische und pharmazeutische Qualit\u00e4t absolut Filterkerze<\/li>\n<li>Jedes Filterelement mit einer Kennzeichnung von Porengr\u00f6\u00dfe, Menge und die Seriennummer gestempelt f\u00fcr die und R\u00fcckverfolgbarkeit<\/li>\n<li>Thermoschwei\u00df Polypropylen Hardware-Konstruktion \u2013 innert zu vielen Prozessfl\u00fcssigkeiten gew\u00e4hrleisten breite chemische Kompatibilit\u00e4t<\/li>\n<li>Verschiedene O-Ring-Materialien \u2013 mit vielen Fl\u00fcssigkeiten kompatibel<\/li>\n<li>100% vorgesp\u00fclt mit 18 Megaohm-cm DI-Wasser und Integrit\u00e4t gepr\u00fcft<\/li>\n<li>Die Filter werden in einer Klasse 1000 Reinraumumgebung hergestellt<\/li>\n<li>Hergestellt unter einem zertifizierten Qualit\u00e4tssystem ISO 9001<\/li>\n<li>Micron Bewertungen: 0,04 \u03bcm- 100 \u03bcm<\/li>\n<li>Kerzen L\u00e4ngen: 4 \u201e- 50\u201c<\/li>\n<\/ul>\n<p>&nbsp;<\/p>\n<ul>\n<li><strong>UPW Flow<\/strong> \u2013 PES-Membran Reinstwasser (Fl\u00fcssigkeit) Kerze \u2013 Hydrophile<\/li>\n<li><strong>Micro-Flow<\/strong> \u2013 PES-Membran 100% vorgesp\u00fclt und Integrit\u00e4t getestet \u2013 Hydrophile<\/li>\n<li><strong>Micro-Flow-G<\/strong> \u2013 Trocken Gas PES Membraneinsatz (0004 &amp; mgr; m \u2013 0,02 um) \u2013 Hydrophile<\/li>\n<li><strong>Mega Flow<\/strong> \u2013 Gro\u00dfer Durchmesser, gro\u00dfer Oberfl\u00e4che \u2013 83 mm OD<\/li>\n<li><strong>Fas-Clean Flow<\/strong> \u2013 Extra gro\u00dfe Durchmesser mit hoher Oberfl\u00e4che Patrone \u2013 131 mm OD<\/li>\n<li><strong>Tech-Flow<\/strong> \u2013 ePTFE \u2013 Membran f\u00fcr aggressive Fl\u00fcssigkeiten und Gas \u2013 Hydrophobe<\/li>\n<\/ul>\n","protected":false},"excerpt":{"rendered":"<h2>Hochreine Membran Filterkerzen f\u00fcr ultrareine Fl\u00fcssigkeit und Gas-Anwendungen.<\/h2>\n<ul>\n<li>Membranmaterialien PES und ePTFE<\/li>\n<li>Getr\u00e4nken, elektronische und pharmazeutische Qualit\u00e4t absolut Filterkerze<\/li>\n<li>Jedes Filterelement mit einer Kennzeichnung von Porengr\u00f6\u00dfe, Menge und die Seriennummer gestempelt f\u00fcr die und R\u00fcckverfolgbarkeit<\/li>\n<li>Thermoschwei\u00df Polypropylen Hardware-Konstruktion \u2013 innert zu vielen Prozessfl\u00fcssigkeiten gew\u00e4hrleisten breite chemische Kompatibilit\u00e4t<\/li>\n<li>Verschiedene O-Ring-Materialien \u2013 mit vielen Fl\u00fcssigkeiten kompatibel<\/li>\n<li>100% vorgesp\u00fclt mit 18 Megaohm-cm DI-Wasser und Integrit\u00e4t gepr\u00fcft<\/li>\n<li>Die Filter werden in einer Klasse 1000 Reinraumumgebung hergestellt<\/li>\n<li>Hergestellt unter einem zertifizierten Qualit\u00e4tssystem ISO 9001<\/li>\n<li>Micron Bewertungen: 0,04 \u03bcm- 100 \u03bcm<\/li>\n<li>Kerzen L\u00e4ngen: 4 \u201e- 50\u201c<\/li>\n<\/ul>\n<span class=\"collapseomatic \" id=\"id69e0aec19e74d\"  tabindex=\"0\" title=\"lesen Sie mehr\"    >lesen Sie mehr<\/span><div id=\"target-id69e0aec19e74d\" class=\"collapseomatic_content \"> <\/p>\n<p>&nbsp;<\/p>\n<ul>\n<li><strong>UPW Flow<\/strong> \u2013 PES-Membran Reinstwasser (Fl\u00fcssigkeit) Kerze \u2013 Hydrophile<\/li>\n<li><strong>Micro-Flow<\/strong> \u2013 PES-Membran 100% vorgesp\u00fclt und Integrit\u00e4t getestet \u2013 Hydrophile<\/li>\n<li><strong>Micro-Flow-G<\/strong> \u2013 Trocken Gas PES Membraneinsatz (0004 &amp; mgr; m \u2013 0,02 um) \u2013 Hydrophile<\/li>\n<li><strong>Mega Flow<\/strong> \u2013 Gro\u00dfer Durchmesser, gro\u00dfer Oberfl\u00e4che \u2013 83 mm OD<\/li>\n<li><strong>Fas-Clean Flow<\/strong> \u2013 Extra gro\u00dfe Durchmesser mit hoher Oberfl\u00e4che Patrone \u2013 131 mm OD<\/li>\n<li><strong>Tech-Flow<\/strong> \u2013 ePTFE \u2013 Membran f\u00fcr aggressive Fl\u00fcssigkeiten und Gas \u2013 Hydrophobe<\/li>\n<\/ul>\n<p><\/div>\n<p><a href=\"\/angebot\/\" target=\"_self\"><button type=\"button\">Angebot anfordern <\/button><\/a><\/p>\n","protected":false},"featured_media":354,"comment_status":"closed","ping_status":"closed","template":"","meta":{"_glsr_average":0,"_glsr_ranking":0,"_glsr_reviews":0,"wds_primary_product_cat":0},"product_cat":[145],"product_tag":[],"_links":{"self":[{"href":"https:\/\/www.cleanflowfilter.nl\/de\/wp-json\/wp\/v2\/product\/1770"}],"collection":[{"href":"https:\/\/www.cleanflowfilter.nl\/de\/wp-json\/wp\/v2\/product"}],"about":[{"href":"https:\/\/www.cleanflowfilter.nl\/de\/wp-json\/wp\/v2\/types\/product"}],"replies":[{"embeddable":true,"href":"https:\/\/www.cleanflowfilter.nl\/de\/wp-json\/wp\/v2\/comments?post=1770"}],"wp:featuredmedia":[{"embeddable":true,"href":"https:\/\/www.cleanflowfilter.nl\/de\/wp-json\/wp\/v2\/media\/354"}],"wp:attachment":[{"href":"https:\/\/www.cleanflowfilter.nl\/de\/wp-json\/wp\/v2\/media?parent=1770"}],"wp:term":[{"taxonomy":"product_cat","embeddable":true,"href":"https:\/\/www.cleanflowfilter.nl\/de\/wp-json\/wp\/v2\/product_cat?post=1770"},{"taxonomy":"product_tag","embeddable":true,"href":"https:\/\/www.cleanflowfilter.nl\/de\/wp-json\/wp\/v2\/product_tag?post=1770"}],"curies":[{"name":"wp","href":"https:\/\/api.w.org\/{rel}","templated":true}]}}