{"id":1772,"date":"2019-06-17T12:28:51","date_gmt":"2019-10-28T14:03:46","guid":{"rendered":"http:\/\/www.cleanflowfilter.nl\/?post_type=product&#038;p=1772"},"modified":"2019-11-01T10:07:43","modified_gmt":"2019-11-01T09:07:43","slug":"melt-blown-filterkerzen","status":"publish","type":"product","link":"https:\/\/www.cleanflowfilter.nl\/de\/kerzenfilter-de\/tiefenfilterkerzen\/melt-blown-filterkerzen\/","title":{"rendered":"Melt Blown Filterkerzen"},"content":{"rendered":"<h2>Polypropylen Melt Blown Filterkerzen sorgen f\u00fcr eine hohe Schmutzaufnahmekapazit\u00e4t und gleichbleibende Leistung.<\/h2>\n<ul>\n<li>Gestufte Porenstruktur erh\u00f6ht die Filter Effizienz<\/li>\n<li>Starre Filtermedienstruktur der nicht \u00a0komprimiert als der Differenzdruck steigt<\/li>\n<li>100% Polypropylen-Konstruktion f\u00fcr umweltfreundliche Entsorgung oder Wiederverwertung<\/li>\n<li>Nicht faser abgebendes Matrix<\/li>\n<li>Die Filterkerzen sind frei von Tensiden, Bindemittel, Antistatikmittel und Klebstoffe<\/li>\n<li>Mikron Bewertungen: 0,5 \u2013 100 \u00b5m<\/li>\n<li>Filterkerzenl\u00e4nge: 4 \u201e- 50\u201c<\/li>\n<\/ul>\n<p><b>Puris-Fine<\/b>\u00a0\u2013 Standard<br \/>\n<b>Puris-Fine BB<\/b> \u2013\u00a0Gro\u00dfer Durchmesser f\u00fcr den Einsatz in Big Blue Geh\u00e4use<br \/>\n<b>Superior-Fine<\/b> \u2013\u00a0Hohe Qualit\u00e4t absolut Typ<br \/>\n<b>Poly-ADCT<\/b>\u00a0 \u2013\u00a0Zentralkern f\u00fcr zus\u00e4tzliche Stabilit\u00e4t<\/p>\n","protected":false},"excerpt":{"rendered":"<h2>Polypropylen Melt Blown Filterkerzen sorgen f\u00fcr eine hohe Schmutzaufnahmekapazit\u00e4t und gleichbleibende Leistung.<\/h2>\n<ul>\n<li>Gestufte Porenstruktur erh\u00f6ht die Filter Effizienz<\/li>\n<li>Starre Filtermedienstruktur der nicht  komprimiert als der Differenzdruck steigt<\/li>\n<li>100% Polypropylen-Konstruktion f\u00fcr umweltfreundliche Entsorgung oder Wiederverwertung<\/li>\n<li>Nicht faser abgebendes Matrix<\/li>\n<li>Die Filterkerzen sind frei von Tensiden, Bindemittel, Antistatikmittel und Klebstoffe<\/li>\n<li>Mikron Bewertungen: 0,5 \u2013 100 \u00b5m<\/li>\n<li>Filterkerzenl\u00e4nge: 4 \u201e- 50\u201c<\/li>\n<\/ul>\n<span class=\"collapseomatic \" id=\"id69e9b274328f8\"  tabindex=\"0\" title=\"lesen Sie mehr\"    >lesen Sie mehr<\/span><div id=\"target-id69e9b274328f8\" class=\"collapseomatic_content \"><\/p>\n<p><b>Puris-Fine<\/b> \u2013 Standard<br \/>\n<b>Puris-Fine BB<\/b> \u2013 Gro\u00dfer Durchmesser f\u00fcr den Einsatz in Big Blue Geh\u00e4use<br \/>\n<b>Superior-Fine<\/b> \u2013 Hohe Qualit\u00e4t absolut Typ<br \/>\n<b>Poly-ADCT<\/b>  \u2013 Zentralkern f\u00fcr zus\u00e4tzliche Stabilit\u00e4t<\/p>\n<p><\/div>\n<p><a href=\"\/angebot\/\" target=\"_self\"><button type=\"button\">Angebot anfordern <\/button><\/a><\/p>\n","protected":false},"featured_media":325,"comment_status":"closed","ping_status":"closed","template":"","meta":{"_glsr_average":0,"_glsr_ranking":0,"_glsr_reviews":0,"wds_primary_product_cat":0},"product_cat":[89,144],"product_tag":[],"_links":{"self":[{"href":"https:\/\/www.cleanflowfilter.nl\/de\/wp-json\/wp\/v2\/product\/1772"}],"collection":[{"href":"https:\/\/www.cleanflowfilter.nl\/de\/wp-json\/wp\/v2\/product"}],"about":[{"href":"https:\/\/www.cleanflowfilter.nl\/de\/wp-json\/wp\/v2\/types\/product"}],"replies":[{"embeddable":true,"href":"https:\/\/www.cleanflowfilter.nl\/de\/wp-json\/wp\/v2\/comments?post=1772"}],"wp:featuredmedia":[{"embeddable":true,"href":"https:\/\/www.cleanflowfilter.nl\/de\/wp-json\/wp\/v2\/media\/325"}],"wp:attachment":[{"href":"https:\/\/www.cleanflowfilter.nl\/de\/wp-json\/wp\/v2\/media?parent=1772"}],"wp:term":[{"taxonomy":"product_cat","embeddable":true,"href":"https:\/\/www.cleanflowfilter.nl\/de\/wp-json\/wp\/v2\/product_cat?post=1772"},{"taxonomy":"product_tag","embeddable":true,"href":"https:\/\/www.cleanflowfilter.nl\/de\/wp-json\/wp\/v2\/product_tag?post=1772"}],"curies":[{"name":"wp","href":"https:\/\/api.w.org\/{rel}","templated":true}]}}