{"id":1775,"date":"2019-06-17T10:05:10","date_gmt":"2019-10-28T14:14:40","guid":{"rendered":"http:\/\/www.cleanflowfilter.nl\/?post_type=product&#038;p=1775"},"modified":"2021-06-07T10:44:05","modified_gmt":"2021-06-07T09:44:05","slug":"304-edelstahl-filterbeutel","status":"publish","type":"product","link":"https:\/\/www.cleanflowfilter.nl\/de\/beutelfilters-de\/304-edelstahl-filterbeutel\/","title":{"rendered":"304 Edelstahl Filterbeutel"},"content":{"rendered":"<h2>Edelstahl 304 Filterbeutel aus Edelstahlgewebe<\/h2>\n<p>Suchen Sie einen kosteng\u00fcnstigeren Ersatz f\u00fcr traditionelle Hochtemperaturfilterbeutel von Nomex, Teflon und Fiberglas? Suchen Sie nicht weiter, denn CleanFlow bietet einen Filterbeutel aus 304-Edelstahlgewebe. Dieser Filterbeutel hat eine starre Poren\u00f6ffnungsstruktur, die eine begrenzte Anzahl von Malen aufgewickelt werden kann. Die Druckdifferenz ist akzeptabel, wodurch das Austauschintervall l\u00e4nger wird, was die Produktionskosten verbessert.<\/p>\n<p>Wie Filterbeutel aus herk\u00f6mmlichen Materialien sollte der RVS-Filterbeutel auch in einem R\u00fcckhaltesystem oder Korb f\u00fcr die notwendige Unterst\u00fctzung untergebracht werden. Dank der st\u00e4rkeren Elastizit\u00e4t, die h\u00f6her als der normale Ersatzdruckunterschied ist, haben Sie l\u00e4ngere Wechselintervalle und die weiteren Betriebskosten werden reduziert.<\/p>\n<p><strong>Eigenschaften:<\/strong><\/p>\n<ul>\n<li>Hohe Temperaturbest\u00e4ndigkeit bis 250 \u00b0 C<\/li>\n<li>Gute Dehnbarkeit Beschr\u00e4nkte Anzahl von Malen<\/li>\n<li>35 ~ 800 Mikronage, absolut<\/li>\n<li>SS 304 Edelstahl-Schnappring<\/li>\n<li>Kompatibel mit vielen Chemikalien<\/li>\n<li>L\u00f6sungsmittel und Fasern k\u00f6nnen nicht freigesetzt werden<\/li>\n<li>Ersatzdifferenzdruck 0,15 MPa, max. 0,20 MPa<\/li>\n<\/ul>\n<p><strong>Typische anwendungen:<\/strong><\/p>\n<ul>\n<li>Speisen und Getr\u00e4nke<\/li>\n<li>Abwasser und Prozesswasser<\/li>\n<li>Chemische und petrochemische<\/li>\n<li>Raffinerien<\/li>\n<\/ul>\n","protected":false},"excerpt":{"rendered":"<h2>Edelstahl 304 Filterbeutel aus Edelstahlgewebe<\/h2>\n<p>Suchen Sie einen kosteng\u00fcnstigeren Ersatz f\u00fcr traditionelle Hochtemperaturfilterbeutel von Nomex, Teflon und Fiberglas? Suchen Sie nicht weiter, denn CleanFlow bietet einen Filterbeutel aus 304-Edelstahlgewebe. Dieser Filterbeutel hat eine starre Poren\u00f6ffnungsstruktur, die eine begrenzte Anzahl von Malen aufgewickelt werden kann. Die Druckdifferenz ist akzeptabel, wodurch das Austauschintervall l\u00e4nger wird, was die Produktionskosten verbessert.<\/p>\n<span class=\"collapseomatic \" id=\"id69f2e9f34bedd\"  tabindex=\"0\" title=\"lesen Sie mehr\"    >lesen Sie mehr<\/span><div id=\"target-id69f2e9f34bedd\" class=\"collapseomatic_content \"><\/p>\n<p>Wie Filterbeutel aus herk\u00f6mmlichen Materialien sollte der RVS-Filterbeutel auch in einem R\u00fcckhaltesystem oder Korb f\u00fcr die notwendige Unterst\u00fctzung untergebracht werden. Dank der st\u00e4rkeren Elastizit\u00e4t, die h\u00f6her als der normale Ersatzdruckunterschied ist, haben Sie l\u00e4ngere Wechselintervalle und die weiteren Betriebskosten werden reduziert.<\/p>\n<p><strong>Eigenschaften:<\/strong><\/p>\n<ul>\n<li>Hohe Temperaturbest\u00e4ndigkeit bis 350 \u00b0 C<\/li>\n<li>Gute Dehnbarkeit Beschr\u00e4nkte Anzahl von Malen<\/li>\n<li>35 ~ 800 Mikronage, absolut<\/li>\n<li>SS 304 Edelstahl-Schnappring<\/li>\n<li>Kompatibel mit vielen Chemikalien<\/li>\n<li>L\u00f6sungsmittel und Fasern k\u00f6nnen nicht freigesetzt werden<\/li>\n<li>Ersatzdifferenzdruck 0,15 MPa, max. 0,20 MPa<\/li>\n<\/ul>\n<p><strong>Typische anwendungen:<\/strong><\/p>\n<ul>\n<li>Speisen und Getr\u00e4nke<\/li>\n<li>Abwasser und Prozesswasser<\/li>\n<li>Chemische und petrochemische<\/li>\n<li>Raffinerien<\/li>\n<\/ul>\n<p><\/div>\n<p><a href=\"\/angebot\/\" target=\"_self\" rel=\"noopener\"><button type=\"button\">Angebot anfordern <\/button><\/a><\/p>\n","protected":false},"featured_media":291,"comment_status":"closed","ping_status":"closed","template":"","meta":{"_glsr_average":0,"_glsr_ranking":0,"_glsr_reviews":0,"wds_primary_product_cat":0},"product_cat":[87],"product_tag":[],"_links":{"self":[{"href":"https:\/\/www.cleanflowfilter.nl\/de\/wp-json\/wp\/v2\/product\/1775"}],"collection":[{"href":"https:\/\/www.cleanflowfilter.nl\/de\/wp-json\/wp\/v2\/product"}],"about":[{"href":"https:\/\/www.cleanflowfilter.nl\/de\/wp-json\/wp\/v2\/types\/product"}],"replies":[{"embeddable":true,"href":"https:\/\/www.cleanflowfilter.nl\/de\/wp-json\/wp\/v2\/comments?post=1775"}],"wp:featuredmedia":[{"embeddable":true,"href":"https:\/\/www.cleanflowfilter.nl\/de\/wp-json\/wp\/v2\/media\/291"}],"wp:attachment":[{"href":"https:\/\/www.cleanflowfilter.nl\/de\/wp-json\/wp\/v2\/media?parent=1775"}],"wp:term":[{"taxonomy":"product_cat","embeddable":true,"href":"https:\/\/www.cleanflowfilter.nl\/de\/wp-json\/wp\/v2\/product_cat?post=1775"},{"taxonomy":"product_tag","embeddable":true,"href":"https:\/\/www.cleanflowfilter.nl\/de\/wp-json\/wp\/v2\/product_tag?post=1775"}],"curies":[{"name":"wp","href":"https:\/\/api.w.org\/{rel}","templated":true}]}}