{"id":1777,"date":"2019-06-17T08:10:54","date_gmt":"2019-10-28T14:18:10","guid":{"rendered":"http:\/\/www.cleanflowfilter.nl\/?post_type=product&#038;p=1777"},"modified":"2019-11-01T10:24:30","modified_gmt":"2019-11-01T09:24:30","slug":"filterbeutel-mit-tiefenfiltermedien-fuer-eine-laengere-lebensdauer","status":"publish","type":"product","link":"https:\/\/www.cleanflowfilter.nl\/de\/beutelfilters-de\/filterbeutel-mit-tiefenfiltermedien-fuer-eine-laengere-lebensdauer\/","title":{"rendered":"Filterbeutel mit Tiefenfiltermedien f\u00fcr eine l\u00e4ngere Lebensdauer"},"content":{"rendered":"<h2>L\u00e4ngere Lebensdauer, komplett geschwei\u00dfte Konstruktion<\/h2>\n<ul>\n<li>Die vollst\u00e4ndig geschwei\u00dfte Konstruktion bietet eine h\u00f6here Effizienz und eliminiert die M\u00f6glichkeit eines Fl\u00fcssigkeits-Bypasses<\/li>\n<li>Silikon\u00f6lfreie Baumaterialien und Herstellungsverfahren<\/li>\n<li>Filtermedien sorgen f\u00fcr echte Tiefenfiltration \u2013 Verbessert die Filtration von Gelen, Fl\u00fcssigkeiten mit breiter Partikelverteilung und Partikel mit unregelm\u00e4\u00dfigen Formen<\/li>\n<li>Mit Kunststoff- und Metallring f\u00fcr einen breiten Temperaturbereich angeboten<\/li>\n<li>Verschmutzungen werden auf der Innenseite des Filterbeutels eingeschlossen, um gleichbleibende Ergebnisse zu erzielen<\/li>\n<li>Eine breite Palette exklusiver Filtermedien gew\u00e4hrleistet eine hervorragende Filtrationsleistung und eine h\u00f6here Zuglast<\/li>\n<li>Einfach auszutauschen, reduziert Ausfallzeiten und Wartungskosten<\/li>\n<li>Kompaktes Abfallvolumen<\/li>\n<li>Polypropylen-FXL-Taschen werden aus FDA-registrierten Materialien hergestellt, FDA-zertifiziertes Polyester ist auf Anfrage erh\u00e4ltlich<\/li>\n<li>Ideal f\u00fcr Batchprozesse<\/li>\n<li>Produziert mit einem ISO 9001 Qualit\u00e4tssystem<\/li>\n<\/ul>\n<p><strong>Anwendungen:<\/strong><\/p>\n<ul>\n<li>Automobilindustrie<\/li>\n<li>Wasseraufbereitung<\/li>\n<li>Chemie &amp; Petrochemie<\/li>\n<li>Getr\u00e4nke<\/li>\n<li>Speise\u00f6l<\/li>\n<li>Apotheke<\/li>\n<li>K\u00e4ltemittel<\/li>\n<li>Galvanisieren<\/li>\n<li>Viele andere<\/li>\n<\/ul>\n<p><strong>Vorteile:<\/strong><\/p>\n<ul>\n<li>Einfache Installation \u2013 keine Werkzeuge erforderlich<\/li>\n<li>Doppelte Ausf\u00fchrung \u2013 Kunststoffkragen zur Verhinderung von Bypass<\/li>\n<li>Ultradicke Medien \u2013 f\u00fcr besonders hohe Schmutzentfernungskapazit\u00e4t<\/li>\n<li>Die Au\u00dfenschicht ist ultraschallgeschwei\u00dft \u2013 Bypass-frei und bessere Verarbeitung<\/li>\n<li>Niedrige Entsorgungskosten \u2013 zur Verbesserung der Produktionskosten<\/li>\n<\/ul>\n<p><strong>Produktspezifikationen:<\/strong><\/p>\n<ul>\n<li>Filtermedium: Nadelgestanztes Polypropylen, Nadelfilz-Polyester<\/li>\n<li>Ring: Polypropylen, Polyester, Edelstahl<\/li>\n<li>Dichtung: komplett verschwei\u00dft<\/li>\n<\/ul>\n<p><strong>Abmessungen (nominal):<\/strong><\/p>\n<p>In der Tabelle finden Sie die Abmessungen der Filterbeutel und die typischen Fl\u00fcssigkeitsflussraten<\/p>\n","protected":false},"excerpt":{"rendered":"<h2>L\u00e4ngere Lebensdauer, komplett geschwei\u00dfte Konstruktion<\/h2>\n<ul>\n<li>Die vollst\u00e4ndig geschwei\u00dfte Konstruktion bietet eine h\u00f6here Effizienz und eliminiert die M\u00f6glichkeit eines Fl\u00fcssigkeits-Bypasses<\/li>\n<li>Silikon\u00f6lfreie Baumaterialien und Herstellungsverfahren<\/li>\n<li>Filtermedien sorgen f\u00fcr echte Tiefenfiltration \u2013 Verbessert die Filtration von Gelen, Fl\u00fcssigkeiten mit breiter Partikelverteilung und Partikel mit unregelm\u00e4\u00dfigen Formen<\/li>\n<li>Mit Kunststoff- und Metallring f\u00fcr einen breiten Temperaturbereich angeboten<\/li>\n<li>Verschmutzungen werden auf der Innenseite des Filterbeutels eingeschlossen, um gleichbleibende Ergebnisse zu erzielen<\/li>\n<li>Eine breite Palette exklusiver Filtermedien gew\u00e4hrleistet eine hervorragende Filtrationsleistung und eine h\u00f6here Zuglast<\/li>\n<li>Einfach auszutauschen, reduziert Ausfallzeiten und Wartungskosten<\/li>\n<li>Kompaktes Abfallvolumen<\/li>\n<li>Polypropylen-FXL-Taschen werden aus FDA-registrierten Materialien hergestellt, FDA-zertifiziertes Polyester ist auf Anfrage erh\u00e4ltlich<\/li>\n<li>Ideal f\u00fcr Batchprozesse<\/li>\n<li>Produziert mit einem ISO 9001 Qualit\u00e4tssystem<\/li>\n<\/ul>\n<span class=\"collapseomatic \" id=\"id69fa48b49a130\"  tabindex=\"0\" title=\"lesen Sie mehr\"    >lesen Sie mehr<\/span><div id=\"target-id69fa48b49a130\" class=\"collapseomatic_content \"><\/p>\n<p><strong>Anwendungen:<\/strong><\/p>\n<ul>\n<li>Automobilindustrie<\/li>\n<li>Wasseraufbereitung<\/li>\n<li>Chemie &amp; Petrochemie<\/li>\n<li>Getr\u00e4nke<\/li>\n<li>Speise\u00f6l<\/li>\n<li>Apotheke<\/li>\n<li>K\u00e4ltemittel<\/li>\n<li>Galvanisieren<\/li>\n<li>Viele andere<\/li>\n<\/ul>\n<p><strong>Vorteile:<\/strong><\/p>\n<ul>\n<li>Einfache Installation \u2013 keine Werkzeuge erforderlich<\/li>\n<li>Doppelte Ausf\u00fchrung \u2013 Kunststoffkragen zur Verhinderung von Bypass<\/li>\n<li>Ultradicke Medien \u2013 f\u00fcr besonders hohe Schmutzentfernungskapazit\u00e4t<\/li>\n<li>Die Au\u00dfenschicht ist ultraschallgeschwei\u00dft \u2013 Bypass-frei und bessere Verarbeitung<\/li>\n<li>Niedrige Entsorgungskosten \u2013 zur Verbesserung der Produktionskosten<\/li>\n<\/ul>\n<p><strong>Produktspezifikationen:<\/strong><\/p>\n<ul>\n<li>Filtermedium: Nadelgestanztes Polypropylen, Nadelfilz-Polyester<\/li>\n<li>Ring: Polypropylen, Polyester, Edelstahl<\/li>\n<li>Dichtung: komplett verschwei\u00dft<\/li>\n<\/ul>\n<p><strong>Abmessungen (nominal):<\/strong><\/p>\n<p>In der Tabelle finden Sie die Abmessungen der Filterbeutel und die typischen Fl\u00fcssigkeitsflussraten<\/p>\n<p><\/div>\n<p><a href=\"\/angebot\/\" target=\"_self\"><button type=\"button\">Angebot anfordern <\/button><\/a><\/p>\n","protected":false},"featured_media":251,"comment_status":"closed","ping_status":"closed","template":"","meta":{"_glsr_average":0,"_glsr_ranking":0,"_glsr_reviews":0,"wds_primary_product_cat":0},"product_cat":[87],"product_tag":[],"_links":{"self":[{"href":"https:\/\/www.cleanflowfilter.nl\/de\/wp-json\/wp\/v2\/product\/1777"}],"collection":[{"href":"https:\/\/www.cleanflowfilter.nl\/de\/wp-json\/wp\/v2\/product"}],"about":[{"href":"https:\/\/www.cleanflowfilter.nl\/de\/wp-json\/wp\/v2\/types\/product"}],"replies":[{"embeddable":true,"href":"https:\/\/www.cleanflowfilter.nl\/de\/wp-json\/wp\/v2\/comments?post=1777"}],"wp:featuredmedia":[{"embeddable":true,"href":"https:\/\/www.cleanflowfilter.nl\/de\/wp-json\/wp\/v2\/media\/251"}],"wp:attachment":[{"href":"https:\/\/www.cleanflowfilter.nl\/de\/wp-json\/wp\/v2\/media?parent=1777"}],"wp:term":[{"taxonomy":"product_cat","embeddable":true,"href":"https:\/\/www.cleanflowfilter.nl\/de\/wp-json\/wp\/v2\/product_cat?post=1777"},{"taxonomy":"product_tag","embeddable":true,"href":"https:\/\/www.cleanflowfilter.nl\/de\/wp-json\/wp\/v2\/product_tag?post=1777"}],"curies":[{"name":"wp","href":"https:\/\/api.w.org\/{rel}","templated":true}]}}