{"id":1778,"date":"2019-06-14T13:20:47","date_gmt":"2019-10-28T14:22:25","guid":{"rendered":"http:\/\/www.cleanflowfilter.nl\/?post_type=product&#038;p=1778"},"modified":"2019-11-01T10:13:43","modified_gmt":"2019-11-01T09:13:43","slug":"monofilament-filterbeutel","status":"publish","type":"product","link":"https:\/\/www.cleanflowfilter.nl\/de\/beutelfilters-de\/monofilament-filterbeutel\/","title":{"rendered":"Monofilament Filterbeutel"},"content":{"rendered":"<h2>Monofilamentfilterbeutel mit gro\u00dfer Schmutzkapazit\u00e4t<\/h2>\n<ul>\n<li>Nominale Entfernungseffizienz von 20 bis 800 \u03bcm<\/li>\n<li>Verf\u00fcgbar in allen Standardgr\u00f6\u00dfen<\/li>\n<li>Verf\u00fcgbar f\u00fcr alle Standard Filterh\u00e4user<\/li>\n<li>Gro\u00dfe chemische Kompatibilit\u00e4t<\/li>\n<li>Hoher Durchfluss \u2013 geringer Druckunterschied<\/li>\n<li>In einigen F\u00e4llen waschbar und wiederverwendbar<\/li>\n<li>Keine Fasern freisetzen<\/li>\n<li>Entfernungseffizienz ist genauer als Filzbeutel<\/li>\n<li>Best\u00e4ndig gegen Freisetzung von Kontamination<\/li>\n<li>Hervorragender Vorfilter \u2013 einfach zu entfernen<\/li>\n<li>Hergestellt mit zertifiziertem ISO 9001 Qualit\u00e4tssystem<\/li>\n<\/ul>\n<p><strong>Anwendungen:<\/strong><\/p>\n<ul>\n<li>Automobilindustrie<\/li>\n<li>Wasseraufbereitung<\/li>\n<li>Chemische Industrie<\/li>\n<li>Farben und Lacke<\/li>\n<li>Viele andere<\/li>\n<\/ul>\n<p><strong>Produktspezifikationen:<\/strong><\/p>\n<ul>\n<li>Filtermedien: Nylon-Monofilament<\/li>\n<li>Ring: Polypropylen, Polyester, Edelstahl<\/li>\n<li>Versiegelung: gen\u00e4ht<\/li>\n<\/ul>\n<p><strong>Vorteile:<\/strong><\/p>\n<ul>\n<li>Einfache Installation \u2013 keine Werkzeuge erforderlich<\/li>\n<li>Doppelte Dichtung \u2013 Kunststoffkragen zur Vermeidung von Bypass<\/li>\n<li>Aus robustem Material \u2013 gleichzeitig stabil und flexibel f\u00fcr besseren Halt im Tragekorb<\/li>\n<li>Verf\u00fcgbare Gr\u00f6\u00dfen \u2013 Verf\u00fcgbar in allen Standardgr\u00f6\u00dfen, aber auch nach Ma\u00df f\u00fcr optimale Prozessanpassung<\/li>\n<li>Geringe Entsorgungskosten zur Verbesserung der Produktionskosten<br \/>\nMonofilament-Filterbeutel<\/li>\n<\/ul>\n<p><strong>Leistungsspezifikationen:<\/strong><\/p>\n<p>Entfernungseffizienz: NMO 20 ~ 800\u03bcm<\/p>\n<p>&nbsp;<\/p>\n<p>&nbsp;<\/p>\n","protected":false},"excerpt":{"rendered":"<h2>Monofilamentfilterbeutel mit gro\u00dfer Schmutzkapazit\u00e4t<\/h2>\n<ul>\n<li>Nominale Entfernungseffizienz von 20 bis 800 \u03bcm<\/li>\n<li>Verf\u00fcgbar in allen Standardgr\u00f6\u00dfen<\/li>\n<li>Verf\u00fcgbar f\u00fcr alle Standard Filterh\u00e4user<\/li>\n<li>Gro\u00dfe chemische Kompatibilit\u00e4t<\/li>\n<li>Hoher Durchfluss \u2013 geringer Druckunterschied<\/li>\n<li>In einigen F\u00e4llen waschbar und wiederverwendbar<\/li>\n<li>Keine Fasern freisetzen<\/li>\n<li>Entfernungseffizienz ist genauer als Filzbeutel<\/li>\n<li>Best\u00e4ndig gegen Freisetzung von Kontamination<\/li>\n<li>Hervorragender Vorfilter \u2013 einfach zu entfernen<\/li>\n<li>Hergestellt mit zertifiziertem ISO 9001 Qualit\u00e4tssystem<\/li>\n<\/ul>\n<span class=\"collapseomatic \" id=\"id69f3ef27c9f74\"  tabindex=\"0\" title=\"lesen Sie mehr\"    >lesen Sie mehr<\/span><div id=\"target-id69f3ef27c9f74\" class=\"collapseomatic_content \"><\/p>\n<p><strong>Anwendungen:<\/strong><\/p>\n<ul>\n<li>Automobilindustrie<\/li>\n<li>Wasseraufbereitung<\/li>\n<li>Chemische Industrie<\/li>\n<li>Farben und Lacke<\/li>\n<li>Viele andere<\/li>\n<\/ul>\n<p><strong>Produktspezifikationen:<\/strong><\/p>\n<ul>\n<li>Filtermedien: Nylon-Monofilament<\/li>\n<li>Ring: Polypropylen, Polyester, Edelstahl<\/li>\n<li>Versiegelung: gen\u00e4ht<\/li>\n<\/ul>\n<p><strong>Vorteile:<\/strong><\/p>\n<ul>\n<li>Einfache Installation \u2013 keine Werkzeuge erforderlich<\/li>\n<li>Doppelte Dichtung \u2013 Kunststoffkragen zur Vermeidung von Bypass<\/li>\n<li>Aus robustem Material \u2013 gleichzeitig stabil und flexibel f\u00fcr besseren Halt im Tragekorb<\/li>\n<li>Verf\u00fcgbare Gr\u00f6\u00dfen \u2013 Verf\u00fcgbar in allen Standardgr\u00f6\u00dfen, aber auch nach Ma\u00df f\u00fcr optimale Prozessanpassung<\/li>\n<li>Geringe Entsorgungskosten zur Verbesserung der Produktionskosten<br \/>\nMonofilament-Filterbeutel<\/li>\n<\/ul>\n<p><strong>Leistungsspezifikationen:<\/strong><\/p>\n<p>Entfernungseffizienz: NMO 20 ~ 800\u03bcm<\/p>\n<p>&nbsp;<\/p>\n<p>&nbsp;<\/p>\n<p><\/div>\n<p><a href=\"\/angebot\/\" target=\"_self\"><button type=\"button\">Angebot anfordern <\/button><\/a><\/p>\n","protected":false},"featured_media":201,"comment_status":"closed","ping_status":"closed","template":"","meta":{"_glsr_average":0,"_glsr_ranking":0,"_glsr_reviews":0,"wds_primary_product_cat":0},"product_cat":[87],"product_tag":[],"_links":{"self":[{"href":"https:\/\/www.cleanflowfilter.nl\/de\/wp-json\/wp\/v2\/product\/1778"}],"collection":[{"href":"https:\/\/www.cleanflowfilter.nl\/de\/wp-json\/wp\/v2\/product"}],"about":[{"href":"https:\/\/www.cleanflowfilter.nl\/de\/wp-json\/wp\/v2\/types\/product"}],"replies":[{"embeddable":true,"href":"https:\/\/www.cleanflowfilter.nl\/de\/wp-json\/wp\/v2\/comments?post=1778"}],"wp:featuredmedia":[{"embeddable":true,"href":"https:\/\/www.cleanflowfilter.nl\/de\/wp-json\/wp\/v2\/media\/201"}],"wp:attachment":[{"href":"https:\/\/www.cleanflowfilter.nl\/de\/wp-json\/wp\/v2\/media?parent=1778"}],"wp:term":[{"taxonomy":"product_cat","embeddable":true,"href":"https:\/\/www.cleanflowfilter.nl\/de\/wp-json\/wp\/v2\/product_cat?post=1778"},{"taxonomy":"product_tag","embeddable":true,"href":"https:\/\/www.cleanflowfilter.nl\/de\/wp-json\/wp\/v2\/product_tag?post=1778"}],"curies":[{"name":"wp","href":"https:\/\/api.w.org\/{rel}","templated":true}]}}