{"id":1785,"date":"2019-06-14T12:15:14","date_gmt":"2019-10-28T14:25:36","guid":{"rendered":"http:\/\/www.cleanflowfilter.nl\/?post_type=product&#038;p=1785"},"modified":"2019-11-01T10:14:28","modified_gmt":"2019-11-01T09:14:28","slug":"nadelfilz-filterbeutel","status":"publish","type":"product","link":"https:\/\/www.cleanflowfilter.nl\/de\/beutelfilters-de\/nadelfilz-filterbeutel\/","title":{"rendered":"Nadelfilz Filterbeutel"},"content":{"rendered":"<h2>Hohe Abtragsleistung\u00a0von Nadelfilzbeuteln<\/h2>\n<ul>\n<li>Unsere breite Palette an Nadelfilterbeutel, die aus exklusiven Medien mit hoher und gleichbleibender Qualit\u00e4t hergestellt werden, bietet eine hervorragende\u00a0Filtrationsleistung<\/li>\n<li>Erh\u00e4ltlich mit Kunststoffring und Metallring f\u00fcr einen gro\u00dfen Temperaturbereich<\/li>\n<li>Gen\u00e4hte Konstruktion<\/li>\n<li>Optionale vollst\u00e4ndig geschwei\u00dfte Konstruktion f\u00fcr eine effizientere Filtration und weniger Gefahr von Fl\u00fcssigkeitsbypass<\/li>\n<li>Die Partikel sind im Inneren des Beutels gefangen, so dass der Austausch hygienischer ist<\/li>\n<li>Einfacher Austausch reduziert die Ausfallzeit<\/li>\n<li>Kompaktes Abfallvolumen<\/li>\n<li>Polypropylen-Filz ist FDA-zugelassen f\u00fcr den Kontakt mit Lebensmitteln und Getr\u00e4nken<\/li>\n<li>Endbearbeitung frei von Silikon\u00f6l, verhindert Lochfra\u00df, der eine glattere Oberfl\u00e4che schafft, das betrifft haupts\u00e4chlich den Farbenmark<\/li>\n<li>Smooth Finish verhindert\u00a0Faserbewegung<\/li>\n<li>Ideale L\u00f6sung f\u00fcr die\u00a0Serienfertigun<\/li>\n<li>Hergestellt mit einem ISO 9001 Qualit\u00e4tssystem<\/li>\n<\/ul>\n<p><strong>Anwendungen:<\/strong><\/p>\n<ul>\n<li>Automobilindustrie<\/li>\n<li>Wasseraufbereitung<\/li>\n<li>Apotheke<\/li>\n<li>Essen und Trinken<\/li>\n<li>Chemische Industrie<\/li>\n<li>Farben und Lacke<\/li>\n<li>Viele andere<\/li>\n<\/ul>\n<p><strong>Vorteile:<\/strong><\/p>\n<ul>\n<li>Einfache Installation \u2013 keine Werkzeuge erforderlich<\/li>\n<li>Double Finish \u2013 Kunststoffkragen zur Vermeidung von Bypass<\/li>\n<li>Stabile Materialzusammensetzung \u2013 gleichzeitig stabil und flexibel f\u00fcr besseren Halt im St\u00fctzkorb<\/li>\n<li>Verf\u00fcgbare Gr\u00f6\u00dfen \u2013 Alle Standardgr\u00f6\u00dfen, aber auch f\u00fcr optimale Prozessanpassung<\/li>\n<li>Hohe Schmutzbelastung \u2013 um eine lange Standzeit zu gew\u00e4hrleisten<\/li>\n<li>Geringe Entsorgungskosten \u2013 um die Kosten weiter zu verbessern<\/li>\n<\/ul>\n","protected":false},"excerpt":{"rendered":"<h2>Hohe Abtragsleistung von Nadelfilzbeuteln<\/h2>\n<ul>\n<li>Unsere breite Palette an Nadelfilterbeutel, die aus exklusiven Medien mit hoher und gleichbleibender Qualit\u00e4t hergestellt werden, bietet eine hervorragende Filtrationsleistung<\/li>\n<li>Erh\u00e4ltlich mit Kunststoffring und Metallring f\u00fcr einen gro\u00dfen Temperaturbereich<\/li>\n<li>Gen\u00e4hte Konstruktion<\/li>\n<li>Optionale vollst\u00e4ndig geschwei\u00dfte Konstruktion f\u00fcr eine effizientere Filtration und weniger Gefahr von Fl\u00fcssigkeitsbypass<\/li>\n<li>Die Partikel sind im Inneren des Beutels gefangen, so dass der Austausch hygienischer ist<\/li>\n<li>Einfacher Austausch reduziert die Ausfallzeit<\/li>\n<li>Kompaktes Abfallvolumen<\/li>\n<li>Polypropylen-Filz ist FDA-zugelassen f\u00fcr den Kontakt mit Lebensmitteln und Getr\u00e4nken<\/li>\n<li>Endbearbeitung frei von Silikon\u00f6l, verhindert Lochfra\u00df, der eine glattere Oberfl\u00e4che schafft, das betrifft haupts\u00e4chlich den Farbenmark<\/li>\n<li>Smooth Finish verhindert Faserbewegung<\/li>\n<li>Ideale L\u00f6sung f\u00fcr die Serienfertigun<\/li>\n<li>Hergestellt mit einem ISO 9001 Qualit\u00e4tssystem<\/li>\n<\/ul>\n<span class=\"collapseomatic \" id=\"id69f2fa0024b85\"  tabindex=\"0\" title=\"lesen Sie mehr\"    >lesen Sie mehr<\/span><div id=\"target-id69f2fa0024b85\" class=\"collapseomatic_content \"><\/p>\n<p><strong>Anwendungen:<\/strong><\/p>\n<ul>\n<li>Automobilindustrie<\/li>\n<li>Wasseraufbereitung<\/li>\n<li>Apotheke<\/li>\n<li>Essen und Trinken<\/li>\n<li>Chemische Industrie<\/li>\n<li>Farben und Lacke<\/li>\n<li>Viele andere<\/li>\n<\/ul>\n<p><strong>Vorteile:<\/strong><\/p>\n<ul>\n<li>Einfache Installation \u2013 keine Werkzeuge erforderlich<\/li>\n<li>Double Finish \u2013 Kunststoffkragen zur Vermeidung von Bypass<\/li>\n<li>Stabile Materialzusammensetzung \u2013 gleichzeitig stabil und flexibel f\u00fcr besseren Halt im St\u00fctzkorb<\/li>\n<li>Verf\u00fcgbare Gr\u00f6\u00dfen \u2013 Alle Standardgr\u00f6\u00dfen, aber auch f\u00fcr optimale Prozessanpassung<\/li>\n<li>Hohe Schmutzbelastung \u2013 um eine lange Standzeit zu gew\u00e4hrleisten<\/li>\n<li>Geringe Entsorgungskosten \u2013 um die Kosten weiter zu verbessern<\/li>\n<\/ul>\n<p><\/div>\n<p><a href=\"\/angebot\/\" target=\"_self\"><button type=\"button\">Angebot anfordern <\/button><\/a><\/p>\n","protected":false},"featured_media":171,"comment_status":"closed","ping_status":"closed","template":"","meta":{"_glsr_average":0,"_glsr_ranking":0,"_glsr_reviews":0,"wds_primary_product_cat":0},"product_cat":[87],"product_tag":[],"_links":{"self":[{"href":"https:\/\/www.cleanflowfilter.nl\/de\/wp-json\/wp\/v2\/product\/1785"}],"collection":[{"href":"https:\/\/www.cleanflowfilter.nl\/de\/wp-json\/wp\/v2\/product"}],"about":[{"href":"https:\/\/www.cleanflowfilter.nl\/de\/wp-json\/wp\/v2\/types\/product"}],"replies":[{"embeddable":true,"href":"https:\/\/www.cleanflowfilter.nl\/de\/wp-json\/wp\/v2\/comments?post=1785"}],"wp:featuredmedia":[{"embeddable":true,"href":"https:\/\/www.cleanflowfilter.nl\/de\/wp-json\/wp\/v2\/media\/171"}],"wp:attachment":[{"href":"https:\/\/www.cleanflowfilter.nl\/de\/wp-json\/wp\/v2\/media?parent=1785"}],"wp:term":[{"taxonomy":"product_cat","embeddable":true,"href":"https:\/\/www.cleanflowfilter.nl\/de\/wp-json\/wp\/v2\/product_cat?post=1785"},{"taxonomy":"product_tag","embeddable":true,"href":"https:\/\/www.cleanflowfilter.nl\/de\/wp-json\/wp\/v2\/product_tag?post=1785"}],"curies":[{"name":"wp","href":"https:\/\/api.w.org\/{rel}","templated":true}]}}